{"id":2308,"date":"2024-02-20T09:36:19","date_gmt":"2024-02-20T09:36:19","guid":{"rendered":"https:\/\/pedrocasiano.es\/?page_id=2308"},"modified":"2024-02-24T19:31:01","modified_gmt":"2024-02-24T19:31:01","slug":"andaluz-lenguaje-o-dialecto-o","status":"publish","type":"page","link":"https:\/\/pedrocasiano.es\/?page_id=2308","title":{"rendered":"Andaluz, Lenguaje o Dialecto, o&#8230;"},"content":{"rendered":"\n<div class=\"wp-block-media-text is-stacked-on-mobile is-vertically-aligned-top\" style=\"grid-template-columns:37% auto\"><figure class=\"wp-block-media-text__media\"><img decoding=\"async\" width=\"1024\" height=\"680\" data-src=\"https:\/\/pedrocasiano.es\/wp-content\/uploads\/2024\/02\/image-93.jpeg\" alt=\"No hay ninguna descripci\u00f3n de la foto disponible.\" class=\"wp-image-2309 size-full lazyload\" src=\"data:image\/svg+xml;base64,PHN2ZyB3aWR0aD0iMSIgaGVpZ2h0PSIxIiB4bWxucz0iaHR0cDovL3d3dy53My5vcmcvMjAwMC9zdmciPjwvc3ZnPg==\" style=\"--smush-placeholder-width: 1024px; --smush-placeholder-aspect-ratio: 1024\/680;\" \/><\/figure><div class=\"wp-block-media-text__content\">\n<p>Es una de las muchas preguntas que se hace una persona que vive por estos pagos, \u00bfes el andaluz una lengua diferente del resto, un dialecto, o quiz\u00e1s una peque\u00f1a derivaci\u00f3n del castellano o espa\u00f1ol?<br>Lo primero que tenemos que definir es cuando se considera a una derivaci\u00f3n de un lenguaje como distinto del primitivo, y aqu\u00ed encontramos el primer problema, \u00bfCu\u00e1ndo empez\u00f3 el castellano a diferenciarse del vulgo lat\u00edn?<br>Bien es cierto que las diferencias son tan notables que hacerse entender en lat\u00edn no presupone ni much\u00edsimo menos comprender el castellano, sin embargo, viendo las diferencias entre las lenguas que se producen, gallego, catal\u00e1n, valenciano, no podemos decir lo mismo, pues basta un esfuerzo en atesorar las palabras que son totalmente distintas, para entenderlos en mayor o menor medida. Digan lo que digan los parlantes en ese idioma. Baste un ejemplo, \u00bfqu\u00e9 es m\u00e1s f\u00e1cil aprender valenciano o alem\u00e1n?, supongo que el valenciano, que casi utiliza las mismas reglas de construcci\u00f3n del castellano.<br>\u00bfCu\u00e1l es el momento en que se diferencian el castellano y el gallego?, habr\u00e1 teor\u00edas de todo signo, cualesquiera de ellas son v\u00e1lidas, no soy fil\u00f3logo, solo l\u00f3gico de andar por casa.<br>\u00bfHa existido ese momento con el andaluz?, no lo s\u00e9, no se siquiera si se puede considerar un dialecto, lo que, si s\u00e9, es que, si hablo r\u00e1pido, un castellano no me entiende, porque el andaluz tiene una regla que es la m\u00e1xima en un idioma hablado, la simplificaci\u00f3n.<br>\u00bfQu\u00e9 es la simplificaci\u00f3n?, simplemente utilizar el menor n\u00famero de vocablos o palabras para definir algo. Ejemplo, \u201ccucha\u201d, un andaluz sabe lo que es \u201cescucha\u201d, dos silabas en lugar de tres, econom\u00eda del lenguaje, \u201cmalange\u201d, por \u201cmal \u00e1ngel\u201d, las mismas silabas, s\u00ed, pero dilo en voz alta, te has quitado el diferenciar una palabra de otra, m\u00e1s econom\u00eda.<br>Es decir, un se\u00f1or de Valladolid, hablar\u00e1 un perfecto castellano, nosotros un p\u00e9simo castellano, pero un magn\u00edfico andaluz, que, con menos palabras, con menos s\u00edlabas, con menos esfuerzo, hace que nos entendamos perfectamente.<br>Por eso cuando veo escrito el andaluz, que pasa para casi todos por rampl\u00f3n y vulgar, yo me asombro de la inteligencia cotidiana de aquellos que lo hablan, que han sido capaces de mejorar, si mejorar, un idioma que a fin de cuentas se tiene que adecuar al paisaje, y ese horizonte, es el nuestro, no el de la meseta.<br>Francamente a m\u00ed me da igual si es un lenguaje, un dialecto, una vulgarizaci\u00f3n, lo que sea, lo que, si es cierto, es que cuando hablo en tertulia con los amigos, andaluces como yo, nos entendemos perfectamente con menos palabras y definimos en una sola de ellas, situaciones complejas, a pesar de que el de al lado, si no es de nuestra tierra, no se entere de \u201cna\u201d<br>\u2003<\/p>\n<\/div><\/div>\n","protected":false},"excerpt":{"rendered":"<p>Es una de las muchas preguntas que se hace una persona que vive por estos pagos, \u00bfes el andaluz una lengua diferente del resto, un dialecto, o quiz\u00e1s una peque\u00f1a derivaci\u00f3n del castellano o espa\u00f1ol?Lo primero que tenemos que definir es cuando se considera a una derivaci\u00f3n de un lenguaje como distinto del primitivo, y &hellip; <\/p>\n<p class=\"link-more\"><a href=\"https:\/\/pedrocasiano.es\/?page_id=2308\" class=\"more-link\">Leer m\u00e1s<span class=\"screen-reader-text\"> \u00abAndaluz, Lenguaje o Dialecto, o&#8230;\u00bb<\/span><\/a><\/p>\n","protected":false},"author":1,"featured_media":0,"parent":0,"menu_order":0,"comment_status":"closed","ping_status":"closed","template":"","meta":{"inspiro_hide_title":false,"footnotes":""},"class_list":["post-2308","page","type-page","status-publish","hentry"],"featured_media_urls":[],"_links":{"self":[{"href":"https:\/\/pedrocasiano.es\/index.php?rest_route=\/wp\/v2\/pages\/2308","targetHints":{"allow":["GET"]}}],"collection":[{"href":"https:\/\/pedrocasiano.es\/index.php?rest_route=\/wp\/v2\/pages"}],"about":[{"href":"https:\/\/pedrocasiano.es\/index.php?rest_route=\/wp\/v2\/types\/page"}],"author":[{"embeddable":true,"href":"https:\/\/pedrocasiano.es\/index.php?rest_route=\/wp\/v2\/users\/1"}],"replies":[{"embeddable":true,"href":"https:\/\/pedrocasiano.es\/index.php?rest_route=%2Fwp%2Fv2%2Fcomments&post=2308"}],"version-history":[{"count":2,"href":"https:\/\/pedrocasiano.es\/index.php?rest_route=\/wp\/v2\/pages\/2308\/revisions"}],"predecessor-version":[{"id":4284,"href":"https:\/\/pedrocasiano.es\/index.php?rest_route=\/wp\/v2\/pages\/2308\/revisions\/4284"}],"wp:attachment":[{"href":"https:\/\/pedrocasiano.es\/index.php?rest_route=%2Fwp%2Fv2%2Fmedia&parent=2308"}],"curies":[{"name":"wp","href":"https:\/\/api.w.org\/{rel}","templated":true}]}}