{"id":2305,"date":"2024-02-20T09:34:09","date_gmt":"2024-02-20T09:34:09","guid":{"rendered":"https:\/\/pedrocasiano.es\/?page_id=2305"},"modified":"2024-02-20T09:34:09","modified_gmt":"2024-02-20T09:34:09","slug":"esas-cordobas-por-el-mundo","status":"publish","type":"page","link":"https:\/\/pedrocasiano.es\/?page_id=2305","title":{"rendered":"Esas C\u00f3rdobas por el Mundo"},"content":{"rendered":"\n<div class=\"wp-block-media-text is-stacked-on-mobile is-vertically-aligned-top\" style=\"grid-template-columns:33% auto\"><figure class=\"wp-block-media-text__media\"><img decoding=\"async\" width=\"1024\" height=\"764\" data-src=\"https:\/\/pedrocasiano.es\/wp-content\/uploads\/2024\/02\/image-92-1024x764.jpeg\" alt=\"No hay ninguna descripci\u00f3n de la foto disponible.\" class=\"wp-image-2306 size-full lazyload\" src=\"data:image\/svg+xml;base64,PHN2ZyB3aWR0aD0iMSIgaGVpZ2h0PSIxIiB4bWxucz0iaHR0cDovL3d3dy53My5vcmcvMjAwMC9zdmciPjwvc3ZnPg==\" style=\"--smush-placeholder-width: 1024px; --smush-placeholder-aspect-ratio: 1024\/764;\" \/><\/figure><div class=\"wp-block-media-text__content\">\n<p>Es curioso, pero nuestra ciudad, tan olvidada ahora, ha dado su nombre para que lo tomen poblaciones de medio mundo, algunas veces por <a><\/a>medio de los apellidos de personas que lo llevan en su nombre, otras veces por nacer aqu\u00ed, o en muchos casos nadie sabe porque.<\/p>\n\n\n\n<p>No olvidemos que nosotros, gente de tierra adentro, movidos en la mayor\u00eda de los casos por la necesidad, dejamos nuestra tierra y marchamos lejos de aqu\u00ed, los hijos de la necesidad recorrieron el mundo entero, y algunos de ellos alcanzaron renombre, siendo que la nostalgia u otros sentimientos les llev\u00f3 a nombrar a sitios lejanos con el nombre de nuestra ciudad.<\/p>\n\n\n\n<p>No har\u00e9 referencia, de momento, a las demarcaciones, zonas, monumentos y dem\u00e1s que llevan el nombre de C\u00f3rdoba, desde monedas a lugares rec\u00f3nditos y escondidos en lugares tan ex\u00f3ticos que son inimaginables para la mayor\u00eda de nosotros.<\/p>\n\n\n\n<p>Supongo que esta ser\u00e1 la primera parte, porque, lo cre\u00e1is o no, me he sorprendido de la cantidad de ciudades que llevan el nombre de C\u00f3rdoba, as\u00ed que comienzo a numerarlas, y que su descripci\u00f3n de al presente art\u00edculo la extensi\u00f3n que considere necesaria.<\/p>\n\n\n\n<p>C\u00f3rdoba de Argentina. La m\u00e1s populosa, m\u00e1s que la nuestra, hija que aventaja a la madre, eso est\u00e1 bien, de hecho es la segunda ciudad m\u00e1s poblada de argentina. Su nacimiento es curioso pues el nombre se debe a la mujer del fundador Jer\u00f3nimo Luis de Cabrera, que era oriunda de nuestra ciudad, mujer notable, cuya historia merece un art\u00edculo, cuando no una serie de libros, porque era una se\u00f1ora de notable car\u00e1cter, los genes son los genes.<\/p>\n\n\n\n<p>La pueblan m\u00e1s de 1.300.000 habitantes, y es conocida como la Docta, y su nombre original es C\u00f3rdoba de la Nueva Andaluc\u00eda, siendo la capital de la Provincia de C\u00f3rdoba y la m\u00e1s extensa del pa\u00eds. Si alg\u00fan d\u00eda vais all\u00ed, no olvid\u00e9is probar el Fernet, un licor que os sorprender\u00e1, y que una de las m\u00fasicas populares que han nacido all\u00ed es la jota cordobesa.<\/p>\n\n\n\n<p>Como no pod\u00eda ser menos, ambas C\u00f3rdobas est\u00e1n hermanadas.<\/p>\n\n\n\n<p>Villa C\u00f3rdoba. Argentina. Tambi\u00e9n conocida por Estaci\u00f3n de Santa Lucia, es una poblaci\u00f3n y estaci\u00f3n de Ferrocarril. Forma parte de la Provincia de Corrientes, en el Departamento de Lavalle, tiene una poblaci\u00f3n de casi seiscientas personas. No he encontrado el porqu\u00e9 de su nombre.<\/p>\n\n\n\n<p>Barrio Paso C\u00f3rdoba o Paso C\u00f3rdova. Argentina. Es el nombre de una localidad ubicada en el municipio de General Roca en el Alto Valle del R\u00edo Negro, Provincia de R\u00edo Negro en el norte de la Patagonia argentina. Adopta indistintamente el nombre de C\u00f3rdoba o C\u00f3rdova como aparece en muchas ciudades, siendo en ambos casos su origen, el nombre de nuestra ciudad.<\/p>\n\n\n\n<p>Entre 2003 y 2006 se publican varios art\u00edculos de contenido hist\u00f3rico donde se menciona al comerciante espa\u00f1ol Antonio C\u00f3rdoba (comenz\u00f3 a prestar servicios de cruce en balsa, uniendo de este modo ambas orillas del R\u00edo Negro) de quien la localidad toma su nombre. En 2011 descendientes de Antonio C\u00f3rdoba visitan la zona y entregan al diario R\u00edo Negro, con base en General Roca, documentos familiares donde consta que el apellido del antiguo comerciante de la localidad se escribe con \u201cb\u201d.<\/p>\n\n\n\n<p>Cuenta con algo m\u00e1s de mil habitantes. Pertenece al departamento General Roca y El Cuy. Regi\u00f3n, Alto Valle del R\u00edo Negro<\/p>\n\n\n\n<p>Los C\u00f3rdobas. Argentina. No estoy seguro si es una pedan\u00eda de San Miguel de Tucum\u00e1n, lo que si es cierto, es que all\u00ed est\u00e1 repleta de nombres de nuestra ciudad, quiz\u00e1s en homenaje al militar y pol\u00edtico Lucas Alejandro C\u00f3rdoba, que fue Gobernador de Tucum\u00e1n. En esta poblaci\u00f3n podemos encontrar el Club Atl\u00e9tico Central C\u00f3rdoba, el Puente Lucas C\u00f3rdoba, y muchas m\u00e1s referencias al nombre de este personaje hist\u00f3rico que lleva como apellido el nombre de nuestra ciudad.<\/p>\n\n\n\n<p>Provincias de C\u00f3rdoba (Colombia). Con el nombre de provincias se le conoce a las subdivisiones administrativas que conforman el departamento colombiano de C\u00f3rdoba. En total son 7 provincias que no son relevantes en t\u00e9rminos de gobierno, y que fueron creadas para facilitar la administraci\u00f3n del departamento; agrupan los 30 municipios del departamento, incluyendo a la capital.<\/p>\n\n\n\n<p>El nombre fue tomado del general Jos\u00e9 Mar\u00eda C\u00f3rdova como un homenaje al pr\u00f3cer de la independencia por su importante participaci\u00f3n en la libertad de Colombia<\/p>\n\n\n\n<p>Los C\u00f3rdobas. Colombia. Los C\u00f3rdobas es un municipio de Colombia, situado al norte del departamento de C\u00f3rdoba. Se sit\u00faa a 57 km de la capital departamental, Monter\u00eda. Predominan las actividades econ\u00f3micas primarias como la ganader\u00eda, la agricultura y la pesca, aunque en los \u00faltimos a\u00f1os se aprecia un crecimiento de la actividad tur\u00edstica.<\/p>\n\n\n\n<p>La historia comienza con una familia C\u00f3rdoba, liderada por Pablo C\u00f3rdoba, en 1862 fue gestora de la fundaci\u00f3n del poblado, eran de procedencia Chocoana, y quienes recorr\u00edan el litoral desde Uraba hasta la Ciudad Heroica intercambiado mercanc\u00edas por productos de la tierra y semillas de tagua, palma que produce la materia prima denominada marfil vegetal, que era apreciada en Cartagena para la elaboraci\u00f3n, de botones, collares, pocillos, platos, jarras, vasos, copas y diversos objetos de lujo. Llegaron Puerto Rey y luego a \u00abBoca de Ri\u00f3\u00bb(Los C\u00f3rdobas), en donde a ra\u00edz de naufragio perecieron dos miembros de la familia, que fueron enterrados en el mismo sitio, decidieron los sobrevivientes levantar un poblado, en memoria y veneraci\u00f3n a sus muertos y ancestros.<\/p>\n\n\n\n<p>C\u00f3rdoba. Bol\u00edvar. Colombia. C\u00f3rdoba, tambi\u00e9n llamado C\u00f3rdoba Tet\u00f3n es uno de los 46 municipios del departamento de Bol\u00edvar en la regi\u00f3n Caribe de Colombia.<\/p>\n\n\n\n<p>El municipio de C\u00f3rdoba fue creado mediante la ordenanza de la asamblea de diputados del departamento de Bol\u00edvar en 1908, cuando se cambi\u00f3 su nombre de Tet\u00f3n por el de C\u00f3rdoba, con la iniciativa del se\u00f1or Erasmo Ba\u00f1os y el respaldado de Francisco Porras en homenaje al valiente patriota Jos\u00e9 Mar\u00eda C\u00f3rdoba quien derrot\u00f3 a los espa\u00f1oles, a nosotros, vamos.<\/p>\n\n\n\n<p>La pueblan unos 12.000 habitantes.<\/p>\n\n\n\n<p>C\u00f3rdoba era conocido durante la colonia como Males. Fue fundado oficialmente por los caciques Raimundo Chapuel y Francisca Chapuel en el a\u00f1o de 1532 y los reyes de Espa\u00f1a reconocieron el resguardo ind\u00edgena que a\u00fan est\u00e1 vigente.<\/p>\n\n\n\n<p>C\u00f3rdoba. Nari\u00f1o. Colombia. El municipio de C\u00f3rdoba fue fundado en 1735 y luego fue elevado en el a\u00f1o de 1911 a esta categor\u00eda mediante ordenanza de la Asamblea Departamental No. 39 de 1911. C\u00f3rdoba era corregimiento de Puerres y se lo conoc\u00eda como corregimiento de Males. En el a\u00f1o de 1944 mediante ordenanza No. 40, se le dio el nombre de municipio de C\u00f3rdoba<\/p>\n\n\n\n<p>La pueblan algo m\u00e1s de 2.000 habitantes.<\/p>\n\n\n\n<p>C\u00f3rdoba. Quind\u00edo. Colombia. Aunque el pueblo se fund\u00f3 en 1912, para el a\u00f1o de 1925 no exist\u00edan en C\u00f3rdoba m\u00e1s de 40 casas. Se reconocen como fundadores de este municipio a Jes\u00fas y Miguel Jaramillo, Manuel Berm\u00fadez, Joaqu\u00edn Buitrago, Paulino y Julio Garc\u00eda (provenientes de Antioquia), y a Nemesio Pe\u00f1a, Pedro Salgado y Jes\u00fas Valencia (provenientes del Tolima y Cundinamarca); se le dio el nombre de C\u00f3rdoba en homenaje al l\u00edder rebelde y pr\u00f3cer de la independencia de Am\u00e9rica, el General Jos\u00e9 Mar\u00eda C\u00f3rdova.<\/p>\n\n\n\n<p>La poblaci\u00f3n es de unos 3.000 habitantes.<\/p>\n\n\n\n<p>Como pod\u00e9is comprobar, todos los municipios de C\u00f3rdoba en Colombia, lo son en honor del General Jos\u00e9 Mar\u00eda C\u00f3rdova (lo de la \u201cv\u201d, es cr\u00f3nico). El H\u00e9roe de Ayachucho, el cual particip\u00f3 activamente en la Guerra de Independencia de Colombia y Per\u00fa.<\/p>\n\n\n\n<p>C\u00f3rdoba. M\u00e9xico. C\u00f3rdoba es una ciudad mexicana enclavada a la orilla de la cordillera monta\u00f1osa de la Sierra Madre Oriental y en la parte sur de la regi\u00f3n monta\u00f1osa del estado de Veracruz, es cabecera del municipio de C\u00f3rdoba.<\/p>\n\n\n\n<p>La fundaci\u00f3n de C\u00f3rdoba tuvo lugar en el a\u00f1o 1618 debido a los ataques y asaltos que los negros cimarrones realizaban en el camino real Veracruz-Orizaba-M\u00e9xico, obligaron a los espa\u00f1oles a fundar una poblaci\u00f3n cerca del sitio de los esclavos a fin de proteger a los s\u00fabditos fieles y a los intereses reales. Otro de los factores que favorecieron a su fundaci\u00f3n fue su ubicaci\u00f3n geogr\u00e1fica y el clima favorecedor a la pr\u00e1ctica agr\u00edcola. As\u00ed, durante el siglo XVIII y cuando las reformas Borb\u00f3nicas cambiaron las divisiones territoriales, conocidas como provincias, a intendencias, C\u00f3rdoba era una villa cabecera de la subdelegaci\u00f3n hom\u00f3nima, perteneciente a la intendencia de Veracruz. Es interesante observar que la villa de C\u00f3rdoba quedaba cerca de donde se produc\u00edan los ataques de negros cimarrones, es decir, cerca del pueblo de San Lorenzo, que actualmente conocemos por Yanga.<\/p>\n\n\n\n<p>Cuatro vecinos procedentes de Santiago Huatusco (es decir, lo que ahora corresponder\u00eda a las cercan\u00edas de San Juan de la Punta -Cuitl\u00e1huac, en la actualidad- y Cotaxtla, no confundir con San Antonio Huatusco, que corresponde al municipio que conocemos actualmente). Don Juan Crist\u00f3bal de Miranda, Don Garc\u00eda de Ar\u00e9valo, Don Andr\u00e9s N\u00fa\u00f1ez de Illescas y Don Diego Rodr\u00edguez, solicitaron al Marqu\u00e9s de Guadalc\u00e1zar, Diego Fern\u00e1ndez de C\u00f3rdoba, Virrey de la Colonia y a quien debe su nombre la ciudad, la fundaci\u00f3n de C\u00f3rdoba, autorizada por el rey de Espa\u00f1a Felipe III, el 29 de noviembre de 1617. El establecimiento de la poblaci\u00f3n se realiz\u00f3 en las Lomas de Huilango por 30 jefes de familia, de ah\u00ed la hist\u00f3rica denominaci\u00f3n de \u00abCiudad de los Treinta Caballeros\u00bb.<\/p>\n\n\n\n<p>A partir del siglo XVI en la que se atribuye a Treinta Caballeros -hombres de origen espa\u00f1ol- la fundaci\u00f3n de la villa de C\u00f3rdoba; por C\u00e9dula Real, se le concede adem\u00e1s el t\u00edtulo de villa; por lo que implicaba que la mayor\u00eda de la poblaci\u00f3n ser\u00eda de origen espa\u00f1ol. Los dem\u00e1s asentamientos, como ser\u00edan: San Juan de la Punta, Amatl\u00e1n, San Lorenzo, y otros que quedaran fuera de la villa de C\u00f3rdoba, corresponder\u00edan a pueblos de indios.<\/p>\n\n\n\n<p>La pueblan m\u00e1s de 218.000 cordobeses.<\/p>\n\n\n\n<p>C\u00f3rdoba. Tachira. Venezuela. El Municipio C\u00f3rdoba es uno de los 29 municipios del Estado T\u00e1chira de Venezuela. Tiene una superficie de 619 km\u00b2 y seg\u00fan estimaciones del INE su poblaci\u00f3n para 2018 ser\u00e1 de 39.438 habitantes. Su capital es la poblaci\u00f3n de Santa Ana del T\u00e1chira. El municipio est\u00e1 conformado por una parroquia.<\/p>\n\n\n\n<p>Cordova. Alabama. Estados Unidos de Norteam\u00e9rica. Cordova es una ciudad en el condado de Walker, Alabama, Estados Unidos, antiguamente una ciudad textil ubicada a 56 km de Birmingham, AL. Fue incorporado en 1897. En el censo de 2010, la poblaci\u00f3n era de 2.095, frente a 2.423 en 2000.<\/p>\n\n\n\n<p>Cordova. Alaska. Estados Unidos de Norteam\u00e9rica. C\u00f3rdoba es una peque\u00f1a ciudad situada cerca de la desembocadura del r\u00edo de cobre en el \u00e1rea del censo de Valdez-Cordova , Alaska, Estados Unidos, a la cabeza de entrada de Orca en el lado este de Prince William Sound . La poblaci\u00f3n era 2.239 en el censo de 2010, frente a 2.454 en 2000. C\u00f3rdoba fue nombrado Puerto Cordova por el explorador espa\u00f1ol Salvador Fidalgo en 1790. No hay carreteras que conecten C\u00f3rdoba con otras ciudades de Alaska, por lo que se necesita un avi\u00f3n o un ferry para viajar hasta all\u00ed. En el derrame de petr\u00f3leo del Exxon Valdez de marzo de 1989, un petrolero encall\u00f3 al noroeste de C\u00f3rdoba, lo que da\u00f1\u00f3 fuertemente la ecolog\u00eda y la pesca.<\/p>\n\n\n\n<p>En 1790, la entrada frente al actual pueblo de C\u00f3rdoba fue nombrada Puerto C\u00f3rdova por el explorador espa\u00f1ol Salvador Fidalgo, despu\u00e9s del almirante espa\u00f1ol Luis de C\u00f3rdova y C\u00f3rdova.<\/p>\n\n\n\n<p>Luis de C\u00f3rdova y C\u00f3rdova (8 de febrero de 1706 &#8211; 29 de julio de 1796) fue un almirante espa\u00f1ol. \u00c9l es mejor conocido por su comando de la flota espa\u00f1ola durante la Guerra anglo-espa\u00f1ola.<\/p>\n\n\n\n<p>Cordova Bay (Bah\u00eda de C\u00f3rdoba). Alaska. Estados Unidos de Norteam\u00e9rica. Es una bah\u00eda en el archipi\u00e9lago de Alexander, en el sureste de Alaska. Se abre hacia Dixon Entrance al sur, entre Cape Muzon en Dall Island y Point Marsh (un grupo de peque\u00f1os islotes justo al lado de Prince of Wales Island). El nombre de Puerto C\u00f3rdova y C\u00f3rdoba fue otorgado por el explorador espa\u00f1ol teniente Don Jacinto Caama\u00f1o en 1792, en honor del almirante Luis de C\u00f3rdova y C\u00f3rdova. El nombre fue publicado por George Vancouver en 1798.<\/p>\n\n\n\n<p>Municipio de Cordova, Condado de Rock Island, Illinois. Estados Unidos de Norteam\u00e9rica. Cordova Township se encuentra en el condado de Rock Island, Illinois. A partir del censo de 2010, su poblaci\u00f3n era de 896 y conten\u00eda 399 viviendas.<\/p>\n\n\n\n<p>Cordova, Illinois. Estados Unidos de Norteam\u00e9rica. Cordova es una aldea en el condado de Rock Island, Illinois, Estados Unidos. La poblaci\u00f3n era 672 en el censo de 2010, frente a 633 en 2000.<\/p>\n\n\n\n<p>La ciudad es hogar de una de las tres plantas de energ\u00eda nuclear en el \u00e1rea central del oeste de Illinois.<\/p>\n\n\n\n<p>Cordova, Kentucky. Estados Unidos de Norteam\u00e9rica. Cordova es una comunidad no incorporada en el condado de Grant, en el estado estadounidense de Kentucky.<\/p>\n\n\n\n<p>Una oficina de correos llamada C\u00f3rdoba se estableci\u00f3 en 1849, y se mantuvo en funcionamiento hasta que se suspendi\u00f3 en 1906. El nombre de la comunidad conmemora la Rebeli\u00f3n de C\u00f3rdova.<\/p>\n\n\n\n<p>La Rebeli\u00f3n de C\u00f3rdova, en 1838, fue un levantamiento instigado en Nacogdoches, Texas. El Alcalde Vicente C\u00f3rdova y otros l\u00edderes apoyaron la Revoluci\u00f3n de Texas en la medida en que propugnaban el retorno a la Constituci\u00f3n de 1824, pero despu\u00e9s de declarar la independencia buscaron oponerse en\u00e9rgicamente a la nueva Rep\u00fablica de Texas con la ayuda de los Cherokee.<\/p>\n\n\n\n<p>Cordova. Maryland. Estados Unidos de Norteam\u00e9rica. Cordova es un lugar ubicado en el Condado de Talbot, Maryland, Estados Unidos. La poblaci\u00f3n era 592 en el censo 2000.<\/p>\n\n\n\n<p>Cordova, Minnesota. Estados Unidos de Norteam\u00e9rica. Es una comunidad sin dirigentes, en el municipio de Cordova , condado de Le Sueur , Minnesota , Estados Unidos.<\/p>\n\n\n\n<p>Cordova, Nebraska, Estados Unidos de Norteam\u00e9rica. Cordova es una aldea en el condado de Seward, Nebraska, Estados Unidos. Es parte del \u00e1rea estad\u00edstica metropolitana de Lincoln, Nebraska. La poblaci\u00f3n era 137 en el censo de 2010.<\/p>\n\n\n\n<p>Originalmente, C\u00f3rdova se llamaba Hunkins, en honor al colono pionero Benjam\u00edn Hunkins, y bajo este \u00faltimo nombre fue lanzado en 1887 cuando el Ferrocarril Fremont, Elkhorn y Missouri Valley se extendi\u00f3 hasta ese punto. Debido a la similitud con el nombre de otra oficina de correos en el estado, Hunkins pronto pas\u00f3 a llamarse C\u00f3rdoba, como C\u00f3rdoba, Espa\u00f1a, para evitar la repetici\u00f3n. Una oficina de correos llamada C\u00f3rdoba ha estado en operaci\u00f3n desde 1888.<\/p>\n\n\n\n<p>Cordova, Nuevo M\u00e9xico. Estados Unidos de Norteam\u00e9rica. Cordova es una localidad sin dirigentes en el Condado de Rio Arriba, Nuevo M\u00e9xico, Estados Unidos.<\/p>\n\n\n\n<p>El top\u00f3nimo Cordova deriva del apellido espa\u00f1ol Cordova (o C\u00f3rdoba). La ciudad toma su nombre del apellido de Mat\u00edas C\u00f3rdova, uno de los habitantes de Pueblo Quemado, el nombre original de la ciudad. La palabra C\u00f3rdoba deriva del nombre de la ciudad espa\u00f1ola de C\u00f3rdoba.<\/p>\n\n\n\n<p>Su poblaci\u00f3n era de 414 habitantes seg\u00fan el censo de 2010. Cordova tiene una oficina de correos con el c\u00f3digo postal 87523, que se abri\u00f3 el 26 de marzo de 1900. C\u00f3rdova es conocida por sus talladores de madera.<\/p>\n\n\n\n<p>Cordova, Carolina del Norte. Estados Unidos de Norteam\u00e9rica. Cordova es una poblaci\u00f3n sin alcald\u00eda en el condado de Richmond, Carolina del Norte, Estados Unidos. Su poblaci\u00f3n era de 1,775 habitantes en el censo de 2010. Cordova tiene una oficina de correos con el c\u00f3digo postal 28330.<\/p>\n\n\n\n<p>Cordova, Carolina del Sur. Estados Unidos de Norteam\u00e9rica. Cordova es una ciudad en el Condado de Orangeburg, Carolina del Sur, Estados Unidos. La poblaci\u00f3n era de 157 habitantes en el censo 2000.<\/p>\n\n\n\n<p>Cordova, Tennessee. Estados Unidos de Norteam\u00e9rica. Es una comunidad en el condado de Shelby, Tennessee, Tennessee, Estados Unidos. Cordova se encuentra al este de Memphis, al norte de Germantown, al sur de Bartlett, y al noroeste de Collierville.<\/p>\n\n\n\n<p>Cordova ha cambiado su nombre varias veces. Originalmente, era conocido como Allentown, luego Marysville, luego Dexter. En 1888 se abri\u00f3 la oficina de correos de Dexter. En 1900, el nombre fue cambiado a Cordova. La ciudad probablemente cambi\u00f3 su nombre a \u00abC\u00f3rdoba\u00bb para no confundirse con otra ciudad llamada Dexter que estaba ubicada en la misma l\u00ednea ferroviaria NC &amp; St.L que atravesaba la ciudad.<\/p>\n\n\n\n<p>Cordova, Virginia Occidental. Estados Unidos de Norteam\u00e9rica. Cordova es una comunidad sin Alcaldia en el condado de Greenbrier , Virginia Occidental , Estados Unidos. Cordova est\u00e1 a 6 millas (9.7 km) al noroeste de Falling Spring.<\/p>\n\n\n\n<p>La comunidad probablemente fue nombrada as\u00ed por C\u00f3rdoba, Espa\u00f1a.<\/p>\n\n\n\n<p>C\u00f3rdoba, Ceb\u00fa. Filipinas. C\u00f3rdoba, oficialmente el Municipio de C\u00f3rdoba, (Cebuano : Lungsod sa C\u00f3rdova , Tagalo : Bayan ng C\u00f3rdova ), es un municipio de tercera clase en la provincia de Ceb\u00fa , Filipinas . Seg\u00fan el censo de 2015, tiene una poblaci\u00f3n de 59,712 personas.<\/p>\n\n\n\n<p>Tambi\u00e9n se denomina C\u00f3rdoba a la mayor parte del municipio que se encuentra en islas separadas frente a la costa sur de la isla de Mactan. Est\u00e1 conectado a la isla principal de Mactan por dos puentes con un tercero que se abrir\u00e1 en 2021.<\/p>\n\n\n\n<p>El 22 de mayo de 1863, el gobernador general espa\u00f1ol de Filipinas Rafael Echag\u00fce y Bermingham (1815-1887) cre\u00f3 una nueva ciudad que comprende los barrios de Gabi, Day-as y Pilipul (ahora llamado Pilipog), todos los cuales se encuentran en el extremo sureste de la isla de Mactan. Algunos autores piensan que eligi\u00f3 el nombre C\u00f3rdoba porque antes de ser gobernador en Filipinas, en 1858, Rafael Echag\u00fce y Bermingham era representante en el Congreso de los Diputados de la provincia de C\u00f3rdoba (Espa\u00f1a), por lo que deber\u00eda haber dado ese nombre en memoria de su etapa como Diputado.<\/p>\n\n\n\n<p>DeCordova, Texas. Estados Unidos de Norteam\u00e9rica. DeCordova es una ciudad en el condado de Hood, Texas, Estados Unidos. A partir del censo de 2010, ten\u00eda una poblaci\u00f3n de 2.683 habitantes.<\/p>\n\n\n\n<p>CUROSIDADES<\/p>\n\n\n\n<p>USS Cordova (CVE-39). Fue un portaaviones de escolta lanzado el 27 de diciembre de 1942 por Seattle-Tacoma Shipbuilding of Tacoma, Washington; patrocinado por la Sra. AE Mitchell. Reclasificado CVE-39 el 15 de julio de 1943, C\u00f3rdoba fue transferido a la Royal Navy el 25 de agosto de 1943, cuando el HMS Khedive (D62) Khedive sirvi\u00f3 como el barco de comando para la invasi\u00f3n del sur de Francia en junio de 1944. De abril a agosto de 1945 estuvo con la Flota de las Indias Orientales como parte de la21. \u00b0 Escuadr\u00f3n de portaaviones. Khedive iba a tomar parte en la invasi\u00f3n de Singapur en septiembre de 1945, con el nombre clave de Operaci\u00f3n Tiderace. Pero con la rendici\u00f3n japonesa, simplemente fue desplegada en la isla por seguridad.<\/p>\n\n\n\n<p>Fue devuelto a la custodia de los Estados Unidos el 26 de enero de 1946 y vendido al servicio comercial el 23 de enero de 1947 como Rempang (m\u00e1s tarde Daphne). Fue vendido como chatarra en Espa\u00f1a en 1975.<\/p>\n\n\n\n<p>Centro comercial Cordova. Cordova Mall, ubicado en Pensacola, Florida, es el centro comercial m\u00e1s grande en el noroeste de la costa del Golfo de la Florida.<\/p>\n\n\n\n<p>Humedal de C\u00f3rdoba. Es un humedal, parte de los Humedales de Bogot\u00e1 en Bogot\u00e1, Colombia. Est\u00e1 situado en la sabana de Bogot\u00e1 en la localidad de Suba entre la Avenida Boyac\u00e1 y la Avenida C\u00f3rdoba y las calles Calle 127 y Calle 116, cerca de las estaciones TransMilenio Shaio y la estaci\u00f3n hom\u00f3nima Humedal C\u00f3rdoba. El humedal cubre aproximadamente 40 hect\u00e1reas.<\/p>\n\n\n\n<p>365 Corduba es un asteroide del cintur\u00f3n principal muy grande que fue descubierto por el astr\u00f3nomo franc\u00e9s Auguste Charlois el 21 de marzo de 1893 desde Niza. Se clasifica como un asteroide de tipo C y probablemente est\u00e1 compuesto de material carbonoso.<\/p>\n\n\n\n<p>La Fundaci\u00f3n C\u00f3rdoba es un grupo de investigaci\u00f3n y asesor\u00eda con sede en el Reino Unido con el objetivo declarado de \u00abcerrar la brecha de entendimiento entre el mundo musulm\u00e1n y el oeste\u00bb. El grupo ha sido criticado por sus v\u00ednculos con organizaciones sospechosas de actividades terroristas, como la Hermandad Musulmana y Hamas.<\/p>\n\n\n\n<p>De Cordova Bend Dam. Estados Unidos de Norteam\u00e9rica. La presa De Cordova Bend es una presa artificial en el r\u00edo Brazos en el condado de Hood, Texas, Estados Unidos, controlada por la Autoridad del R\u00edo Brazos. De Cordova Bend Dam forma el lago Granbury de 34 km. La presa se llama as\u00ed debido al ciclo casi completo en el sentido de las agujas del reloj en el r\u00edo Brazos llamado De Cordova Bend por Jacob De Cordova.<\/p>\n\n\n\n<p>Jacob Raphael De Cordova, (6 de junio de 1808 &#8211; 26 de enero de 1868), fue el fundador de Jamaica Gleaner. Se instal\u00f3 en Texas en 1839 y vivi\u00f3 en Galveston. Despu\u00e9s de vivir en Galveston, De Cordova se mud\u00f3 a Houston, Texas, donde fue elegido para la C\u00e1mara de Representantes de Texas a la segunda Legislatura de Texas en el a\u00f1o 1847.<\/p>\n\n\n\n<p>Todo esto hubiera sido imposible sin Wikipedia, si quer\u00e9is ampliar datos, buscad all\u00ed, como sab\u00e9is, hay de todo.<\/p>\n<\/div><\/div>\n","protected":false},"excerpt":{"rendered":"<p>Es curioso, pero nuestra ciudad, tan olvidada ahora, ha dado su nombre para que lo tomen poblaciones de medio mundo, algunas veces por medio de los apellidos de personas que lo llevan en su nombre, otras veces por nacer aqu\u00ed, o en muchos casos nadie sabe porque. No olvidemos que nosotros, gente de tierra adentro, &hellip; <\/p>\n<p class=\"link-more\"><a href=\"https:\/\/pedrocasiano.es\/?page_id=2305\" class=\"more-link\">Leer m\u00e1s<span class=\"screen-reader-text\"> \u00abEsas C\u00f3rdobas por el Mundo\u00bb<\/span><\/a><\/p>\n","protected":false},"author":1,"featured_media":0,"parent":0,"menu_order":0,"comment_status":"closed","ping_status":"closed","template":"","meta":{"inspiro_hide_title":false,"footnotes":""},"class_list":["post-2305","page","type-page","status-publish","hentry"],"featured_media_urls":[],"_links":{"self":[{"href":"https:\/\/pedrocasiano.es\/index.php?rest_route=\/wp\/v2\/pages\/2305","targetHints":{"allow":["GET"]}}],"collection":[{"href":"https:\/\/pedrocasiano.es\/index.php?rest_route=\/wp\/v2\/pages"}],"about":[{"href":"https:\/\/pedrocasiano.es\/index.php?rest_route=\/wp\/v2\/types\/page"}],"author":[{"embeddable":true,"href":"https:\/\/pedrocasiano.es\/index.php?rest_route=\/wp\/v2\/users\/1"}],"replies":[{"embeddable":true,"href":"https:\/\/pedrocasiano.es\/index.php?rest_route=%2Fwp%2Fv2%2Fcomments&post=2305"}],"version-history":[{"count":1,"href":"https:\/\/pedrocasiano.es\/index.php?rest_route=\/wp\/v2\/pages\/2305\/revisions"}],"predecessor-version":[{"id":2307,"href":"https:\/\/pedrocasiano.es\/index.php?rest_route=\/wp\/v2\/pages\/2305\/revisions\/2307"}],"wp:attachment":[{"href":"https:\/\/pedrocasiano.es\/index.php?rest_route=%2Fwp%2Fv2%2Fmedia&parent=2305"}],"curies":[{"name":"wp","href":"https:\/\/api.w.org\/{rel}","templated":true}]}}