{"id":2302,"date":"2024-02-20T09:31:44","date_gmt":"2024-02-20T09:31:44","guid":{"rendered":"https:\/\/pedrocasiano.es\/?page_id=2302"},"modified":"2024-02-24T19:23:37","modified_gmt":"2024-02-24T19:23:37","slug":"un-amor-de-mi-vida","status":"publish","type":"page","link":"https:\/\/pedrocasiano.es\/?page_id=2302","title":{"rendered":"Un Amor de mi Vida"},"content":{"rendered":"\n<div class=\"wp-block-media-text is-stacked-on-mobile is-vertically-aligned-top\" style=\"grid-template-columns:30% auto\"><figure class=\"wp-block-media-text__media\"><img decoding=\"async\" width=\"1024\" height=\"680\" data-src=\"https:\/\/pedrocasiano.es\/wp-content\/uploads\/2024\/02\/image-91.jpeg\" alt=\"No hay ninguna descripci\u00f3n de la foto disponible.\" class=\"wp-image-2303 size-full lazyload\" src=\"data:image\/svg+xml;base64,PHN2ZyB3aWR0aD0iMSIgaGVpZ2h0PSIxIiB4bWxucz0iaHR0cDovL3d3dy53My5vcmcvMjAwMC9zdmciPjwvc3ZnPg==\" style=\"--smush-placeholder-width: 1024px; --smush-placeholder-aspect-ratio: 1024\/680;\" \/><\/figure><div class=\"wp-block-media-text__content\">\n<p>Sea como sea, y como empiezan todas las cosas, esta lo hizo por el principio. Cualquiera que me conozca sabe de mi desmedido amor por C\u00f3rdoba, mi ciudad, de la cual cre\u00eda tener un conocimiento apropiado. Pues bien, como escritor que soy se me ocurri\u00f3 un peque\u00f1o relato que en mi cabeza ocupar\u00eda apenas diez p\u00e1ginas, sobre unas armas fabricadas en la C\u00f3rdoba de los \u00faltimos d\u00edas del Califato cuando Almanzor era el azote de la pen\u00ednsula.<br>Este peque\u00f1o relato me hizo indagar m\u00e1s en la historia de aquella \u00e9poca, pues por torpe que sea uno, debe de saber algo para poder escribir sobre ello, y \u00a1Sorpresa!, lo que iban a ser diez p\u00e1ginas casi se convirtieron en trescientas como por arte de magia, hablo de \u201cLa leyenda de las Jinetas Negras\u201d, pero esto no fue lo peor, eso fue solo el comienzo, pues el comez\u00f3n que me provoc\u00f3 el conocimiento de mi C\u00f3rdoba en aquellos lejanos tiempos, me hizo leer miles de p\u00e1ginas de escritos hist\u00f3ricos, los cuales no son muchos, pero la mayor\u00eda de dominio p\u00fablico.<br>Y yo, que esperaba encontrar algo interesante, me encontr\u00e9 con una mina de diamantes escondida a plena vista, y sin querer queriendo me enamor\u00e9 a\u00fan m\u00e1s de aquella \u00e9poca, de sus personajes, sobre todo de un perdido personaje, un mercenario que aparece comentado a vuela pluma en algunos de los pocos escritos de aquella \u00e9poca, y como decimos aqu\u00ed, se me fue la pinza, y escrib\u00ed sobre \u00e9l, sobre la \u00e9poca de Al \u00c1ndalus, sobre el porqu\u00e9 de la divisi\u00f3n del Califato, y me encontr\u00e9 inmerso en un mundo tan interesante, que nadie, y repito nadie, ha vivido en sus tierras, una \u00e9poca de intrigas, de amores extra\u00f1os y de crueldades sin nombre, todo en el altar de un Al \u00c1ndalus, joya brillante en un mundo apagado por la edad media que se cern\u00eda con su halo de oscuridad sobre todo occidente.<br>Olvid\u00e1ndome si eran musulmanes, cristianos o tocaban el tambor, me sumerg\u00ed en el mundo de aquellos hombres que hab\u00edan nacido en la tierra que yo nac\u00ed, Yahwar, Al Mutamid, Badis Ben Habus, y muchos m\u00e1s, y surgi\u00f3 como por arte de magia \u201cRamir Al Mayub\u201d, la que en mi cabeza se hab\u00eda formado sobre la historia del oscuro personaje.<br>Apenas ser\u00eda un librito, un librito que termin\u00f3 con setecientas p\u00e1ginas, pero ah\u00ed no queda la cosa, apenas corregido, sin portada, sin publicar, aqu\u00ed me encuentro abandonando mis grupos, mi web y muchas m\u00e1s cosas, enfrascado en el segundo volumen, que a\u00fan no tiene nombre, por el que ahora, justo ahora, voy por las quinientas p\u00e1ginas, sin saber cu\u00e1ndo terminar\u00e1, pues como si fuera mi ama de cr\u00eda me lleva cogido de la oreja por los caminos que cabalg\u00f3, los de Al \u00c1ndalus, cuando era el faro del mundo, la deseada, la envidia de cualquiera que amara la belleza, y que ahora olvidada de todos, apenas si es el pardo reflejo de su maravilloso esplendor. (Por cierto, se termin\u00f3, \u00bfsu t\u00edtulo?, \u00c9xodo)<br>S\u00ed, porque pod\u00e9is creerlo o no, nuestra maravillosa Andaluc\u00eda, que ahora es una maravilla, es apenas nada comparada con la belleza de Al \u00c1ndalus, donde los extranjeros, asombrados, confund\u00edan los campos de legumbres que florec\u00edan, con bellos jardines de tan cuidados que estaban, cuando de nuestra tierra sal\u00edan los cerebros m\u00e1s avanzados que iluminaban el mundo con sus descubrimientos.<br>Si, la \u201cLeyenda de las jinetas Negras\u201d ha tenido una aceptaci\u00f3n notable, habi\u00e9ndola le\u00eddo much\u00edsimas personas, os juro, que no me importar\u00eda que \u201cRamir Al Majhub\u201d, no fuera le\u00eddo por nadie, porque mientras lo escribo, me doy cuenta de lo afortunado que soy de haber nacido en esta tierra, y de lo orgulloso que estoy de tener el alma de Al \u00c1ndalus dentro de m\u00ed.<br>\u2003<\/p>\n<\/div><\/div>\n","protected":false},"excerpt":{"rendered":"<p>Sea como sea, y como empiezan todas las cosas, esta lo hizo por el principio. Cualquiera que me conozca sabe de mi desmedido amor por C\u00f3rdoba, mi ciudad, de la cual cre\u00eda tener un conocimiento apropiado. Pues bien, como escritor que soy se me ocurri\u00f3 un peque\u00f1o relato que en mi cabeza ocupar\u00eda apenas diez &hellip; <\/p>\n<p class=\"link-more\"><a href=\"https:\/\/pedrocasiano.es\/?page_id=2302\" class=\"more-link\">Leer m\u00e1s<span class=\"screen-reader-text\"> \u00abUn Amor de mi Vida\u00bb<\/span><\/a><\/p>\n","protected":false},"author":1,"featured_media":0,"parent":0,"menu_order":0,"comment_status":"closed","ping_status":"closed","template":"","meta":{"inspiro_hide_title":false,"footnotes":""},"class_list":["post-2302","page","type-page","status-publish","hentry"],"featured_media_urls":[],"_links":{"self":[{"href":"https:\/\/pedrocasiano.es\/index.php?rest_route=\/wp\/v2\/pages\/2302","targetHints":{"allow":["GET"]}}],"collection":[{"href":"https:\/\/pedrocasiano.es\/index.php?rest_route=\/wp\/v2\/pages"}],"about":[{"href":"https:\/\/pedrocasiano.es\/index.php?rest_route=\/wp\/v2\/types\/page"}],"author":[{"embeddable":true,"href":"https:\/\/pedrocasiano.es\/index.php?rest_route=\/wp\/v2\/users\/1"}],"replies":[{"embeddable":true,"href":"https:\/\/pedrocasiano.es\/index.php?rest_route=%2Fwp%2Fv2%2Fcomments&post=2302"}],"version-history":[{"count":3,"href":"https:\/\/pedrocasiano.es\/index.php?rest_route=\/wp\/v2\/pages\/2302\/revisions"}],"predecessor-version":[{"id":4283,"href":"https:\/\/pedrocasiano.es\/index.php?rest_route=\/wp\/v2\/pages\/2302\/revisions\/4283"}],"wp:attachment":[{"href":"https:\/\/pedrocasiano.es\/index.php?rest_route=%2Fwp%2Fv2%2Fmedia&parent=2302"}],"curies":[{"name":"wp","href":"https:\/\/api.w.org\/{rel}","templated":true}]}}