{"id":2299,"date":"2024-02-20T09:28:16","date_gmt":"2024-02-20T09:28:16","guid":{"rendered":"https:\/\/pedrocasiano.es\/?page_id=2299"},"modified":"2024-02-20T09:28:17","modified_gmt":"2024-02-20T09:28:17","slug":"putas-elecciones-2018","status":"publish","type":"page","link":"https:\/\/pedrocasiano.es\/?page_id=2299","title":{"rendered":"Putas Elecciones (2018)"},"content":{"rendered":"\n<div class=\"wp-block-media-text is-stacked-on-mobile is-vertically-aligned-top\" style=\"grid-template-columns:29% auto\"><figure class=\"wp-block-media-text__media\"><img decoding=\"async\" width=\"1024\" height=\"960\" data-src=\"https:\/\/pedrocasiano.es\/wp-content\/uploads\/2024\/02\/image-90-1024x960.jpeg\" alt=\"No hay ninguna descripci\u00f3n de la foto disponible.\" class=\"wp-image-2300 size-full lazyload\" src=\"data:image\/svg+xml;base64,PHN2ZyB3aWR0aD0iMSIgaGVpZ2h0PSIxIiB4bWxucz0iaHR0cDovL3d3dy53My5vcmcvMjAwMC9zdmciPjwvc3ZnPg==\" style=\"--smush-placeholder-width: 1024px; --smush-placeholder-aspect-ratio: 1024\/960;\" \/><\/figure><div class=\"wp-block-media-text__content\">\n<p>Ya empieza el circo de tres pistas, y nosotros con la boca abierta, catetos de pueblo olvidado, que nos quedamos embobados mientras nos hacen <a><\/a>trucos de trileros.<\/p>\n\n\n\n<p>Los de siempre, alguno nuevo, pero al final siempre los mismos. V\u00f3tame que cuando este arriba, nadie me bajar\u00e1, te lo prometo, y gracias de parte de mi familia que colocar\u00e9 en el momento que llegue al poder.<\/p>\n\n\n\n<p>\u00a1Qu\u00e9 mentiroso soy!, \u00a1que loco estoy!, \u00a1hay que ver lo que digo!, posiblemente, lo que pienso.<\/p>\n\n\n\n<p>Porque, \u00bfqu\u00e9 truco nuevo nos puede ense\u00f1ar a los perros viejos?, pocos, yo he visto casi de todo, pero lo de ahora, Madre del Amor Hermoso, que sin sentido, que poca verg\u00fcenza, que pandilla, y te metes dentro de ese mundo, est\u00e1s tan metido, que esta aberrante situaci\u00f3n te parece normal.<\/p>\n\n\n\n<p>Cuarenta a\u00f1os nos llevan dominando los socialistas, nada tengo en contra de ellos, pero por supuesto a favor, mucho menos, \u00bfQu\u00e9 han convertido mi patria en un despojo?, eso no es tan malo, \u00bfQu\u00e9 han robado hasta que se han llevado las telara\u00f1as del cofre?, \u00bfqui\u00e9n no hubiera hecho lo mismo?, \u00bfQu\u00e9 est\u00e1n convirtiendo nuestra bella tierra en un erial?, ser\u00e1 el cambio clim\u00e1tico, \u00bfQu\u00e9 son el culmen de la ineficacia?, en algo ten\u00edamos que ser los mejores.<\/p>\n\n\n\n<p>\u00a1Qu\u00e9 asco!, pero suelta a esos y coge a los otros, no se que es peor, porque somos la colonia de Espa\u00f1a, la mano de obra barata, el lugar a vilipendiar, a fin de cuentas, una perrera llena de perros, eso es lo que piensan, y as\u00ed debe de ser, pues ni nosotros lo discutimos.<\/p>\n\n\n\n<p>Suelo tener las cosas bastante claras, pero por primera vez, por lo menos en pol\u00edtica, me encuentro con la situaci\u00f3n en que el que primero mueve pierde, el que no mueve pierde, el que juega pierde, y si no juegas, peor.<\/p>\n\n\n\n<p>\u00bfQu\u00e9 me vendes, que no sea una mentira?, creo que nada, que todo esta podrido como el tu\u00e9tano del diablo, que nos representan seres sin alma, sin coraz\u00f3n por supuesto y cuyos fines son los que podr\u00edas esperar de una hiena, s\u00e1lvese el que pueda, que yo pocos conozco, que adem\u00e1s que los que llegan vestidos de blanco, salen tiznados como los carboneros. \u00bfTan asqueroso es ese mundo?, no, es mucho peor, es el infierno de Dante, proclamado en carteles a cuatricrom\u00eda y ensalzado por potentes altavoces.<\/p>\n\n\n\n<p>\u00bfY a quien se vota?, a lo de dentro o a lo de afuera. Por supuesto a lo que nos venden, que es lo de afuera, un bello discurso dado por un elemento de brillante retorica o de aspecto radiante, aunque vac\u00edo, eso siempre es mejor que otro lleno de contenido, emitido por alguien sin carisma.<\/p>\n\n\n\n<p>Porque es lo que vende, el carisma, como Hitler, como Stalin, como Hugo Ch\u00e1vez, lo que viene detr\u00e1s no importa, se mete en la piel, y despu\u00e9s te despellejan, pero que bien hablan.<\/p>\n\n\n\n<p>Demagogos, psic\u00f3patas, eg\u00f3latras, ego\u00edstas sin freno, malditos hijos del diablo, embaucadores, taimados y podridos pol\u00edticos, eso es lo que tenemos, \u00bfQu\u00e9 a quien voto?, vaya preguntita.<\/p>\n\n\n\n<p>Compruebo en mi memoria, los distintos partidos, sus logros y sus equivocaciones, y me encuentro solo con un mal sabor de boca, peleas, trifulcas, acusaciones, inmovilismo, nepotismo, corrupci\u00f3n, y la casa sin barrer.<\/p>\n\n\n\n<p>Si Maquiavelo viviera aun y conociera nuestra situaci\u00f3n, El Pr\u00edncipe, su obra maestra posiblemente se llamar\u00eda el diputado o quiz\u00e1s el concejal, y tendr\u00eda cientos de vol\u00famenes, m\u00e1s crudos que los que relata en ese libro.<\/p>\n\n\n\n<p>Siempre los mismos, de Guatemala a Guatepeor, de la sart\u00e9n al fuego, madrecita que nos pille confesados, y d\u00eda a d\u00eda la ilusi\u00f3n se pierde, y no votas al mejor, sino al menos malo, as\u00ed nos luce el pelo.<\/p>\n\n\n\n<p>Y nos roban en la puta cara, y el comunista de toda la vida se compra un chalet, como muchos que conozco y los imb\u00e9ciles les aplauden, en el otro lado tampoco est\u00e1 mejor la cosa, que meten la pata y te dicen que era necesario. Que cansancio, que, sin sentido, \u00bfc\u00f3mo podemos soportarlo?, como dice una amiga, \u201cal que por su gusto se muere, hasta la muerte le sabe\u201d<\/p>\n\n\n\n<p>Que nos den, y digo eso, porque es lo que va a pasar, votes a quien votes, y si no lo haces tambi\u00e9n.<\/p>\n<\/div><\/div>\n","protected":false},"excerpt":{"rendered":"<p>Ya empieza el circo de tres pistas, y nosotros con la boca abierta, catetos de pueblo olvidado, que nos quedamos embobados mientras nos hacen trucos de trileros. Los de siempre, alguno nuevo, pero al final siempre los mismos. V\u00f3tame que cuando este arriba, nadie me bajar\u00e1, te lo prometo, y gracias de parte de mi &hellip; <\/p>\n<p class=\"link-more\"><a href=\"https:\/\/pedrocasiano.es\/?page_id=2299\" class=\"more-link\">Leer m\u00e1s<span class=\"screen-reader-text\"> \u00abPutas Elecciones (2018)\u00bb<\/span><\/a><\/p>\n","protected":false},"author":1,"featured_media":0,"parent":0,"menu_order":0,"comment_status":"closed","ping_status":"closed","template":"","meta":{"inspiro_hide_title":false,"footnotes":""},"class_list":["post-2299","page","type-page","status-publish","hentry"],"featured_media_urls":[],"_links":{"self":[{"href":"https:\/\/pedrocasiano.es\/index.php?rest_route=\/wp\/v2\/pages\/2299","targetHints":{"allow":["GET"]}}],"collection":[{"href":"https:\/\/pedrocasiano.es\/index.php?rest_route=\/wp\/v2\/pages"}],"about":[{"href":"https:\/\/pedrocasiano.es\/index.php?rest_route=\/wp\/v2\/types\/page"}],"author":[{"embeddable":true,"href":"https:\/\/pedrocasiano.es\/index.php?rest_route=\/wp\/v2\/users\/1"}],"replies":[{"embeddable":true,"href":"https:\/\/pedrocasiano.es\/index.php?rest_route=%2Fwp%2Fv2%2Fcomments&post=2299"}],"version-history":[{"count":1,"href":"https:\/\/pedrocasiano.es\/index.php?rest_route=\/wp\/v2\/pages\/2299\/revisions"}],"predecessor-version":[{"id":2301,"href":"https:\/\/pedrocasiano.es\/index.php?rest_route=\/wp\/v2\/pages\/2299\/revisions\/2301"}],"wp:attachment":[{"href":"https:\/\/pedrocasiano.es\/index.php?rest_route=%2Fwp%2Fv2%2Fmedia&parent=2299"}],"curies":[{"name":"wp","href":"https:\/\/api.w.org\/{rel}","templated":true}]}}