{"id":2296,"date":"2024-02-20T09:18:09","date_gmt":"2024-02-20T09:18:09","guid":{"rendered":"https:\/\/pedrocasiano.es\/?page_id=2296"},"modified":"2024-02-20T09:18:09","modified_gmt":"2024-02-20T09:18:09","slug":"calle-pedro-verdugo","status":"publish","type":"page","link":"https:\/\/pedrocasiano.es\/?page_id=2296","title":{"rendered":"Calle Pedro Verdugo"},"content":{"rendered":"\n<div class=\"wp-block-media-text is-stacked-on-mobile is-vertically-aligned-top\" style=\"grid-template-columns:35% auto\"><figure class=\"wp-block-media-text__media\"><img decoding=\"async\" width=\"680\" height=\"1024\" data-src=\"https:\/\/pedrocasiano.es\/wp-content\/uploads\/2024\/02\/image-89.jpeg\" alt=\"No hay ninguna descripci\u00f3n de la foto disponible.\" class=\"wp-image-2297 size-full lazyload\" src=\"data:image\/svg+xml;base64,PHN2ZyB3aWR0aD0iMSIgaGVpZ2h0PSIxIiB4bWxucz0iaHR0cDovL3d3dy53My5vcmcvMjAwMC9zdmciPjwvc3ZnPg==\" style=\"--smush-placeholder-width: 680px; --smush-placeholder-aspect-ratio: 680\/1024;\" \/><\/figure><div class=\"wp-block-media-text__content\">\n<p>Calle Pedro Verdugo.<\/p>\n\n\n\n<p>Calle del Verdugo, que generalmente achacan \u00e1 haber vivido en una de sus casas el ejecutor de la justicia, lo que es una vulgaridad, pues <a><\/a>\u00e9ste tenia su morada cerca de la C\u00e1rcel; el verdadero nombre es de Pedro Verdugo, uno de los due\u00f1os que ha tenido la casa que llaman Cuartel de la Piedra azul, y fu\u00e9 la solariega de los Marqueses de la Granja, tomando este nombre de una losa azul que aun se v\u00e9 en su fachada, y por haber servido de cuartel en varias ocasiones, despues que aquel mayorazgo recay\u00f3 en personas ausentes de C\u00f3rdoba. En la casa n\u00fam. 108 falleci\u00f3 de una afeccion al h\u00edgado y casi repentinamente, D. Joaqu\u00edn Hern\u00e1ndez de Tejada, citado al ocuparnos del Cementerio de San Rafael: esta casa creen algunos que fu\u00e9 hospital, porque as\u00ed se dice tradicionalmente; tal vez ser\u00eda alguno de los dos cuyo sitio no hemos podido designar.<\/p>\n\n\n\n<p>Paseos por C\u00f3rdoba.<\/p>\n<\/div><\/div>\n","protected":false},"excerpt":{"rendered":"<p>Calle Pedro Verdugo. Calle del Verdugo, que generalmente achacan \u00e1 haber vivido en una de sus casas el ejecutor de la justicia, lo que es una vulgaridad, pues \u00e9ste tenia su morada cerca de la C\u00e1rcel; el verdadero nombre es de Pedro Verdugo, uno de los due\u00f1os que ha tenido la casa que llaman Cuartel &hellip; <\/p>\n<p class=\"link-more\"><a href=\"https:\/\/pedrocasiano.es\/?page_id=2296\" class=\"more-link\">Leer m\u00e1s<span class=\"screen-reader-text\"> \u00abCalle Pedro Verdugo\u00bb<\/span><\/a><\/p>\n","protected":false},"author":1,"featured_media":0,"parent":0,"menu_order":0,"comment_status":"closed","ping_status":"closed","template":"","meta":{"inspiro_hide_title":false,"footnotes":""},"class_list":["post-2296","page","type-page","status-publish","hentry"],"featured_media_urls":[],"_links":{"self":[{"href":"https:\/\/pedrocasiano.es\/index.php?rest_route=\/wp\/v2\/pages\/2296","targetHints":{"allow":["GET"]}}],"collection":[{"href":"https:\/\/pedrocasiano.es\/index.php?rest_route=\/wp\/v2\/pages"}],"about":[{"href":"https:\/\/pedrocasiano.es\/index.php?rest_route=\/wp\/v2\/types\/page"}],"author":[{"embeddable":true,"href":"https:\/\/pedrocasiano.es\/index.php?rest_route=\/wp\/v2\/users\/1"}],"replies":[{"embeddable":true,"href":"https:\/\/pedrocasiano.es\/index.php?rest_route=%2Fwp%2Fv2%2Fcomments&post=2296"}],"version-history":[{"count":1,"href":"https:\/\/pedrocasiano.es\/index.php?rest_route=\/wp\/v2\/pages\/2296\/revisions"}],"predecessor-version":[{"id":2298,"href":"https:\/\/pedrocasiano.es\/index.php?rest_route=\/wp\/v2\/pages\/2296\/revisions\/2298"}],"wp:attachment":[{"href":"https:\/\/pedrocasiano.es\/index.php?rest_route=%2Fwp%2Fv2%2Fmedia&parent=2296"}],"curies":[{"name":"wp","href":"https:\/\/api.w.org\/{rel}","templated":true}]}}