{"id":2293,"date":"2024-02-20T09:16:37","date_gmt":"2024-02-20T09:16:37","guid":{"rendered":"https:\/\/pedrocasiano.es\/?page_id=2293"},"modified":"2024-02-20T09:16:37","modified_gmt":"2024-02-20T09:16:37","slug":"las-arropieras","status":"publish","type":"page","link":"https:\/\/pedrocasiano.es\/?page_id=2293","title":{"rendered":"Las Arropieras"},"content":{"rendered":"\n<div class=\"wp-block-media-text is-stacked-on-mobile is-vertically-aligned-top\" style=\"grid-template-columns:33% auto\"><figure class=\"wp-block-media-text__media\"><img decoding=\"async\" width=\"276\" height=\"165\" data-src=\"https:\/\/pedrocasiano.es\/wp-content\/uploads\/2024\/02\/image-88.jpeg\" alt=\"No hay ninguna descripci\u00f3n de la foto disponible.\" class=\"wp-image-2294 size-full lazyload\" src=\"data:image\/svg+xml;base64,PHN2ZyB3aWR0aD0iMSIgaGVpZ2h0PSIxIiB4bWxucz0iaHR0cDovL3d3dy53My5vcmcvMjAwMC9zdmciPjwvc3ZnPg==\" style=\"--smush-placeholder-width: 276px; --smush-placeholder-aspect-ratio: 276\/165;\" \/><\/figure><div class=\"wp-block-media-text__content\">\n<p>Cosas de C\u00f3rdoba. Las Arropieras.<\/p>\n\n\n\n<p>Los ni\u00f1os de todas las \u00e9pocas nos hemos derretido ante un puesto de arrop\u00edas, hoy llamadas chuches. Era dif\u00edcil encontrar el <a><\/a>rinc\u00f3n de un tac\u00f3n urbano, muy abundantes en nuestro callejero, o esquina estrat\u00e9gica donde no hubiera una simp\u00e1tica abuelita vendiendo golosinas para los peques en los pasados a\u00f1os cincuenta en C\u00f3rdoba. Se vend\u00edan entre otras cosas, seg\u00fan temporada, algarrobas, almezas cuyo hueso se disparab a por canutos de ca\u00f1a, polos de hielo con distintos sabores y rico pi\u00f1onate.<\/p>\n\n\n\n<p>Cordobapedia.<\/p>\n\n\n\n<p>Arrop\u00edas<\/p>\n\n\n\n<p>De arrope (del \u00e1r. hisp. arr\u00fabb, y este del \u00e1r. cl\u00e1s. rubb, seg\u00fan la RAE), mosto, jarabe de miel o alm\u00edbar. En C\u00f3rdoba y otras zonas de Andaluc\u00eda se le aplica esta denominaci\u00f3n al conjunto de dulces, golosinas y chucher\u00edas en general, orientadas fundamentalmente al consumo de los ni\u00f1os y que suelen venderse en puestos, quioscos o mediante venta ambulante. La persona que las vende se llama \u00abarropiero\u00bb.<\/p>\n\n\n\n<p>En Izn\u00e1jar, es una receta de miel caliente que tiene que coger el punto para luego ponerlo en una placa de m\u00e1rmol y labrarla hasta que adquiera forma alargada.<\/p>\n<\/div><\/div>\n","protected":false},"excerpt":{"rendered":"<p>Cosas de C\u00f3rdoba. Las Arropieras. Los ni\u00f1os de todas las \u00e9pocas nos hemos derretido ante un puesto de arrop\u00edas, hoy llamadas chuches. Era dif\u00edcil encontrar el rinc\u00f3n de un tac\u00f3n urbano, muy abundantes en nuestro callejero, o esquina estrat\u00e9gica donde no hubiera una simp\u00e1tica abuelita vendiendo golosinas para los peques en los pasados a\u00f1os cincuenta &hellip; <\/p>\n<p class=\"link-more\"><a href=\"https:\/\/pedrocasiano.es\/?page_id=2293\" class=\"more-link\">Leer m\u00e1s<span class=\"screen-reader-text\"> \u00abLas Arropieras\u00bb<\/span><\/a><\/p>\n","protected":false},"author":1,"featured_media":0,"parent":0,"menu_order":0,"comment_status":"closed","ping_status":"closed","template":"","meta":{"inspiro_hide_title":false,"footnotes":""},"class_list":["post-2293","page","type-page","status-publish","hentry"],"featured_media_urls":[],"_links":{"self":[{"href":"https:\/\/pedrocasiano.es\/index.php?rest_route=\/wp\/v2\/pages\/2293","targetHints":{"allow":["GET"]}}],"collection":[{"href":"https:\/\/pedrocasiano.es\/index.php?rest_route=\/wp\/v2\/pages"}],"about":[{"href":"https:\/\/pedrocasiano.es\/index.php?rest_route=\/wp\/v2\/types\/page"}],"author":[{"embeddable":true,"href":"https:\/\/pedrocasiano.es\/index.php?rest_route=\/wp\/v2\/users\/1"}],"replies":[{"embeddable":true,"href":"https:\/\/pedrocasiano.es\/index.php?rest_route=%2Fwp%2Fv2%2Fcomments&post=2293"}],"version-history":[{"count":1,"href":"https:\/\/pedrocasiano.es\/index.php?rest_route=\/wp\/v2\/pages\/2293\/revisions"}],"predecessor-version":[{"id":2295,"href":"https:\/\/pedrocasiano.es\/index.php?rest_route=\/wp\/v2\/pages\/2293\/revisions\/2295"}],"wp:attachment":[{"href":"https:\/\/pedrocasiano.es\/index.php?rest_route=%2Fwp%2Fv2%2Fmedia&parent=2293"}],"curies":[{"name":"wp","href":"https:\/\/api.w.org\/{rel}","templated":true}]}}