{"id":2284,"date":"2024-02-20T09:12:27","date_gmt":"2024-02-20T09:12:27","guid":{"rendered":"https:\/\/pedrocasiano.es\/?page_id=2284"},"modified":"2024-02-20T09:12:28","modified_gmt":"2024-02-20T09:12:28","slug":"fartuzco","status":"publish","type":"page","link":"https:\/\/pedrocasiano.es\/?page_id=2284","title":{"rendered":"Fartuzco"},"content":{"rendered":"\n<div class=\"wp-block-media-text is-stacked-on-mobile is-vertically-aligned-top\" style=\"grid-template-columns:32% auto\"><figure class=\"wp-block-media-text__media\"><img decoding=\"async\" width=\"1024\" height=\"853\" data-src=\"https:\/\/pedrocasiano.es\/wp-content\/uploads\/2024\/02\/image-85-1024x853.jpeg\" alt=\"No hay ninguna descripci\u00f3n de la foto disponible.\" class=\"wp-image-2285 size-full lazyload\" src=\"data:image\/svg+xml;base64,PHN2ZyB3aWR0aD0iMSIgaGVpZ2h0PSIxIiB4bWxucz0iaHR0cDovL3d3dy53My5vcmcvMjAwMC9zdmciPjwvc3ZnPg==\" style=\"--smush-placeholder-width: 1024px; --smush-placeholder-aspect-ratio: 1024\/853;\" \/><\/figure><div class=\"wp-block-media-text__content\">\n<p>Cosas de C\u00f3rdoba. Fartuzco.<\/p>\n\n\n\n<p>Hay cosas que, por sonar extra\u00f1as, no son faltas de significado ni de exactitud, una de ellas es, a fuer de serlo, y a falta de <a><\/a>sentido en contra, totalmente cordobesa. Me explico.<\/p>\n\n\n\n<p>Nuestro espa\u00f1ol, como lengua, es inagotable, por lo tanto, al que tiene una cortedad mental, una ligera oligofrenia, o llanamente est\u00e1 medio tonto, se dice que tiene una \u201cfalta\u201d, de ah\u00ed que el castellano, en su elasticidad, admitiera \u201cfaltusco\u201d, para definir a ese tipo de personas.<\/p>\n\n\n\n<p>Pero he aqu\u00ed, que llega a C\u00f3rdoba, donde por el hambre que hemos pasado, nos comemos las palabras, o bien que queremos que se nos entienda por la rotundidad de nuestras palabras.<\/p>\n\n\n\n<p>Aceptamos \u201cfaltusco\u201d, pero\u2026 no s\u00e9\u2026 le falta peso para herir, si quieres ofender, pareces un parvulito usando esa palabra, as\u00ed que la enaltecemos, la fortalecemos, la convertimos en un insulto de los \u201cbuenos\u201d, de los de tumbar un quicio, y parimos \u201cfartuzco\u201d.<\/p>\n\n\n\n<p>\u201cSer\u00e1 fartuzco el menda ese, que no tiene conocimiento ni \u201cpa\u201d echar el d\u00eda completo\u201d<\/p>\n\n\n\n<p>Elo aqu\u00ed, ya tenemos un se\u00f1or improperio. Es que el cordob\u00e9s, como lengua, es la \u201cpolla\u201d.<\/p>\n<\/div><\/div>\n","protected":false},"excerpt":{"rendered":"<p>Cosas de C\u00f3rdoba. Fartuzco. Hay cosas que, por sonar extra\u00f1as, no son faltas de significado ni de exactitud, una de ellas es, a fuer de serlo, y a falta de sentido en contra, totalmente cordobesa. Me explico. Nuestro espa\u00f1ol, como lengua, es inagotable, por lo tanto, al que tiene una cortedad mental, una ligera oligofrenia, &hellip; <\/p>\n<p class=\"link-more\"><a href=\"https:\/\/pedrocasiano.es\/?page_id=2284\" class=\"more-link\">Leer m\u00e1s<span class=\"screen-reader-text\"> \u00abFartuzco\u00bb<\/span><\/a><\/p>\n","protected":false},"author":1,"featured_media":0,"parent":0,"menu_order":0,"comment_status":"closed","ping_status":"closed","template":"","meta":{"inspiro_hide_title":false,"footnotes":""},"class_list":["post-2284","page","type-page","status-publish","hentry"],"featured_media_urls":[],"_links":{"self":[{"href":"https:\/\/pedrocasiano.es\/index.php?rest_route=\/wp\/v2\/pages\/2284","targetHints":{"allow":["GET"]}}],"collection":[{"href":"https:\/\/pedrocasiano.es\/index.php?rest_route=\/wp\/v2\/pages"}],"about":[{"href":"https:\/\/pedrocasiano.es\/index.php?rest_route=\/wp\/v2\/types\/page"}],"author":[{"embeddable":true,"href":"https:\/\/pedrocasiano.es\/index.php?rest_route=\/wp\/v2\/users\/1"}],"replies":[{"embeddable":true,"href":"https:\/\/pedrocasiano.es\/index.php?rest_route=%2Fwp%2Fv2%2Fcomments&post=2284"}],"version-history":[{"count":1,"href":"https:\/\/pedrocasiano.es\/index.php?rest_route=\/wp\/v2\/pages\/2284\/revisions"}],"predecessor-version":[{"id":2286,"href":"https:\/\/pedrocasiano.es\/index.php?rest_route=\/wp\/v2\/pages\/2284\/revisions\/2286"}],"wp:attachment":[{"href":"https:\/\/pedrocasiano.es\/index.php?rest_route=%2Fwp%2Fv2%2Fmedia&parent=2284"}],"curies":[{"name":"wp","href":"https:\/\/api.w.org\/{rel}","templated":true}]}}