{"id":2278,"date":"2024-02-20T09:09:27","date_gmt":"2024-02-20T09:09:27","guid":{"rendered":"https:\/\/pedrocasiano.es\/?page_id=2278"},"modified":"2024-04-02T04:22:14","modified_gmt":"2024-04-02T04:22:14","slug":"don-francisco-de-sales-ramirez","status":"publish","type":"page","link":"https:\/\/pedrocasiano.es\/?page_id=2278","title":{"rendered":"Don Francisco de Sales Ram\u00edrez"},"content":{"rendered":"\n<figure class=\"wp-block-image alignleft is-resized\"><img decoding=\"async\" width=\"750\" height=\"450\" data-src=\"https:\/\/pedrocasiano.es\/wp-content\/uploads\/2024\/02\/image-83.jpeg\" alt=\"No hay ninguna descripci\u00f3n de la foto disponible.\" class=\"wp-image-2279 lazyload\" style=\"--smush-placeholder-width: 750px; --smush-placeholder-aspect-ratio: 750\/450;width:417px;height:auto\" src=\"data:image\/svg+xml;base64,PHN2ZyB3aWR0aD0iMSIgaGVpZ2h0PSIxIiB4bWxucz0iaHR0cDovL3d3dy53My5vcmcvMjAwMC9zdmciPjwvc3ZnPg==\" \/><\/figure>\n\n\n\n<p>Cuando la invasi\u00f3n de los franceses, contaba D. Francisco de Sales Ramirez unos cincuenta a\u00f1os y muchas y merecidas simpat\u00edas.<\/p>\n\n\n\n<p>La noticia de que las partidas formadas en Lucena en favor de la independencia espa\u00f1ola, se dirig\u00edan \u00e1 esta ciudad, ten\u00eda \u00e1 los cordobeses con un comprimido j\u00fabilo que avivaba mas y mas la esperanza de verse libres de los opresores.<\/p>\n\n\n\n<p>Era la ma\u00f1ana del dia 15 de Setiembre de 1810, cuando D. Francisco se encontr\u00f3 en la calle del Pilero [Mateo Inurria] con una monja exclaustrada de uno de los conventos, a favor de la autorizaci\u00f3n dada por los franceses: par\u00e1ronse \u00e1 hablar, y fiado de la confianza que con ella ten\u00eda, le dio la noticia de la venida de fuerzas espa\u00f1olas, recelando el que la hiciesen tornar \u00e1 la clausura. Temerosa aquella de volver \u00e1 su convento, pas\u00f3 a seguida \u00e1 ver al general Godinot, que habitaba en las casas de los Marqueses de Villa Verde, rog\u00e1ndole la permitiera marcharse con la divisi\u00f3n francesa. Sorprendi\u00f3le a aquel la visita, y deseando no se propalasen noticias semejantes y de que el p\u00e1nico cundiera entre los cordobeses, la oblig\u00f3 \u00e1 delatar \u00e1 D. Francisco de Sales Ramirez, \u00e1 quien en seguida fueron \u00e1 buscar \u00e1 su casa, n\u00fam. 1.\u00b0 de la calle de Pedregosa. Lleg\u00f3 a presencia de aquel tigre y, lejos de negar la noticia, confes\u00f3 lo que habia oido y dicho, que no otra cosa podia manifestar un sacerdote tan virtuoso y puntual en el cumplimiento de sus deberes.<\/p>\n\n\n\n<p>Furioso Godinot, llamo \u00e1 uno de sus ayudantes, \u00e1 quien dio esta terrible orden: \u00abConducidlo al principal, y que tal como est\u00e1, hasta con el sombrero de teja, sea inmediatamente ahorcado en medio de la Corredera.\u00bb<\/p>\n\n\n\n<p>Obedeci\u00f3 el ayudante, llevando \u00e1 aquel desgraciado al cuartel [actual Centro C\u00edvico de la Corredera], hoy sombrerer\u00eda de los Sres. Sanchez y compa\u00f1\u00eda, en cuya puerta lo tuvieron sentado en un banquillo, mientras preparaban el pat\u00edbulo, no pasando una hora cuando se habia cumplido tan inhumana sentencia, tanto, que llegada la noticia de ello al Obispo D. Pedro Alc\u00e1ntara Trevilla, se subi\u00f3 en el coche para ver si lograba se revocase la orden, y al llegar \u00e1 la Cruz del Rastro, oy\u00f3 la campana de San Pedro que tocaba la agon\u00eda. A mas de esto, se mand\u00f3 poner sobre la puerta de la morada del desgraciado D. Francisco una inscripci\u00f3n diciendo su castigo, no efectu\u00e1ndose \u00e1 ruego de la familia, que lo juzg\u00f3 deshonroso, cuando despu\u00e9s se hubiera considerado como un timbre de gloria.<\/p>\n\n\n\n<p>Godinot dio tambi\u00e9n su orden por escrito, que impresa hizo fijar en todos los sitios mas p\u00fablicos de C\u00f3rdoba; su testo era el siguiente:<\/p>\n\n\n\n<p>\u00abGobierno general de los Reinos de C\u00f3rdoba y Ja\u00e9n. \u2014 El nombrado Francisco Ramirez, presb\u00edtero, ser\u00e1 ahorcado al instante por haber esparcido en la ciudad de C\u00f3rdoba la voz de que los insurgentes debian entrar aqu\u00ed ma\u00f1ana, y que se hab\u00edan pedido raciones para ellos. \u2014 Algunos otros individuos difunden rumores subversivos: gu\u00e1rdense de esperimentar igual desgraciada suerte. \u2014 Ya que el modo suave con que he gobernado hasta ahora, no ha podido atraer los \u00e1nimos al conocimiento de sus propios intereses, emplear\u00e9 contra los perturbadores del sosiego p\u00fablico toda la severidad de mis facultades.\u2014 Si los insurgentes se aproximasen \u00e1 la ciudad, tengo medios conque combatirlos y vencerlos. \u2014 Queda \u00e1 cargo de los Magistrados de esta ciudad hacer publicar esta orden que se circular\u00e1 \u00e1 toda la provincia de C\u00f3rdoba. \u2014 Fecho en el palacio del Gobierno general de los Reinos de C\u00f3rdoba y Ja\u00e9n, \u00e1 15 de Setiembre de 1810.\u2014 El Gobernador general. &#8211; Bar\u00f3n de Godinot.\u00bb<\/p>\n\n\n\n<p>El rector de la parroquia de San Pedro, redact\u00f3 la partida de defunci\u00f3n en los t\u00e9rminos mas concisos posible, y despu\u00e9s de la marcha de los franceses se puso otra nueva, que honra la memoria de aquel m\u00e1rtir de la independencia de Espa\u00f1a.<\/p>\n","protected":false},"excerpt":{"rendered":"<p>Cuando la invasi\u00f3n de los franceses, contaba D. Francisco de Sales Ramirez unos cincuenta a\u00f1os y muchas y merecidas simpat\u00edas. La noticia de que las partidas formadas en Lucena en favor de la independencia espa\u00f1ola, se dirig\u00edan \u00e1 esta ciudad, ten\u00eda \u00e1 los cordobeses con un comprimido j\u00fabilo que avivaba mas y mas la esperanza &hellip; <\/p>\n<p class=\"link-more\"><a href=\"https:\/\/pedrocasiano.es\/?page_id=2278\" class=\"more-link\">Leer m\u00e1s<span class=\"screen-reader-text\"> \u00abDon Francisco de Sales Ram\u00edrez\u00bb<\/span><\/a><\/p>\n","protected":false},"author":1,"featured_media":0,"parent":0,"menu_order":0,"comment_status":"closed","ping_status":"closed","template":"","meta":{"inspiro_hide_title":false,"footnotes":""},"class_list":["post-2278","page","type-page","status-publish","hentry"],"featured_media_urls":[],"_links":{"self":[{"href":"https:\/\/pedrocasiano.es\/index.php?rest_route=\/wp\/v2\/pages\/2278","targetHints":{"allow":["GET"]}}],"collection":[{"href":"https:\/\/pedrocasiano.es\/index.php?rest_route=\/wp\/v2\/pages"}],"about":[{"href":"https:\/\/pedrocasiano.es\/index.php?rest_route=\/wp\/v2\/types\/page"}],"author":[{"embeddable":true,"href":"https:\/\/pedrocasiano.es\/index.php?rest_route=\/wp\/v2\/users\/1"}],"replies":[{"embeddable":true,"href":"https:\/\/pedrocasiano.es\/index.php?rest_route=%2Fwp%2Fv2%2Fcomments&post=2278"}],"version-history":[{"count":2,"href":"https:\/\/pedrocasiano.es\/index.php?rest_route=\/wp\/v2\/pages\/2278\/revisions"}],"predecessor-version":[{"id":6365,"href":"https:\/\/pedrocasiano.es\/index.php?rest_route=\/wp\/v2\/pages\/2278\/revisions\/6365"}],"wp:attachment":[{"href":"https:\/\/pedrocasiano.es\/index.php?rest_route=%2Fwp%2Fv2%2Fmedia&parent=2278"}],"curies":[{"name":"wp","href":"https:\/\/api.w.org\/{rel}","templated":true}]}}