{"id":2275,"date":"2024-02-20T09:07:47","date_gmt":"2024-02-20T09:07:47","guid":{"rendered":"https:\/\/pedrocasiano.es\/?page_id=2275"},"modified":"2024-02-23T10:07:02","modified_gmt":"2024-02-23T10:07:02","slug":"las-chicas-de-la-porcelana","status":"publish","type":"page","link":"https:\/\/pedrocasiano.es\/?page_id=2275","title":{"rendered":"Las Chicas de la \u00abPorcelana\u00bb"},"content":{"rendered":"\n<div class=\"wp-block-media-text is-stacked-on-mobile is-vertically-aligned-top\" style=\"grid-template-columns:29% auto\"><figure class=\"wp-block-media-text__media\"><img decoding=\"async\" width=\"1024\" height=\"960\" data-src=\"https:\/\/pedrocasiano.es\/wp-content\/uploads\/2024\/02\/image-82-1024x960.jpeg\" alt=\"No hay ninguna descripci\u00f3n de la foto disponible.\" class=\"wp-image-2276 size-full lazyload\" src=\"data:image\/svg+xml;base64,PHN2ZyB3aWR0aD0iMSIgaGVpZ2h0PSIxIiB4bWxucz0iaHR0cDovL3d3dy53My5vcmcvMjAwMC9zdmciPjwvc3ZnPg==\" style=\"--smush-placeholder-width: 1024px; --smush-placeholder-aspect-ratio: 1024\/960;\" \/><\/figure><div class=\"wp-block-media-text__content\">\n<p><span style=\"color: initial; font-family: inherit; font-size: 14px; font-weight: var(--wp--custom--font-weight--regular);\">En nuestra tierra que le sacan punta al tronco de un alcornoque, exist\u00eda una frase que se dec\u00eda:<\/span><\/p>\n\n\n\n<p>La frase viene a colaci\u00f3n de que la mayor\u00eda de los empleados eran mujeres, pues, ellas eran mucho m\u00e1s primorosas en la terminaci\u00f3n de los esmaltes, de ah\u00ed, que la frase hable de que de hombre, poco.<\/p>\n\n\n\n<p>Foto de pasja1000<\/p>\n<\/div><\/div>\n","protected":false},"excerpt":{"rendered":"<p>En nuestra tierra que le sacan punta al tronco de un alcornoque, exist\u00eda una frase que se dec\u00eda: La frase viene a colaci\u00f3n de que la mayor\u00eda de los empleados eran mujeres, pues, ellas eran mucho m\u00e1s primorosas en la terminaci\u00f3n de los esmaltes, de ah\u00ed, que la frase hable de que de hombre, poco. &hellip; <\/p>\n<p class=\"link-more\"><a href=\"https:\/\/pedrocasiano.es\/?page_id=2275\" class=\"more-link\">Leer m\u00e1s<span class=\"screen-reader-text\"> \u00abLas Chicas de la \u00abPorcelana\u00bb\u00bb<\/span><\/a><\/p>\n","protected":false},"author":1,"featured_media":0,"parent":0,"menu_order":0,"comment_status":"closed","ping_status":"closed","template":"","meta":{"inspiro_hide_title":false,"footnotes":""},"class_list":["post-2275","page","type-page","status-publish","hentry"],"featured_media_urls":[],"_links":{"self":[{"href":"https:\/\/pedrocasiano.es\/index.php?rest_route=\/wp\/v2\/pages\/2275","targetHints":{"allow":["GET"]}}],"collection":[{"href":"https:\/\/pedrocasiano.es\/index.php?rest_route=\/wp\/v2\/pages"}],"about":[{"href":"https:\/\/pedrocasiano.es\/index.php?rest_route=\/wp\/v2\/types\/page"}],"author":[{"embeddable":true,"href":"https:\/\/pedrocasiano.es\/index.php?rest_route=\/wp\/v2\/users\/1"}],"replies":[{"embeddable":true,"href":"https:\/\/pedrocasiano.es\/index.php?rest_route=%2Fwp%2Fv2%2Fcomments&post=2275"}],"version-history":[{"count":2,"href":"https:\/\/pedrocasiano.es\/index.php?rest_route=\/wp\/v2\/pages\/2275\/revisions"}],"predecessor-version":[{"id":3880,"href":"https:\/\/pedrocasiano.es\/index.php?rest_route=\/wp\/v2\/pages\/2275\/revisions\/3880"}],"wp:attachment":[{"href":"https:\/\/pedrocasiano.es\/index.php?rest_route=%2Fwp%2Fv2%2Fmedia&parent=2275"}],"curies":[{"name":"wp","href":"https:\/\/api.w.org\/{rel}","templated":true}]}}