{"id":2272,"date":"2024-02-20T09:05:55","date_gmt":"2024-02-20T09:05:55","guid":{"rendered":"https:\/\/pedrocasiano.es\/?page_id=2272"},"modified":"2024-02-20T09:05:55","modified_gmt":"2024-02-20T09:05:55","slug":"las-tetas-de-las-cordobesas","status":"publish","type":"page","link":"https:\/\/pedrocasiano.es\/?page_id=2272","title":{"rendered":"Las Tetas de las Cordobesas"},"content":{"rendered":"\n<div class=\"wp-block-media-text is-stacked-on-mobile is-vertically-aligned-top\" style=\"grid-template-columns:30% auto\"><figure class=\"wp-block-media-text__media\"><img decoding=\"async\" width=\"1024\" height=\"907\" data-src=\"https:\/\/pedrocasiano.es\/wp-content\/uploads\/2024\/02\/image-81-1024x907.jpeg\" alt=\"No hay ninguna descripci\u00f3n de la foto disponible.\" class=\"wp-image-2273 size-full lazyload\" src=\"data:image\/svg+xml;base64,PHN2ZyB3aWR0aD0iMSIgaGVpZ2h0PSIxIiB4bWxucz0iaHR0cDovL3d3dy53My5vcmcvMjAwMC9zdmciPjwvc3ZnPg==\" style=\"--smush-placeholder-width: 1024px; --smush-placeholder-aspect-ratio: 1024\/907;\" \/><\/figure><div class=\"wp-block-media-text__content\">\n<p>En 1367, cuando D. Pedro el Cruel vino sobre C\u00f3rdoba, auxiliado del Rey moro de Granada, y se dio la famosa <a><\/a>batalla del seis de Noviembre, origen del t\u00edtulo de Campo de la Verdad, deb\u00eda ya existir la Corredera, con una fuente; pues cuentan tradicionalmente, que al saber aquel el valor de las mujeres defendiendo la muralla por el Alc\u00e1zar Viejo, \u00e9sclam\u00f3 lleno de ira: \u00abYo volver\u00e9 \u00e1 C\u00f3rdoba, y juro qu\u00e9 he de henchir con tetas de cordobesas el pilar de la Corredera.\u00bb<\/p>\n\n\n\n<p>Yo solo a\u00f1adir\u00eda, cuidado, que las cordobesas, son de armas tomar, que mi tocayo ya se dio cuenta.<\/p>\n\n\n\n<p>Imagen de Klaus Hausmann<\/p>\n<\/div><\/div>\n","protected":false},"excerpt":{"rendered":"<p>En 1367, cuando D. Pedro el Cruel vino sobre C\u00f3rdoba, auxiliado del Rey moro de Granada, y se dio la famosa batalla del seis de Noviembre, origen del t\u00edtulo de Campo de la Verdad, deb\u00eda ya existir la Corredera, con una fuente; pues cuentan tradicionalmente, que al saber aquel el valor de las mujeres defendiendo &hellip; <\/p>\n<p class=\"link-more\"><a href=\"https:\/\/pedrocasiano.es\/?page_id=2272\" class=\"more-link\">Leer m\u00e1s<span class=\"screen-reader-text\"> \u00abLas Tetas de las Cordobesas\u00bb<\/span><\/a><\/p>\n","protected":false},"author":1,"featured_media":0,"parent":0,"menu_order":0,"comment_status":"closed","ping_status":"closed","template":"","meta":{"inspiro_hide_title":false,"footnotes":""},"class_list":["post-2272","page","type-page","status-publish","hentry"],"featured_media_urls":[],"_links":{"self":[{"href":"https:\/\/pedrocasiano.es\/index.php?rest_route=\/wp\/v2\/pages\/2272","targetHints":{"allow":["GET"]}}],"collection":[{"href":"https:\/\/pedrocasiano.es\/index.php?rest_route=\/wp\/v2\/pages"}],"about":[{"href":"https:\/\/pedrocasiano.es\/index.php?rest_route=\/wp\/v2\/types\/page"}],"author":[{"embeddable":true,"href":"https:\/\/pedrocasiano.es\/index.php?rest_route=\/wp\/v2\/users\/1"}],"replies":[{"embeddable":true,"href":"https:\/\/pedrocasiano.es\/index.php?rest_route=%2Fwp%2Fv2%2Fcomments&post=2272"}],"version-history":[{"count":1,"href":"https:\/\/pedrocasiano.es\/index.php?rest_route=\/wp\/v2\/pages\/2272\/revisions"}],"predecessor-version":[{"id":2274,"href":"https:\/\/pedrocasiano.es\/index.php?rest_route=\/wp\/v2\/pages\/2272\/revisions\/2274"}],"wp:attachment":[{"href":"https:\/\/pedrocasiano.es\/index.php?rest_route=%2Fwp%2Fv2%2Fmedia&parent=2272"}],"curies":[{"name":"wp","href":"https:\/\/api.w.org\/{rel}","templated":true}]}}