{"id":2266,"date":"2024-02-20T09:02:54","date_gmt":"2024-02-20T09:02:54","guid":{"rendered":"https:\/\/pedrocasiano.es\/?page_id=2266"},"modified":"2024-02-20T09:02:55","modified_gmt":"2024-02-20T09:02:55","slug":"don-pedro-de-heredia-y-la-cabeza-del-toro","status":"publish","type":"page","link":"https:\/\/pedrocasiano.es\/?page_id=2266","title":{"rendered":"Don Pedro de Heredia y la cabeza del Toro"},"content":{"rendered":"\n<div class=\"wp-block-media-text is-stacked-on-mobile is-vertically-aligned-top\" style=\"grid-template-columns:29% auto\"><figure class=\"wp-block-media-text__media\"><img decoding=\"async\" width=\"1024\" height=\"960\" data-src=\"https:\/\/pedrocasiano.es\/wp-content\/uploads\/2024\/02\/image-79-1024x960.jpeg\" alt=\"No hay ninguna descripci\u00f3n de la foto disponible.\" class=\"wp-image-2267 size-full lazyload\" src=\"data:image\/svg+xml;base64,PHN2ZyB3aWR0aD0iMSIgaGVpZ2h0PSIxIiB4bWxucz0iaHR0cDovL3d3dy53My5vcmcvMjAwMC9zdmciPjwvc3ZnPg==\" style=\"--smush-placeholder-width: 1024px; --smush-placeholder-aspect-ratio: 1024\/960;\" \/><\/figure><div class=\"wp-block-media-text__content\">\n<p>Celebr\u00e1banse fiestas reales, y conforme a las costumbres de aquellos tiempos, todos los caballeros cordobeses corr\u00edan \u00e1 lucir su destreza en el manejo de las armas y la brida, al par que los ricos y vistosos jaeces con que ataviaban sus caballos. D. Pedro de Heredia, ya famoso en toda la comarca, por su valor y pericia en las armas, baj\u00f3 tambi\u00e9n \u00e1 la Corredera, llamando la atenci\u00f3n de la concurrencia por el lujo con que se presentaba: cerca de la fachada de la c\u00e1rcel estaba la fuente, no dejando hasta la otra acera mas que quince \u00f3 veinte varas de espacio; por \u00e9ste atravesaba D. Pedro, buscando la vuelta al toro para hacerle una suerte de rejoncillo, cuando de pronto se le arranc\u00f3 con tal acometida, que sin darle tiempo a huir, clav\u00f3 ambos cuernos hasta las cepas, en el vientre de su hermoso corcel, poniendo \u00e1 la vez en gran peligro la vida del caballero, quien, lejos de amedrentarse, sac\u00f3 su espada, dando un rev\u00e9s tan grande en el pescuezo de la fiera, que se lo cort\u00f3, dej\u00e1ndoselo colgado solo del pellejo de un lado: toro y caballo quedaron all\u00ed muertos, saliendo despu\u00e9s D. Pedro de Heredia, sobre otro hermoso animal, \u00e1 recibir los pl\u00e1cemes y enhorabuenas que todos le prodigaban por la suerte que hab\u00eda tenido, si bien con la p\u00e9rdida de su cabalgadura y sus costosos atav\u00edos.<\/p>\n<\/div><\/div>\n","protected":false},"excerpt":{"rendered":"<p>Celebr\u00e1banse fiestas reales, y conforme a las costumbres de aquellos tiempos, todos los caballeros cordobeses corr\u00edan \u00e1 lucir su destreza en el manejo de las armas y la brida, al par que los ricos y vistosos jaeces con que ataviaban sus caballos. D. Pedro de Heredia, ya famoso en toda la comarca, por su valor &hellip; <\/p>\n<p class=\"link-more\"><a href=\"https:\/\/pedrocasiano.es\/?page_id=2266\" class=\"more-link\">Leer m\u00e1s<span class=\"screen-reader-text\"> \u00abDon Pedro de Heredia y la cabeza del Toro\u00bb<\/span><\/a><\/p>\n","protected":false},"author":1,"featured_media":0,"parent":0,"menu_order":0,"comment_status":"closed","ping_status":"closed","template":"","meta":{"inspiro_hide_title":false,"footnotes":""},"class_list":["post-2266","page","type-page","status-publish","hentry"],"featured_media_urls":[],"_links":{"self":[{"href":"https:\/\/pedrocasiano.es\/index.php?rest_route=\/wp\/v2\/pages\/2266","targetHints":{"allow":["GET"]}}],"collection":[{"href":"https:\/\/pedrocasiano.es\/index.php?rest_route=\/wp\/v2\/pages"}],"about":[{"href":"https:\/\/pedrocasiano.es\/index.php?rest_route=\/wp\/v2\/types\/page"}],"author":[{"embeddable":true,"href":"https:\/\/pedrocasiano.es\/index.php?rest_route=\/wp\/v2\/users\/1"}],"replies":[{"embeddable":true,"href":"https:\/\/pedrocasiano.es\/index.php?rest_route=%2Fwp%2Fv2%2Fcomments&post=2266"}],"version-history":[{"count":1,"href":"https:\/\/pedrocasiano.es\/index.php?rest_route=\/wp\/v2\/pages\/2266\/revisions"}],"predecessor-version":[{"id":2268,"href":"https:\/\/pedrocasiano.es\/index.php?rest_route=\/wp\/v2\/pages\/2266\/revisions\/2268"}],"wp:attachment":[{"href":"https:\/\/pedrocasiano.es\/index.php?rest_route=%2Fwp%2Fv2%2Fmedia&parent=2266"}],"curies":[{"name":"wp","href":"https:\/\/api.w.org\/{rel}","templated":true}]}}