{"id":2260,"date":"2024-02-20T09:00:19","date_gmt":"2024-02-20T09:00:19","guid":{"rendered":"https:\/\/pedrocasiano.es\/?page_id=2260"},"modified":"2024-02-20T09:00:19","modified_gmt":"2024-02-20T09:00:19","slug":"la-celebracion-de-la-victoria-de-lepanto-1571-en-la-corredera","status":"publish","type":"page","link":"https:\/\/pedrocasiano.es\/?page_id=2260","title":{"rendered":"La Celebraci\u00f3n de la Victoria de Lepanto (1571) en la Corredera."},"content":{"rendered":"\n<div class=\"wp-block-media-text is-stacked-on-mobile is-vertically-aligned-top\" style=\"grid-template-columns:25% auto\"><figure class=\"wp-block-media-text__media\"><img decoding=\"async\" width=\"764\" height=\"960\" data-src=\"https:\/\/pedrocasiano.es\/wp-content\/uploads\/2024\/02\/image-77.jpeg\" alt=\"No hay ninguna descripci\u00f3n de la foto disponible.\" class=\"wp-image-2261 size-full lazyload\" src=\"data:image\/svg+xml;base64,PHN2ZyB3aWR0aD0iMSIgaGVpZ2h0PSIxIiB4bWxucz0iaHR0cDovL3d3dy53My5vcmcvMjAwMC9zdmciPjwvc3ZnPg==\" style=\"--smush-placeholder-width: 764px; --smush-placeholder-aspect-ratio: 764\/960;\" \/><\/figure><div class=\"wp-block-media-text__content\">\n<p>Designados los tres d\u00edas de Pascua de Navidad, la Ciudad se\u00f1al\u00f3 como premios, once piezas de terciopelo, damasco y tela de plata de todos colores: dos para los que mas corriesen a caballo; cuatro para los hombres de a pi\u00e9 que mas lucieran; otras dos para las mujeres de la Manceb\u00eda, y tres para las tres mejores compa\u00f1\u00edas de infanter\u00eda, las que eran formadas por los gremios \u00fa oficios. En el centro de la plaza levantaron un castillo, tres \u00f3 cuatro varas mas alto que el P\u00f3sito, con tres arcos, el del centro de gran claro, y sobre estos una ventana, y un pel\u00edcano en medio, de cuyo pico sal\u00eda vino tinto, para el que quisiera beberlo; bajo el arco principal hab\u00eda una sierpe, llena de cohetes, que a su tiempo dieron gran estruendo, y en la parte mas elevada, un trofeo con tres banderas, dos encarnadas y una blanca, con los escudos de C\u00f3rdoba y Espa\u00f1a: dentro del castillo hab\u00eda muchos soldados con arcabuces y ca\u00f1ones; el alf\u00e9rez que lo mandaba ten\u00eda otra bandera en la mano: este improvisado edificio constaba de cincuenta varas d\u00e9 frente por seis d\u00e9 fondo: las compa\u00f1\u00edas, en que iban todos muy lujosos, empezaron \u00e1 combatirlo, la de los zapateros que vest\u00edan de turcos y mandaba el chapinero I\u00f1igo L\u00f3pez de Mendoza, representando al gran Baj\u00e1 con su bandera y atambores \u00e1 uso de aquellos; trab\u00f3se una gran batalla entre estos y los defensores del castillo, tomando parte unos trescientos arcabuceros: el jurado que hab\u00eda de dar los premios, adjudic\u00f3 \u00e1 los zapateros una hermosa pieza de seda con este lema: \u00abMejor infanter\u00eda.\u00bb Adem\u00e1s de esta fiesta hubo en las otras tardes muchos disfraces, y en la \u00faltima se figur\u00f3 un combate naval entre varias barcas de \u00e1 seis varas, colgadas de maromas, lanz\u00e1ndose las unas a las otras infinidad de cohetes. Tanto en \u00e9stas como en el castillo, se ve\u00edan pintadas las batallas de los moriscos de Granada y los combates ganados por D. Juan de Austria.<\/p>\n\n\n\n<p>Paseos por C\u00f3rdoba.<\/p>\n<\/div><\/div>\n","protected":false},"excerpt":{"rendered":"<p>Designados los tres d\u00edas de Pascua de Navidad, la Ciudad se\u00f1al\u00f3 como premios, once piezas de terciopelo, damasco y tela de plata de todos colores: dos para los que mas corriesen a caballo; cuatro para los hombres de a pi\u00e9 que mas lucieran; otras dos para las mujeres de la Manceb\u00eda, y tres para las &hellip; <\/p>\n<p class=\"link-more\"><a href=\"https:\/\/pedrocasiano.es\/?page_id=2260\" class=\"more-link\">Leer m\u00e1s<span class=\"screen-reader-text\"> \u00abLa Celebraci\u00f3n de la Victoria de Lepanto (1571) en la Corredera.\u00bb<\/span><\/a><\/p>\n","protected":false},"author":1,"featured_media":0,"parent":0,"menu_order":0,"comment_status":"closed","ping_status":"closed","template":"","meta":{"inspiro_hide_title":false,"footnotes":""},"class_list":["post-2260","page","type-page","status-publish","hentry"],"featured_media_urls":[],"_links":{"self":[{"href":"https:\/\/pedrocasiano.es\/index.php?rest_route=\/wp\/v2\/pages\/2260","targetHints":{"allow":["GET"]}}],"collection":[{"href":"https:\/\/pedrocasiano.es\/index.php?rest_route=\/wp\/v2\/pages"}],"about":[{"href":"https:\/\/pedrocasiano.es\/index.php?rest_route=\/wp\/v2\/types\/page"}],"author":[{"embeddable":true,"href":"https:\/\/pedrocasiano.es\/index.php?rest_route=\/wp\/v2\/users\/1"}],"replies":[{"embeddable":true,"href":"https:\/\/pedrocasiano.es\/index.php?rest_route=%2Fwp%2Fv2%2Fcomments&post=2260"}],"version-history":[{"count":1,"href":"https:\/\/pedrocasiano.es\/index.php?rest_route=\/wp\/v2\/pages\/2260\/revisions"}],"predecessor-version":[{"id":2262,"href":"https:\/\/pedrocasiano.es\/index.php?rest_route=\/wp\/v2\/pages\/2260\/revisions\/2262"}],"wp:attachment":[{"href":"https:\/\/pedrocasiano.es\/index.php?rest_route=%2Fwp%2Fv2%2Fmedia&parent=2260"}],"curies":[{"name":"wp","href":"https:\/\/api.w.org\/{rel}","templated":true}]}}