{"id":2257,"date":"2024-02-20T08:58:49","date_gmt":"2024-02-20T08:58:49","guid":{"rendered":"https:\/\/pedrocasiano.es\/?page_id=2257"},"modified":"2024-02-20T08:58:50","modified_gmt":"2024-02-20T08:58:50","slug":"juegos-de-canas","status":"publish","type":"page","link":"https:\/\/pedrocasiano.es\/?page_id=2257","title":{"rendered":"Juegos de Ca\u00f1as"},"content":{"rendered":"\n<div class=\"wp-block-media-text is-stacked-on-mobile is-vertically-aligned-top\" style=\"grid-template-columns:40% auto\"><figure class=\"wp-block-media-text__media\"><img decoding=\"async\" width=\"500\" height=\"281\" data-src=\"https:\/\/pedrocasiano.es\/wp-content\/uploads\/2024\/02\/image-76.jpeg\" alt=\"No hay ninguna descripci\u00f3n de la foto disponible.\" class=\"wp-image-2258 size-full lazyload\" src=\"data:image\/svg+xml;base64,PHN2ZyB3aWR0aD0iMSIgaGVpZ2h0PSIxIiB4bWxucz0iaHR0cDovL3d3dy53My5vcmcvMjAwMC9zdmciPjwvc3ZnPg==\" style=\"--smush-placeholder-width: 500px; --smush-placeholder-aspect-ratio: 500\/281;\" \/><\/figure><div class=\"wp-block-media-text__content\">\n<p>Cosas de C\u00f3rdoba. Juegos de Ca\u00f1as.<\/p>\n\n\n\n<p>El Juego de ca\u00f1as, es un juego de origen militar \u00e1rabe, muy celebrado en Espa\u00f1a del siglo XVI al XVIII, en muchas de sus <a><\/a>Plazas Mayores. El esp\u00edritu del juego, como tambi\u00e9n se da en juegos del presente, giraba en torno a simular una acci\u00f3n b\u00e9lica o de combate. Consist\u00eda en hileras de hombres montados a caballo (normalmente nobles) tir\u00e1ndose ca\u00f1as a modo de lanzas o dardos y par\u00e1ndolas con el escudo, Se hac\u00edan cargas de combate, escapando haciendo c\u00edrculos o semic\u00edrculos en grupos de hileras<\/p>\n\n\n\n<p>Ya sabemos de donde viene el nombre de la Plaza de las Ca\u00f1as.<\/p>\n<\/div><\/div>\n","protected":false},"excerpt":{"rendered":"<p>Cosas de C\u00f3rdoba. Juegos de Ca\u00f1as. El Juego de ca\u00f1as, es un juego de origen militar \u00e1rabe, muy celebrado en Espa\u00f1a del siglo XVI al XVIII, en muchas de sus Plazas Mayores. El esp\u00edritu del juego, como tambi\u00e9n se da en juegos del presente, giraba en torno a simular una acci\u00f3n b\u00e9lica o de combate. &hellip; <\/p>\n<p class=\"link-more\"><a href=\"https:\/\/pedrocasiano.es\/?page_id=2257\" class=\"more-link\">Leer m\u00e1s<span class=\"screen-reader-text\"> \u00abJuegos de Ca\u00f1as\u00bb<\/span><\/a><\/p>\n","protected":false},"author":1,"featured_media":0,"parent":0,"menu_order":0,"comment_status":"closed","ping_status":"closed","template":"","meta":{"inspiro_hide_title":false,"footnotes":""},"class_list":["post-2257","page","type-page","status-publish","hentry"],"featured_media_urls":[],"_links":{"self":[{"href":"https:\/\/pedrocasiano.es\/index.php?rest_route=\/wp\/v2\/pages\/2257","targetHints":{"allow":["GET"]}}],"collection":[{"href":"https:\/\/pedrocasiano.es\/index.php?rest_route=\/wp\/v2\/pages"}],"about":[{"href":"https:\/\/pedrocasiano.es\/index.php?rest_route=\/wp\/v2\/types\/page"}],"author":[{"embeddable":true,"href":"https:\/\/pedrocasiano.es\/index.php?rest_route=\/wp\/v2\/users\/1"}],"replies":[{"embeddable":true,"href":"https:\/\/pedrocasiano.es\/index.php?rest_route=%2Fwp%2Fv2%2Fcomments&post=2257"}],"version-history":[{"count":1,"href":"https:\/\/pedrocasiano.es\/index.php?rest_route=\/wp\/v2\/pages\/2257\/revisions"}],"predecessor-version":[{"id":2259,"href":"https:\/\/pedrocasiano.es\/index.php?rest_route=\/wp\/v2\/pages\/2257\/revisions\/2259"}],"wp:attachment":[{"href":"https:\/\/pedrocasiano.es\/index.php?rest_route=%2Fwp%2Fv2%2Fmedia&parent=2257"}],"curies":[{"name":"wp","href":"https:\/\/api.w.org\/{rel}","templated":true}]}}