{"id":2243,"date":"2024-02-20T08:39:36","date_gmt":"2024-02-20T08:39:36","guid":{"rendered":"https:\/\/pedrocasiano.es\/?page_id=2243"},"modified":"2024-03-30T17:06:43","modified_gmt":"2024-03-30T17:06:43","slug":"perdido-en-cordoba","status":"publish","type":"page","link":"https:\/\/pedrocasiano.es\/?page_id=2243","title":{"rendered":"Perdido en C\u00f3rdoba"},"content":{"rendered":"\n<figure class=\"wp-block-image alignleft is-resized\"><img decoding=\"async\" width=\"767\" height=\"960\" data-src=\"https:\/\/pedrocasiano.es\/wp-content\/uploads\/2024\/02\/image-72.jpeg\" alt=\"No hay ninguna descripci\u00f3n de la foto disponible.\" class=\"wp-image-2244 lazyload\" style=\"--smush-placeholder-width: 767px; --smush-placeholder-aspect-ratio: 767\/960;width:433px;height:auto\" src=\"data:image\/svg+xml;base64,PHN2ZyB3aWR0aD0iMSIgaGVpZ2h0PSIxIiB4bWxucz0iaHR0cDovL3d3dy53My5vcmcvMjAwMC9zdmciPjwvc3ZnPg==\" \/><\/figure>\n\n\n\n<p>Y me perd\u00ed, en esta ciudad, que conozco como la palma de mi mano, me perd\u00ed. Imagin\u00e9, necesit\u00e9 imaginar que no la conoc\u00eda, que necesitaba verla con otros ojos, ojos de alguien que no la conoc\u00eda, y me perd\u00ed.<\/p>\n\n\n\n<p>Vi en la puerta de las Palmas a los soldados palaciegos de rango menor, esperando a los nobles, esperando que terminaran sus rezos, tambi\u00e9n entre los andalus\u00edes hab\u00eda quien no rezaba, quien solo iba a la Mezquita de paso, y segu\u00ed perdido, vi que no estaba el estuco ca\u00eddo, que la almagra, aun brillaba, y golpes, enormes andamios, la Mezquita no estaba terminada.<\/p>\n\n\n\n<p>Voces, griter\u00edo, que el idioma cambia, pero nunca el tono de voz, la soldadesca en su chuler\u00eda, los vendedores, su algarab\u00eda, y calladas\u2026 solo las fuentes en su murmullo.<\/p>\n\n\n\n<p>Caballos nerviosos, no bellos, terribles, con los flancos y pecheras protegidos, y los soldados no de paseo, sino de los de cota de malla remendada, sin afeitar, y los vi, lejos de los estereotipos, los vi, ni chilabas, ni trajes anchos, petos de cuero, sobrecargados de mallas, golpeadas una y otra vez, pantalones de piel dura, gastados en la entrepierna, en las cachas, de galopados, bacines de guerra cubriendo las cabezas, ahora tirados, en la fuente, buscando el frio, pues la primavera pega.<\/p>\n\n\n\n<p>Jinetas afiladas en fundas pendientes de bellos talabartes, cordobanes en las caballer\u00edas, los belfos rebosantes de agua, del agua de la fuente, la que trae agua del Camello, un poco agria pero fr\u00eda, y, a fin de cuentas, en C\u00f3rdoba, que m\u00e1s se puede pedir.<\/p>\n\n\n\n<p>El almuec\u00edn, retorna a su letan\u00eda, nadie levanta la cabeza, todo lo que diga ya est\u00e1 o\u00eddo, los matarifes, se ense\u00f1an cicatrices, cortes y pintadas en el cuerpo, en la cara, todo para dar miedo, y lo consiguen, pero m\u00e1s con las vac\u00edas enc\u00edas, la mirada torva, y la mala catadura.<\/p>\n\n\n\n<p>Uno de ellos, el m\u00e1s viejo se levanta, saca su casco de la fuente, lleno de agua y le da de beber al caballo, aun sabi\u00e9ndolo saciado, es un precioso gara\u00f1\u00f3n negro, sucio pero majestuoso, el caballo bebe, despu\u00e9s le acerca la cabeza a su due\u00f1o, y este le besa el hocico, le susurra en un \u00e1rabe que sin saber porque entiendo.<\/p>\n\n\n\n<p>\u201cAlma m\u00eda, defi\u00e9ndeme del oscuro enemigo, alma m\u00eda\u201d<\/p>\n\n\n\n<p>El caballo asiente como si lo hubiera entendido, el viejo soldado, se sienta de nuevo y habla con sus compa\u00f1eros de fechor\u00edas, de mil mentiras, de mil batallas, muchas no vividas.<\/p>\n\n\n\n<p>Salen los se\u00f1ores, ellos si portan seda, y afeites, y joyer\u00eda, los soldados agachan cuerpos y miran al suelo, ya no hay risas, montan en los caballos, y rodean a sus amos, que suben en su carruaje, ya no hay risas, solo semblantes serios, solo miradas altivas, ahora dan m\u00e1s miedo, ofician su oficio y saben hacerlo, y el Almuec\u00edn continua con sus palabras continuas, y se oyen los cascos y los golpes de los picapedreros que ampl\u00edan la mezquita, la almagra reluce, y la comitiva se aleja de la Mezquita Aljama, la principal, la de los viernes, y los mercenarios, como si no fuera con ellos, la olvidan, tienen que oficiar su oficio, all\u00ed queda la mezquita, los gritos de los vendedores, la algarab\u00eda de los picapedreros, del mon\u00f3tono recitar del almuec\u00edn\u2026<\/p>\n\n\n\n<p>Volv\u00ed, a mi ciudad conocida, con la sonrisa en la cara, pues hab\u00eda visto la Mezquita, cuando reluc\u00eda el m\u00e1rmol, cuando a\u00fan no estaba concluida, cuando aqu\u00ed reinaban otros cordobeses, no tan distintos de los que ahora en esas callen deambulan.<\/p>\n","protected":false},"excerpt":{"rendered":"<p>Y me perd\u00ed, en esta ciudad, que conozco como la palma de mi mano, me perd\u00ed. Imagin\u00e9, necesit\u00e9 imaginar que no la conoc\u00eda, que necesitaba verla con otros ojos, ojos de alguien que no la conoc\u00eda, y me perd\u00ed. Vi en la puerta de las Palmas a los soldados palaciegos de rango menor, esperando a &hellip; <\/p>\n<p class=\"link-more\"><a href=\"https:\/\/pedrocasiano.es\/?page_id=2243\" class=\"more-link\">Leer m\u00e1s<span class=\"screen-reader-text\"> \u00abPerdido en C\u00f3rdoba\u00bb<\/span><\/a><\/p>\n","protected":false},"author":1,"featured_media":0,"parent":0,"menu_order":0,"comment_status":"closed","ping_status":"closed","template":"","meta":{"inspiro_hide_title":false,"footnotes":""},"class_list":["post-2243","page","type-page","status-publish","hentry"],"featured_media_urls":[],"_links":{"self":[{"href":"https:\/\/pedrocasiano.es\/index.php?rest_route=\/wp\/v2\/pages\/2243","targetHints":{"allow":["GET"]}}],"collection":[{"href":"https:\/\/pedrocasiano.es\/index.php?rest_route=\/wp\/v2\/pages"}],"about":[{"href":"https:\/\/pedrocasiano.es\/index.php?rest_route=\/wp\/v2\/types\/page"}],"author":[{"embeddable":true,"href":"https:\/\/pedrocasiano.es\/index.php?rest_route=\/wp\/v2\/users\/1"}],"replies":[{"embeddable":true,"href":"https:\/\/pedrocasiano.es\/index.php?rest_route=%2Fwp%2Fv2%2Fcomments&post=2243"}],"version-history":[{"count":2,"href":"https:\/\/pedrocasiano.es\/index.php?rest_route=\/wp\/v2\/pages\/2243\/revisions"}],"predecessor-version":[{"id":6308,"href":"https:\/\/pedrocasiano.es\/index.php?rest_route=\/wp\/v2\/pages\/2243\/revisions\/6308"}],"wp:attachment":[{"href":"https:\/\/pedrocasiano.es\/index.php?rest_route=%2Fwp%2Fv2%2Fmedia&parent=2243"}],"curies":[{"name":"wp","href":"https:\/\/api.w.org\/{rel}","templated":true}]}}