{"id":2239,"date":"2024-02-20T08:37:52","date_gmt":"2024-02-20T08:37:52","guid":{"rendered":"https:\/\/pedrocasiano.es\/?page_id=2239"},"modified":"2024-03-01T09:58:58","modified_gmt":"2024-03-01T09:58:58","slug":"hoy-es-el-dia-de-la-constitucion","status":"publish","type":"page","link":"https:\/\/pedrocasiano.es\/?page_id=2239","title":{"rendered":"Hoy es el d\u00eda de la Constituci\u00f3n"},"content":{"rendered":"\n<figure class=\"wp-block-image alignleft size-large is-resized\"><img decoding=\"async\" width=\"1024\" height=\"960\" data-src=\"https:\/\/pedrocasiano.es\/wp-content\/uploads\/2024\/02\/78980979_2687125668012755_7091259673080233984_n-1024x960.png\" alt=\"\" class=\"wp-image-3871 lazyload\" style=\"--smush-placeholder-width: 1024px; --smush-placeholder-aspect-ratio: 1024\/960;width:374px;height:auto\" src=\"data:image\/svg+xml;base64,PHN2ZyB3aWR0aD0iMSIgaGVpZ2h0PSIxIiB4bWxucz0iaHR0cDovL3d3dy53My5vcmcvMjAwMC9zdmciPjwvc3ZnPg==\" \/><\/figure>\n\n\n\n<p>Hoy es el d\u00eda de la Constituci\u00f3n, nada nuevo, se repite puntualmente todos los a\u00f1os, en la misma fecha, nada rese\u00f1able, \u00bfno es cierto?<\/p>\n\n\n\n<p>Sea de derechas o de <a><\/a>izquierdas, lo cierto es que no nac\u00ed con ella, de peque\u00f1o me cuadraba en las ma\u00f1anas y cantaba en formaci\u00f3n, no era mejor ni peor, era distinto, ahora con la Carta Magna, los j\u00f3venes, los no tan j\u00f3venes, cualquiera, solo ven la fiesta, la posibilidad de salir del hast\u00edo del trabajo, cosa que no es balad\u00ed, pero es algo m\u00e1s, algo que de seguro echaremos de menos cuando no est\u00e9, porque a las vueltas que da la noria, y el burro que la mueve, me parece que no muela trigo por mucho tiempo, y cada vez la harina sale menos blanca.<\/p>\n\n\n\n<p>Esperemos que no lloremos cuando se haya muerto, ahora que est\u00e1 acostumbr\u00e1ndose a no comer, como el asno del chiste, no es la mejor, ni se adecua a todo, no es plastilina, pero es la que tenemos, y a falta de otra, cuid\u00e9mosla un poco, pues en otro caso, quiz\u00e1s nos pase como con la Pepa (1), que Dios sabe cu\u00e1ndo tendremos otra.<\/p>\n\n\n\n<p>(1) La Constituci\u00f3n Pol\u00edtica de la Monarqu\u00eda Espa\u00f1ola, m\u00e1s conocida como Constituci\u00f3n espa\u00f1ola de 1812 o Constituci\u00f3n de C\u00e1diz, \u200b conocida popularmente como la Pepa.<\/p>\n\n\n\n<p>Pedro Casiano Gonz\u00e1lez Cuevas 2.019<\/p>\n","protected":false},"excerpt":{"rendered":"<p>Hoy es el d\u00eda de la Constituci\u00f3n, nada nuevo, se repite puntualmente todos los a\u00f1os, en la misma fecha, nada rese\u00f1able, \u00bfno es cierto? Sea de derechas o de izquierdas, lo cierto es que no nac\u00ed con ella, de peque\u00f1o me cuadraba en las ma\u00f1anas y cantaba en formaci\u00f3n, no era mejor ni peor, era &hellip; <\/p>\n<p class=\"link-more\"><a href=\"https:\/\/pedrocasiano.es\/?page_id=2239\" class=\"more-link\">Leer m\u00e1s<span class=\"screen-reader-text\"> \u00abHoy es el d\u00eda de la Constituci\u00f3n\u00bb<\/span><\/a><\/p>\n","protected":false},"author":1,"featured_media":0,"parent":0,"menu_order":0,"comment_status":"closed","ping_status":"closed","template":"","meta":{"inspiro_hide_title":false,"footnotes":""},"class_list":["post-2239","page","type-page","status-publish","hentry"],"featured_media_urls":[],"_links":{"self":[{"href":"https:\/\/pedrocasiano.es\/index.php?rest_route=\/wp\/v2\/pages\/2239","targetHints":{"allow":["GET"]}}],"collection":[{"href":"https:\/\/pedrocasiano.es\/index.php?rest_route=\/wp\/v2\/pages"}],"about":[{"href":"https:\/\/pedrocasiano.es\/index.php?rest_route=\/wp\/v2\/types\/page"}],"author":[{"embeddable":true,"href":"https:\/\/pedrocasiano.es\/index.php?rest_route=\/wp\/v2\/users\/1"}],"replies":[{"embeddable":true,"href":"https:\/\/pedrocasiano.es\/index.php?rest_route=%2Fwp%2Fv2%2Fcomments&post=2239"}],"version-history":[{"count":5,"href":"https:\/\/pedrocasiano.es\/index.php?rest_route=\/wp\/v2\/pages\/2239\/revisions"}],"predecessor-version":[{"id":5485,"href":"https:\/\/pedrocasiano.es\/index.php?rest_route=\/wp\/v2\/pages\/2239\/revisions\/5485"}],"wp:attachment":[{"href":"https:\/\/pedrocasiano.es\/index.php?rest_route=%2Fwp%2Fv2%2Fmedia&parent=2239"}],"curies":[{"name":"wp","href":"https:\/\/api.w.org\/{rel}","templated":true}]}}