{"id":2236,"date":"2024-02-20T08:35:44","date_gmt":"2024-02-20T08:35:44","guid":{"rendered":"https:\/\/pedrocasiano.es\/?page_id=2236"},"modified":"2024-02-20T08:35:44","modified_gmt":"2024-02-20T08:35:44","slug":"con-la-mala-leche-que-tengo-de-que-cono-voy-a-escribir","status":"publish","type":"page","link":"https:\/\/pedrocasiano.es\/?page_id=2236","title":{"rendered":"Con la Mala Leche que Tengo, de que Co\u00f1o voy a Escribir"},"content":{"rendered":"\n<div class=\"wp-block-media-text is-stacked-on-mobile is-vertically-aligned-top\" style=\"grid-template-columns:35% auto\"><figure class=\"wp-block-media-text__media\"><img decoding=\"async\" width=\"1024\" height=\"960\" data-src=\"https:\/\/pedrocasiano.es\/wp-content\/uploads\/2024\/02\/image-71-1024x960.jpeg\" alt=\"No hay ninguna descripci\u00f3n de la foto disponible.\" class=\"wp-image-2237 size-full lazyload\" src=\"data:image\/svg+xml;base64,PHN2ZyB3aWR0aD0iMSIgaGVpZ2h0PSIxIiB4bWxucz0iaHR0cDovL3d3dy53My5vcmcvMjAwMC9zdmciPjwvc3ZnPg==\" style=\"--smush-placeholder-width: 1024px; --smush-placeholder-aspect-ratio: 1024\/960;\" \/><\/figure><div class=\"wp-block-media-text__content\">\n<p>Navidad, Navidad\u2026 la madre que la pari\u00f3.<\/p>\n\n\n\n<p>Felicidad por decreto Ley, Espa\u00f1a va bien, todo el mundo vive como un se\u00f1or, los pol\u00edticos han dejado de robar, Catalu\u00f1a Love Spain\u2026. Y una mierda.<\/p>\n\n\n\n<p>Eso <a><\/a>de sacar amor bajo presi\u00f3n, funciona cuando el que se lo quiere creer es gilipollas, e incluso en ese caso, que es el m\u00edo, tampoco me lo creo.<\/p>\n\n\n\n<p>\u00bfLo necesitamos?&#8230; posiblemente, quiz\u00e1s como en tiempos medievales, necesitamos m\u00e1s fiestas que d\u00edas laborables, porque esto est\u00e1 jodido, no por como est\u00e1, sino por lo que viene, perdonadme ser agorero, pero es lo que creo, lo que veo, lo que me hace pensar este pobre cerebro, que tiene la distribuci\u00f3n rota, como un el motor de un viejo cami\u00f3n de gasoil, pero que a\u00fan arranca.<\/p>\n\n\n\n<p>Nuestros hijos estudian carreras, que cuando terminen no tendr\u00e1n funci\u00f3n alguna, pues sus labores ser\u00e1n posiblemente realizadas por inteligencia artificial o robots.<\/p>\n\n\n\n<p>Nadie aprender\u00e1 nada, \u00bfpara qu\u00e9?, todo est\u00e1 en San Google. Eso nos lleva a creer todo lo que all\u00ed aparezca, y el poco albedrio que nos queda, ser\u00e1 encauzado en forma de cookies y preferencias en un mercado global.<\/p>\n\n\n\n<p>El mundo est\u00e1 hecho unos zorros, confiamos en la providencia y en la voluntad de los hombres de buena fe, si, si, y una\u2026 dadlo todo por perdido, \u00bfC\u00f3mo acabar\u00e1 esto?, mal, por lo menos para los de infanter\u00eda, los que tengan\u2026, es otra historia, siempre saldr\u00e1n beneficiados.<\/p>\n\n\n\n<p>\u00bfOccidente va a tener los santos coj\u2026 de decirle a China o a la India que dejen de emitir contaminaci\u00f3n, cuando nosotros los hemos hecho durante mas de cien a\u00f1os?, ni fuerza moral tenemos, pero ahora ni militar, as\u00ed que de forma seria empieza nuestro ocaso.<\/p>\n\n\n\n<p>Somos lo que somos, y nosotros menos, por lo que hemos contaminado, hemos creado productos imperecederos que llevaban en si mismos el germen de la destrucci\u00f3n, pues cuanto mas tiempo pueden estar en \u00f3ptimas condiciones, mas tiempo tardar\u00e1n en degradarse, bravo por nosotros.<\/p>\n\n\n\n<p>\u00bfQu\u00e9 decir del dominio, del colonialismo?, pues \u201chaciendo amigos\u201d, nosotros no lo hemos conocido, pero los que lo han sufrido de nuestros ancestros, no se les olvida, seguro.<\/p>\n<\/div><\/div>\n","protected":false},"excerpt":{"rendered":"<p>Navidad, Navidad\u2026 la madre que la pari\u00f3. Felicidad por decreto Ley, Espa\u00f1a va bien, todo el mundo vive como un se\u00f1or, los pol\u00edticos han dejado de robar, Catalu\u00f1a Love Spain\u2026. Y una mierda. Eso de sacar amor bajo presi\u00f3n, funciona cuando el que se lo quiere creer es gilipollas, e incluso en ese caso, que &hellip; <\/p>\n<p class=\"link-more\"><a href=\"https:\/\/pedrocasiano.es\/?page_id=2236\" class=\"more-link\">Leer m\u00e1s<span class=\"screen-reader-text\"> \u00abCon la Mala Leche que Tengo, de que Co\u00f1o voy a Escribir\u00bb<\/span><\/a><\/p>\n","protected":false},"author":1,"featured_media":0,"parent":0,"menu_order":0,"comment_status":"closed","ping_status":"closed","template":"","meta":{"inspiro_hide_title":false,"footnotes":""},"class_list":["post-2236","page","type-page","status-publish","hentry"],"featured_media_urls":[],"_links":{"self":[{"href":"https:\/\/pedrocasiano.es\/index.php?rest_route=\/wp\/v2\/pages\/2236","targetHints":{"allow":["GET"]}}],"collection":[{"href":"https:\/\/pedrocasiano.es\/index.php?rest_route=\/wp\/v2\/pages"}],"about":[{"href":"https:\/\/pedrocasiano.es\/index.php?rest_route=\/wp\/v2\/types\/page"}],"author":[{"embeddable":true,"href":"https:\/\/pedrocasiano.es\/index.php?rest_route=\/wp\/v2\/users\/1"}],"replies":[{"embeddable":true,"href":"https:\/\/pedrocasiano.es\/index.php?rest_route=%2Fwp%2Fv2%2Fcomments&post=2236"}],"version-history":[{"count":1,"href":"https:\/\/pedrocasiano.es\/index.php?rest_route=\/wp\/v2\/pages\/2236\/revisions"}],"predecessor-version":[{"id":2238,"href":"https:\/\/pedrocasiano.es\/index.php?rest_route=\/wp\/v2\/pages\/2236\/revisions\/2238"}],"wp:attachment":[{"href":"https:\/\/pedrocasiano.es\/index.php?rest_route=%2Fwp%2Fv2%2Fmedia&parent=2236"}],"curies":[{"name":"wp","href":"https:\/\/api.w.org\/{rel}","templated":true}]}}