{"id":2233,"date":"2024-02-20T08:32:48","date_gmt":"2024-02-20T08:32:48","guid":{"rendered":"https:\/\/pedrocasiano.es\/?page_id=2233"},"modified":"2024-02-20T08:32:49","modified_gmt":"2024-02-20T08:32:49","slug":"claroscuros-de-nuestra-historia","status":"publish","type":"page","link":"https:\/\/pedrocasiano.es\/?page_id=2233","title":{"rendered":"Claroscuros de Nuestra Historia"},"content":{"rendered":"\n<div class=\"wp-block-media-text is-stacked-on-mobile is-vertically-aligned-top\" style=\"grid-template-columns:36% auto\"><figure class=\"wp-block-media-text__media\"><img decoding=\"async\" width=\"1024\" height=\"680\" data-src=\"https:\/\/pedrocasiano.es\/wp-content\/uploads\/2024\/02\/image-70.jpeg\" alt=\"No hay ninguna descripci\u00f3n de la foto disponible.\" class=\"wp-image-2234 size-full lazyload\" src=\"data:image\/svg+xml;base64,PHN2ZyB3aWR0aD0iMSIgaGVpZ2h0PSIxIiB4bWxucz0iaHR0cDovL3d3dy53My5vcmcvMjAwMC9zdmciPjwvc3ZnPg==\" style=\"--smush-placeholder-width: 1024px; --smush-placeholder-aspect-ratio: 1024\/680;\" \/><\/figure><div class=\"wp-block-media-text__content\">\n<p>Soy apasionado de la historia de Roma, de Cartago, de la Segunda guerra Mundial, de la Reconquista\u2026 de tantas cosas. \u00bfCu\u00e1ntos libros he le\u00eddo?, miles, quiz\u00e1s m\u00e1s, no lo s\u00e9, no me interesa el n\u00famero, nunca me ha interesado.<\/p>\n\n\n\n<p>\u00bfA que tanta disertaci\u00f3n?, os intentar\u00e9 explicar. De esos miles de libros, apenas si he encontrado un pu\u00f1ado que hablen de la \u00e9poca andalus\u00ed, una etapa de ochocientos a\u00f1os en nuestra historia, y aquellos que lo hacen, es obra intrigas palaciegas, sobre las cortes Omeyas, y subsiguientemente de las \u00e9pocas de esplendor.<\/p>\n\n\n\n<p>Nos guste o no, somos descendientes culturales, aunque no gen\u00e9ticos, de ese legado, el de la mejor caballer\u00eda del mundo, de los ej\u00e9rcitos invencibles, de los \u00fanicos que derrotaron a los vikingos, de los que con sus aceifas marcaban las estaciones, la de los Al Mugawar, aqu\u00ed conocidos como almog\u00e1vares, de t\u00e9rminos que todos copiaron, \u00bfqui\u00e9n sabe lo que era un Arif?, \u00bfo el n\u00famero de divisi\u00f3n de los ej\u00e9rcitos andalus\u00edes?, \u00bfQu\u00e9 Alf\u00e9rez, viene de Al Faris, el Jinete, el caballero?<\/p>\n\n\n\n<p>Por no hablar de estructuras que sobrevivieron siglos en ej\u00e9rcitos venideros, en espadas rectas que despu\u00e9s copiamos los cristianos, las jinetas, de los zenetas, porque cierto es que la espada del Cid, era la jineta del rey de Granada, que el caballo de Cort\u00e9s, \u201cCordob\u00e9s\u201d, era un caballo Omeya, el que le salv\u00f3 la vida en la noche triste.<\/p>\n\n\n\n<p>\u00bfQui\u00e9n conoc\u00eda a esos hombres?, creyeran en lo que creyeran, que amaban a sus caballos m\u00e1s que a sus mujeres, que nac\u00edan sobre ellos, y mor\u00edan a sus grupas, que eran mimados a pesar del cansancio de la jornada, que avisaban cuando el enemigo a\u00fan no se ve\u00eda.<\/p>\n\n\n\n<p>\u00bfNos avergonzamos de esa \u00e9poca de esplendor?, ser\u00eda como si en el futuro los americanos se avergonzaran de haber tenido el mejor ej\u00e9rcito del mundo.<\/p>\n\n\n\n<p>Y baste ya, que hay tanto que hablar que no parar\u00eda, por mucho que sangraran mis dedos, pero\u2026 baste con decir \u201cno sab\u00e9is lo que os perd\u00e9is aquellos que no lo conoc\u00e9is\u201d<\/p>\n<\/div><\/div>\n","protected":false},"excerpt":{"rendered":"<p>Soy apasionado de la historia de Roma, de Cartago, de la Segunda guerra Mundial, de la Reconquista\u2026 de tantas cosas. \u00bfCu\u00e1ntos libros he le\u00eddo?, miles, quiz\u00e1s m\u00e1s, no lo s\u00e9, no me interesa el n\u00famero, nunca me ha interesado. \u00bfA que tanta disertaci\u00f3n?, os intentar\u00e9 explicar. De esos miles de libros, apenas si he encontrado &hellip; <\/p>\n<p class=\"link-more\"><a href=\"https:\/\/pedrocasiano.es\/?page_id=2233\" class=\"more-link\">Leer m\u00e1s<span class=\"screen-reader-text\"> \u00abClaroscuros de Nuestra Historia\u00bb<\/span><\/a><\/p>\n","protected":false},"author":1,"featured_media":0,"parent":0,"menu_order":0,"comment_status":"closed","ping_status":"closed","template":"","meta":{"inspiro_hide_title":false,"footnotes":""},"class_list":["post-2233","page","type-page","status-publish","hentry"],"featured_media_urls":[],"_links":{"self":[{"href":"https:\/\/pedrocasiano.es\/index.php?rest_route=\/wp\/v2\/pages\/2233","targetHints":{"allow":["GET"]}}],"collection":[{"href":"https:\/\/pedrocasiano.es\/index.php?rest_route=\/wp\/v2\/pages"}],"about":[{"href":"https:\/\/pedrocasiano.es\/index.php?rest_route=\/wp\/v2\/types\/page"}],"author":[{"embeddable":true,"href":"https:\/\/pedrocasiano.es\/index.php?rest_route=\/wp\/v2\/users\/1"}],"replies":[{"embeddable":true,"href":"https:\/\/pedrocasiano.es\/index.php?rest_route=%2Fwp%2Fv2%2Fcomments&post=2233"}],"version-history":[{"count":1,"href":"https:\/\/pedrocasiano.es\/index.php?rest_route=\/wp\/v2\/pages\/2233\/revisions"}],"predecessor-version":[{"id":2235,"href":"https:\/\/pedrocasiano.es\/index.php?rest_route=\/wp\/v2\/pages\/2233\/revisions\/2235"}],"wp:attachment":[{"href":"https:\/\/pedrocasiano.es\/index.php?rest_route=%2Fwp%2Fv2%2Fmedia&parent=2233"}],"curies":[{"name":"wp","href":"https:\/\/api.w.org\/{rel}","templated":true}]}}