{"id":2230,"date":"2024-02-20T08:30:40","date_gmt":"2024-02-20T08:30:40","guid":{"rendered":"https:\/\/pedrocasiano.es\/?page_id=2230"},"modified":"2024-02-20T08:30:40","modified_gmt":"2024-02-20T08:30:40","slug":"navidad-2-019","status":"publish","type":"page","link":"https:\/\/pedrocasiano.es\/?page_id=2230","title":{"rendered":"Navidad 2.019"},"content":{"rendered":"\n<div class=\"wp-block-media-text is-stacked-on-mobile is-vertically-aligned-top\" style=\"grid-template-columns:35% auto\"><figure class=\"wp-block-media-text__media\"><img decoding=\"async\" width=\"1024\" height=\"779\" data-src=\"https:\/\/pedrocasiano.es\/wp-content\/uploads\/2024\/02\/image-69-1024x779.jpeg\" alt=\"No hay ninguna descripci\u00f3n de la foto disponible.\" class=\"wp-image-2231 size-full lazyload\" src=\"data:image\/svg+xml;base64,PHN2ZyB3aWR0aD0iMSIgaGVpZ2h0PSIxIiB4bWxucz0iaHR0cDovL3d3dy53My5vcmcvMjAwMC9zdmciPjwvc3ZnPg==\" style=\"--smush-placeholder-width: 1024px; --smush-placeholder-aspect-ratio: 1024\/779;\" \/><\/figure><div class=\"wp-block-media-text__content\">\n<p>Navidad 2.019<\/p>\n\n\n\n<p>Hoy 25 de diciembre de un a\u00f1o que agoniza, por fin, me distraigo de mi digesti\u00f3n de serpiente despu\u00e9s de haberse comido un b\u00fafalo, pues as\u00ed me <a><\/a>siento.<\/p>\n\n\n\n<p>\u00bfQu\u00e9 com\u00ed ayer?, \u00bfQu\u00e9 no com\u00ed ayer?, pregunta insidiosa, aparte de que no es el momento, cuando tu est\u00f3mago, aun te est\u00e1 llamando de todo, y nada bueno.<\/p>\n\n\n\n<p>Aun tengo la cabeza pesada, m\u00e1s a\u00fan que de costumbre, pero a pesar de ello, de las carencias que pudo tener ayer la noche, la Nochebuena, doy gracias a quien corresponda, porque no fue mala, no ya por la pitanza, sino porque, nos re\u00edmos, los unos de los otros, pero mas bien los unos con los otros, incluso alguien pis\u00f3 el cable, pero no salt\u00f3 ning\u00fan fusible.<\/p>\n\n\n\n<p>Es curioso, como esto llega y por supuesto como pasa, dentro de nada, ni nos acordaremos de esos momentos que se perder\u00e1n en el pi\u00e9lago de los recuerdos, pero alg\u00fan d\u00eda, lejano o cercano, los rememoraremos con nostalgia, como si de un regalo se hubiera tratado, aunque ahora, apenas si ocupe unos bocaditos en nuestro disco duro.<\/p>\n\n\n\n<p>Estamos al borde un insondable precipicio, pero por lo menos ayer me re\u00ed, y espero que los dem\u00e1s lo hay\u00e1is hecho en la misma manera. \u00bfQu\u00e9 ser\u00e1 ma\u00f1ana?, nada bueno, seguro, pero eso ser\u00e1 ma\u00f1ana, hoy, es Navidad, el resto del a\u00f1o, no.<\/p>\n<\/div><\/div>\n","protected":false},"excerpt":{"rendered":"<p>Navidad 2.019 Hoy 25 de diciembre de un a\u00f1o que agoniza, por fin, me distraigo de mi digesti\u00f3n de serpiente despu\u00e9s de haberse comido un b\u00fafalo, pues as\u00ed me siento. \u00bfQu\u00e9 com\u00ed ayer?, \u00bfQu\u00e9 no com\u00ed ayer?, pregunta insidiosa, aparte de que no es el momento, cuando tu est\u00f3mago, aun te est\u00e1 llamando de todo, &hellip; <\/p>\n<p class=\"link-more\"><a href=\"https:\/\/pedrocasiano.es\/?page_id=2230\" class=\"more-link\">Leer m\u00e1s<span class=\"screen-reader-text\"> \u00abNavidad 2.019\u00bb<\/span><\/a><\/p>\n","protected":false},"author":1,"featured_media":0,"parent":0,"menu_order":0,"comment_status":"closed","ping_status":"closed","template":"","meta":{"inspiro_hide_title":false,"footnotes":""},"class_list":["post-2230","page","type-page","status-publish","hentry"],"featured_media_urls":[],"_links":{"self":[{"href":"https:\/\/pedrocasiano.es\/index.php?rest_route=\/wp\/v2\/pages\/2230","targetHints":{"allow":["GET"]}}],"collection":[{"href":"https:\/\/pedrocasiano.es\/index.php?rest_route=\/wp\/v2\/pages"}],"about":[{"href":"https:\/\/pedrocasiano.es\/index.php?rest_route=\/wp\/v2\/types\/page"}],"author":[{"embeddable":true,"href":"https:\/\/pedrocasiano.es\/index.php?rest_route=\/wp\/v2\/users\/1"}],"replies":[{"embeddable":true,"href":"https:\/\/pedrocasiano.es\/index.php?rest_route=%2Fwp%2Fv2%2Fcomments&post=2230"}],"version-history":[{"count":1,"href":"https:\/\/pedrocasiano.es\/index.php?rest_route=\/wp\/v2\/pages\/2230\/revisions"}],"predecessor-version":[{"id":2232,"href":"https:\/\/pedrocasiano.es\/index.php?rest_route=\/wp\/v2\/pages\/2230\/revisions\/2232"}],"wp:attachment":[{"href":"https:\/\/pedrocasiano.es\/index.php?rest_route=%2Fwp%2Fv2%2Fmedia&parent=2230"}],"curies":[{"name":"wp","href":"https:\/\/api.w.org\/{rel}","templated":true}]}}