{"id":2223,"date":"2024-02-20T08:27:59","date_gmt":"2024-02-20T08:27:59","guid":{"rendered":"https:\/\/pedrocasiano.es\/?page_id=2223"},"modified":"2024-03-01T09:59:19","modified_gmt":"2024-03-01T09:59:19","slug":"la-memoria-cansada","status":"publish","type":"page","link":"https:\/\/pedrocasiano.es\/?page_id=2223","title":{"rendered":"La Memoria Cansada"},"content":{"rendered":"\n<figure class=\"wp-block-image alignleft size-full is-resized\"><img decoding=\"async\" width=\"563\" height=\"432\" data-src=\"https:\/\/pedrocasiano.es\/wp-content\/uploads\/2024\/02\/82190755_2763446407047347_7070443010273574912_n.jpg\" alt=\"\" class=\"wp-image-3869 lazyload\" style=\"--smush-placeholder-width: 563px; --smush-placeholder-aspect-ratio: 563\/432;width:460px;height:auto\" src=\"data:image\/svg+xml;base64,PHN2ZyB3aWR0aD0iMSIgaGVpZ2h0PSIxIiB4bWxucz0iaHR0cDovL3d3dy53My5vcmcvMjAwMC9zdmciPjwvc3ZnPg==\" \/><\/figure>\n\n\n\n<p>La Memoria Cansada.<\/p>\n\n\n\n<p>Hoy el le\u00eddo el art\u00edculo de una amiga, en el que se hablaba de la nefasta memoria de la Plaza de Toros de C\u00e1diz, donde ya no existe, pues tra\u00eda a la memoria el lugar donde se fusilaba a los pol\u00edticos en la guerra civil.<\/p>\n\n\n\n<p>Olvid\u00e9monos de bandos, cosa que deber\u00edamos de haber hecho tiempo atr\u00e1s, y por ello, recuerdo, al hilo de no querer, lo que me contaba mi abuelo, persona de car\u00e1cter duro y sufrido, que viv\u00eda en los aleda\u00f1os de la paredilla del cementerio.<\/p>\n\n\n\n<p>Yo <a><\/a>era peque\u00f1o, pero siempre he tenido buena memoria para recordar casi todo, m\u00e1s, ahora que la edad acompa\u00f1a, y se me sigue marcando v\u00edvidamente en el recuerdo, la cara de mi yayo, cuando mirando a un sitio indeterminado, me contaba la historia sufrida, m\u00e1s que vivida.<\/p>\n\n\n\n<p>\u201cLas noches, Pedro, las noches, cuando el frio romp\u00eda el cuerpo, o el verano, cuando el calor los resecaba, cualquier tiempo era bueno, solo variaba la hora de oscurecer, nada m\u00e1s, solo eso.<\/p>\n\n\n\n<p>Sent\u00edas una gran detonaci\u00f3n, como si se tratara de decenas de fuegos de artificio, salidos a la vez, as\u00eda la mano de tu abuela, agach\u00e1bamos la cabeza, pues ambos sab\u00edamos lo que ven\u00eda despu\u00e9s, el r\u00edtmico golpe, el disparo uno a uno, clac, clac, clac, as\u00ed, hasta que se deten\u00eda unos minutos.<\/p>\n\n\n\n<p>Poco despu\u00e9s la siguiente descarga, y el clac seguido de otros, como si no fuera a acabar nunca, y as\u00ed noche tras noche.<\/p>\n\n\n\n<p>\u00bfCu\u00e1ntos murieron, Pedro?, nadie lo sabe, mis primos, por rojos, mis primos, por fascistas, \u00bfQu\u00e9 m\u00e1s da ahora?, solo, que se fueron antes de tiempo, antes de poder tener sus hijos, o de poder criarlos, en pos de unas ideas, que, maldita sea, solo llevan a donde otros quieren, maldita sea, maldita sea\u201d.<\/p>\n\n\n\n<p>Mi abuelo, mir\u00f3 al cielo, y no volvi\u00f3 a hablar del tema, no hacia falta, ya lo hago yo, que palabra por palabra, transcribo lo que se grab\u00f3 indeleble en mi memoria.<\/p>\n","protected":false},"excerpt":{"rendered":"<p>La Memoria Cansada. Hoy el le\u00eddo el art\u00edculo de una amiga, en el que se hablaba de la nefasta memoria de la Plaza de Toros de C\u00e1diz, donde ya no existe, pues tra\u00eda a la memoria el lugar donde se fusilaba a los pol\u00edticos en la guerra civil. Olvid\u00e9monos de bandos, cosa que deber\u00edamos de &hellip; <\/p>\n<p class=\"link-more\"><a href=\"https:\/\/pedrocasiano.es\/?page_id=2223\" class=\"more-link\">Leer m\u00e1s<span class=\"screen-reader-text\"> \u00abLa Memoria Cansada\u00bb<\/span><\/a><\/p>\n","protected":false},"author":1,"featured_media":0,"parent":0,"menu_order":0,"comment_status":"closed","ping_status":"closed","template":"","meta":{"inspiro_hide_title":false,"footnotes":""},"class_list":["post-2223","page","type-page","status-publish","hentry"],"featured_media_urls":[],"_links":{"self":[{"href":"https:\/\/pedrocasiano.es\/index.php?rest_route=\/wp\/v2\/pages\/2223","targetHints":{"allow":["GET"]}}],"collection":[{"href":"https:\/\/pedrocasiano.es\/index.php?rest_route=\/wp\/v2\/pages"}],"about":[{"href":"https:\/\/pedrocasiano.es\/index.php?rest_route=\/wp\/v2\/types\/page"}],"author":[{"embeddable":true,"href":"https:\/\/pedrocasiano.es\/index.php?rest_route=\/wp\/v2\/users\/1"}],"replies":[{"embeddable":true,"href":"https:\/\/pedrocasiano.es\/index.php?rest_route=%2Fwp%2Fv2%2Fcomments&post=2223"}],"version-history":[{"count":3,"href":"https:\/\/pedrocasiano.es\/index.php?rest_route=\/wp\/v2\/pages\/2223\/revisions"}],"predecessor-version":[{"id":5486,"href":"https:\/\/pedrocasiano.es\/index.php?rest_route=\/wp\/v2\/pages\/2223\/revisions\/5486"}],"wp:attachment":[{"href":"https:\/\/pedrocasiano.es\/index.php?rest_route=%2Fwp%2Fv2%2Fmedia&parent=2223"}],"curies":[{"name":"wp","href":"https:\/\/api.w.org\/{rel}","templated":true}]}}