{"id":2220,"date":"2024-02-20T08:26:55","date_gmt":"2024-02-20T08:26:55","guid":{"rendered":"https:\/\/pedrocasiano.es\/?page_id=2220"},"modified":"2024-02-20T08:26:55","modified_gmt":"2024-02-20T08:26:55","slug":"los-caminos-sin-retorno","status":"publish","type":"page","link":"https:\/\/pedrocasiano.es\/?page_id=2220","title":{"rendered":"Los Caminos Sin Retorno"},"content":{"rendered":"\n<div class=\"wp-block-media-text is-stacked-on-mobile is-vertically-aligned-top\" style=\"grid-template-columns:39% auto\"><figure class=\"wp-block-media-text__media\"><img decoding=\"async\" width=\"1024\" height=\"830\" data-src=\"https:\/\/pedrocasiano.es\/wp-content\/uploads\/2024\/02\/image-66-1024x830.jpeg\" alt=\"No hay ninguna descripci\u00f3n de la foto disponible.\" class=\"wp-image-2221 size-full lazyload\" src=\"data:image\/svg+xml;base64,PHN2ZyB3aWR0aD0iMSIgaGVpZ2h0PSIxIiB4bWxucz0iaHR0cDovL3d3dy53My5vcmcvMjAwMC9zdmciPjwvc3ZnPg==\" style=\"--smush-placeholder-width: 1024px; --smush-placeholder-aspect-ratio: 1024\/830;\" \/><\/figure><div class=\"wp-block-media-text__content\">\n<p>Los Caminos Sin Retorno<\/p>\n\n\n\n<p>Los que me conocen, saben que no me gusta meterme en pol\u00edtica, pues siempre anda caliente para escaldar a gato que se acerque.<\/p>\n\n\n\n<p>A pesar de lo referido, no tengo mas remedio que compartir con aquel que quiera leer estas l\u00edneas, la preocupaci\u00f3n que me ronda la cabeza.<\/p>\n\n\n\n<p><a><\/a>Lamento, pecar de pesimista, pues lo que imagino, no es factible, \u00bfo quiz\u00e1s s\u00ed?, esa es mi preocupaci\u00f3n.<\/p>\n\n\n\n<p>Pero basta de dilaciones y os comento mi preocupaci\u00f3n.<\/p>\n\n\n\n<p>Como todos sabemos, o deber\u00edamos de saber, aqu\u00ed, en esta dividida y convulsa Espa\u00f1a nuestra, han tomado el control del estado, esta vez por medios democr\u00e1ticos, la izquierda, pero no cualquier izquierda, sino la que lleva la hoz y el martillo como ense\u00f1a, el antisistema como modelo, y el adoctrinamiento por divisa.<\/p>\n\n\n\n<p>Me gusta la historia, y conozco bien la frase de \u201cel que no conoce su historia esta condenado a repetirla\u201d, pero aparte de eso, mi preocupaci\u00f3n a m\u00e1s de esta, es la de la perpetuaci\u00f3n de un r\u00e9gimen dictatorial una vez que llega al poder, porque no nos enga\u00f1emos, la forma de gobernar de las izquierdas intransigentes y nuevas en el poder, es la de intentar perpetuarse.<\/p>\n\n\n\n<p>No es necesario remontarnos a modelos sovi\u00e9ticos, o a Kampuchea, vay\u00e1monos mas cerca, l\u00e9ase Venezuela, si, esa, la de la Revoluci\u00f3n Bolivariana, esa a la que le falta, para definirse bien, tres palabras \u201csi o si\u201d, porque fue entrar Ch\u00e1vez (apellido desastroso, que me perdonen los inocentes), y se acab\u00f3 la dispersa democracia venezolana.<\/p>\n\n\n\n<p>Ahora son pobres, cuando antes eran ricos, pero eso s\u00ed, son amigos de Cuba, de Ir\u00e1n, de\u2026 no seamos prolijos, creo que se entiende, pero de esos pa\u00edses pobres, de dogmas econ\u00f3micos fracasados, poca leche van a sacar, no hay teta ni para ellos, eso s\u00ed, armas las que quieras, China es la madre de cualquier cosa que le ayude a controlar el mundo, y en eso se escudan.<\/p>\n\n\n\n<p>Mucho me temo, que adoctrinaran a los que puedan, regalar\u00e1n a sus afines, y, es m\u00e1s, aumentar\u00e1n esta clientela con abundante dinero, aunque no quede. Al final, ojal\u00e1 que me equivoque, Espa\u00f1a, el pa\u00eds comunista de Europa, aunque cambien la palabra \u201ccomunista\u201d por otra m\u00e1s enga\u00f1osa y ampulosa.<\/p>\n\n\n\n<p>Bienvenidos a la Rep\u00fablica Federativa Unida del Frente Popular de los Pueblos del Sur de Europa, o algo similar.<\/p>\n<\/div><\/div>\n","protected":false},"excerpt":{"rendered":"<p>Los Caminos Sin Retorno Los que me conocen, saben que no me gusta meterme en pol\u00edtica, pues siempre anda caliente para escaldar a gato que se acerque. A pesar de lo referido, no tengo mas remedio que compartir con aquel que quiera leer estas l\u00edneas, la preocupaci\u00f3n que me ronda la cabeza. Lamento, pecar de &hellip; <\/p>\n<p class=\"link-more\"><a href=\"https:\/\/pedrocasiano.es\/?page_id=2220\" class=\"more-link\">Leer m\u00e1s<span class=\"screen-reader-text\"> \u00abLos Caminos Sin Retorno\u00bb<\/span><\/a><\/p>\n","protected":false},"author":1,"featured_media":0,"parent":0,"menu_order":0,"comment_status":"closed","ping_status":"closed","template":"","meta":{"inspiro_hide_title":false,"footnotes":""},"class_list":["post-2220","page","type-page","status-publish","hentry"],"featured_media_urls":[],"_links":{"self":[{"href":"https:\/\/pedrocasiano.es\/index.php?rest_route=\/wp\/v2\/pages\/2220","targetHints":{"allow":["GET"]}}],"collection":[{"href":"https:\/\/pedrocasiano.es\/index.php?rest_route=\/wp\/v2\/pages"}],"about":[{"href":"https:\/\/pedrocasiano.es\/index.php?rest_route=\/wp\/v2\/types\/page"}],"author":[{"embeddable":true,"href":"https:\/\/pedrocasiano.es\/index.php?rest_route=\/wp\/v2\/users\/1"}],"replies":[{"embeddable":true,"href":"https:\/\/pedrocasiano.es\/index.php?rest_route=%2Fwp%2Fv2%2Fcomments&post=2220"}],"version-history":[{"count":1,"href":"https:\/\/pedrocasiano.es\/index.php?rest_route=\/wp\/v2\/pages\/2220\/revisions"}],"predecessor-version":[{"id":2222,"href":"https:\/\/pedrocasiano.es\/index.php?rest_route=\/wp\/v2\/pages\/2220\/revisions\/2222"}],"wp:attachment":[{"href":"https:\/\/pedrocasiano.es\/index.php?rest_route=%2Fwp%2Fv2%2Fmedia&parent=2220"}],"curies":[{"name":"wp","href":"https:\/\/api.w.org\/{rel}","templated":true}]}}