{"id":2216,"date":"2024-02-20T08:24:27","date_gmt":"2024-02-20T08:24:27","guid":{"rendered":"https:\/\/pedrocasiano.es\/?page_id=2216"},"modified":"2024-02-29T10:45:22","modified_gmt":"2024-02-29T10:45:22","slug":"por-muy-digno-que-sea-un-entierro-el-muerto-esta-muerto","status":"publish","type":"page","link":"https:\/\/pedrocasiano.es\/?page_id=2216","title":{"rendered":"Por muy digno que sea un Entierro, el Muerto est\u00e1 Muerto"},"content":{"rendered":"\n<figure class=\"wp-block-image alignleft size-large is-resized\"><img decoding=\"async\" width=\"1024\" height=\"960\" data-src=\"https:\/\/pedrocasiano.es\/wp-content\/uploads\/2024\/02\/82852954_2791782920880362_4524306463568429056_n-1024x960.jpg\" alt=\"\" class=\"wp-image-3864 lazyload\" style=\"--smush-placeholder-width: 1024px; --smush-placeholder-aspect-ratio: 1024\/960;width:334px;height:auto\" src=\"data:image\/svg+xml;base64,PHN2ZyB3aWR0aD0iMSIgaGVpZ2h0PSIxIiB4bWxucz0iaHR0cDovL3d3dy53My5vcmcvMjAwMC9zdmciPjwvc3ZnPg==\" \/><\/figure>\n\n\n\n<p>El sacerdote abri\u00f3 los brazos.<\/p>\n\n\n\n<p>-Roguemos por el alma de esta que aqu\u00ed yace, nuestra querida patria, que hoy, desfallecida, l\u00e1nguida, ex\u00e1nime, de cuerpo presente, se nos ofrece en su \u00faltimo momento\u201d<\/p>\n\n\n\n<p>\u201cSe\u00f1or s\u00e1lvanos, de lo que ahora nos vendr\u00e1, gu\u00edanos por la senda tenebrosa de los futuros inciertos, y eleva en tu coraz\u00f3n a la que, durante tantos a\u00f1os, han querido destruir, y ahora muere, v\u00edctima de enga\u00f1os\u201d<\/p>\n\n\n\n<p>Toda la iglesia repite las palabras de su gu\u00eda espiritual.<\/p>\n\n\n\n<p>-Ahora su ultimo defensor, el pobrecito ciudadano, leer\u00e1 un paneg\u00edrico sobre la finada.<\/p>\n\n\n\n<p>Sube un hombre de cuerpo encogido, le tiemblan las manos, y lleva entre ellas un papel que se arruga a cada estremecer.<\/p>\n\n\n\n<p>El hombre se coloca en el p\u00falpito, despu\u00e9s se adecua unas peque\u00f1as gafas, de las de ver cerca y aclara la voz, se le nota que esta compungido, m\u00e1s cuando comienza a hablar.<\/p>\n\n\n\n<p>-Querida madre, hoy nos dejas, m\u00e1s hu\u00e9rfanos que nunca, \u00bfQu\u00e9 ser\u00e1 de nosotros, abandonados a nuestra suerte?<\/p>\n\n\n\n<p>Carraspea, le cuesta hablar, se le seca la garganta, le duele lo que dice.<\/p>\n\n\n\n<p>-Tus otros hijos, los que se hicieron ricos a costa de los dem\u00e1s, aquellos que solo han estado por conveniencia en nuestra familia, ahora, en estos momentos terribles, nos dejan solos, pero, adem\u00e1s, menospreci\u00e1ndonos, rob\u00e1ndonos, e intentado aislarnos de cualquiera que se nos acerque.<\/p>\n\n\n\n<p>-No lloran tu muerte madre, al contrario, como hienas, se vanaglorian de banderas que no dicen nada, solo son las ense\u00f1as del ego\u00edsmo, las que marcan las diferencias en lugar de los lugares comunes, como nos ense\u00f1aste.<\/p>\n\n\n\n<p>Hace una pausa. Carraspea de nuevo, pero la voz no se aclara, est\u00e1 herida.<\/p>\n\n\n\n<p>-Madre, es casi el lamento de un animal herido, \u00bfQu\u00e9 hemos hecho nosotros?, cobardes que hemos dejado, que los peores de nosotros te maten, poco a poco, con el sufrimiento de una madre que calla todo por sus hijos.<\/p>\n\n\n\n<p>-Madre, perd\u00f3name, perd\u00f3nanos, por haberlo permitido, y juro ante todos los presentes, ante cualquiera que haya escuchado estas pobres disculpas, que ser\u00e1s vengada, que tu muerte no habr\u00e1 sido en vano, que\u2026 un sollozo, como si fuera un estallido interrumpi\u00f3 el discurso, el sacerdote, viendo la situaci\u00f3n, le cogi\u00f3 de un brazo y con suavidad lo sent\u00f3 en uno de los sillones del coro, el hombre, ciertamente, parec\u00eda pronto a desmayarse.<\/p>\n\n\n\n<p>El cura lentamente se acerc\u00f3 de nuevo al p\u00falpito.<\/p>\n\n\n\n<p>Se limpi\u00f3 las gafas con parsimonia.<\/p>\n\n\n\n<p>-Hermanos, hab\u00e9is o\u00eddo lo mismo que yo, \u00bfcre\u00e9is que os puedo dejar que os vay\u00e1is en paz?<\/p>\n\n\n\n<p>Un murmullo de negaci\u00f3n sali\u00f3 de las gargantas de los reunidos en el edificio, que parec\u00eda pronto a reventar por la cantidad de congregados.<\/p>\n\n\n\n<p>-Hermanos, limpiad la hez de la tierra, vengad a la patria que hoy yace ex\u00e1nime ante nosotros, hermanos, a las calles.<\/p>\n\n\n\n<p>Un griter\u00edo ensordecedor lo llen\u00f3 todo, la gente sal\u00eda a la calle con v\u00edtores hacia la patria que yac\u00eda muerta, \u00bfQu\u00e9 suceder\u00eda?, nadie lo sab\u00eda, pero por lo menos, ahora hac\u00edan algo, por su madre\u2026<\/p>\n\n\n\n<p>Cualquier parecido con la realidad, personajes y lugares, es mera coincidencia.<\/p>\n","protected":false},"excerpt":{"rendered":"<p>El sacerdote abri\u00f3 los brazos. -Roguemos por el alma de esta que aqu\u00ed yace, nuestra querida patria, que hoy, desfallecida, l\u00e1nguida, ex\u00e1nime, de cuerpo presente, se nos ofrece en su \u00faltimo momento\u201d \u201cSe\u00f1or s\u00e1lvanos, de lo que ahora nos vendr\u00e1, gu\u00edanos por la senda tenebrosa de los futuros inciertos, y eleva en tu coraz\u00f3n a &hellip; <\/p>\n<p class=\"link-more\"><a href=\"https:\/\/pedrocasiano.es\/?page_id=2216\" class=\"more-link\">Leer m\u00e1s<span class=\"screen-reader-text\"> \u00abPor muy digno que sea un Entierro, el Muerto est\u00e1 Muerto\u00bb<\/span><\/a><\/p>\n","protected":false},"author":1,"featured_media":0,"parent":0,"menu_order":0,"comment_status":"closed","ping_status":"closed","template":"","meta":{"inspiro_hide_title":false,"footnotes":""},"class_list":["post-2216","page","type-page","status-publish","hentry"],"featured_media_urls":[],"_links":{"self":[{"href":"https:\/\/pedrocasiano.es\/index.php?rest_route=\/wp\/v2\/pages\/2216","targetHints":{"allow":["GET"]}}],"collection":[{"href":"https:\/\/pedrocasiano.es\/index.php?rest_route=\/wp\/v2\/pages"}],"about":[{"href":"https:\/\/pedrocasiano.es\/index.php?rest_route=\/wp\/v2\/types\/page"}],"author":[{"embeddable":true,"href":"https:\/\/pedrocasiano.es\/index.php?rest_route=\/wp\/v2\/users\/1"}],"replies":[{"embeddable":true,"href":"https:\/\/pedrocasiano.es\/index.php?rest_route=%2Fwp%2Fv2%2Fcomments&post=2216"}],"version-history":[{"count":4,"href":"https:\/\/pedrocasiano.es\/index.php?rest_route=\/wp\/v2\/pages\/2216\/revisions"}],"predecessor-version":[{"id":5366,"href":"https:\/\/pedrocasiano.es\/index.php?rest_route=\/wp\/v2\/pages\/2216\/revisions\/5366"}],"wp:attachment":[{"href":"https:\/\/pedrocasiano.es\/index.php?rest_route=%2Fwp%2Fv2%2Fmedia&parent=2216"}],"curies":[{"name":"wp","href":"https:\/\/api.w.org\/{rel}","templated":true}]}}