{"id":2208,"date":"2024-02-20T08:20:14","date_gmt":"2024-02-20T08:20:14","guid":{"rendered":"https:\/\/pedrocasiano.es\/?page_id=2208"},"modified":"2024-03-01T09:57:47","modified_gmt":"2024-03-01T09:57:47","slug":"la-cuestion-catalana","status":"publish","type":"page","link":"https:\/\/pedrocasiano.es\/?page_id=2208","title":{"rendered":"La Cuesti\u00f3n Catalana"},"content":{"rendered":"\n<figure class=\"wp-block-image alignright size-large is-resized\"><img decoding=\"async\" width=\"1024\" height=\"754\" data-src=\"https:\/\/pedrocasiano.es\/wp-content\/uploads\/2024\/02\/animal-4235924_1280-1024x754.jpg\" alt=\"\" class=\"wp-image-3858 lazyload\" style=\"--smush-placeholder-width: 1024px; --smush-placeholder-aspect-ratio: 1024\/754;width:525px;height:auto\" src=\"data:image\/svg+xml;base64,PHN2ZyB3aWR0aD0iMSIgaGVpZ2h0PSIxIiB4bWxucz0iaHR0cDovL3d3dy53My5vcmcvMjAwMC9zdmciPjwvc3ZnPg==\" \/><\/figure>\n\n\n\n<p>No me gusta meterme en berenjenales, menos uno que no me preocupa en absoluto, pues soy de la opini\u00f3n, de que el que no quiera estar conmigo, que se vaya a tomar por el culo, que ser\u00e1 de afici\u00f3n lo suyo.<\/p>\n\n\n\n<p>Pero hay una cosa que no creo que se deba de permitir bajo ning\u00fan concepto, y hablo acerca de esa mayor\u00eda que no quiere la independencia, \u00bfQu\u00e9 hacemos con ellos?, \u00bflos dejamos abandonados a su suerte en un pa\u00eds nuevo y extra\u00f1o, dominado por supremacistas?<\/p>\n\n\n\n<p><a><\/a>Yo me pongo en su pellejo y me siento realmente mal, \u00bfQui\u00e9n puede arrogarse el derecho a decirte que no es tu casa el lugar donde has nacido?, nadie, pero adem\u00e1s estamp\u00e1ndote el sello de ciudadano de segunda, en un pa\u00eds que has ayudado tu a que crezca tanto, que ahora se pueda permitir el lujo de dejar a sus hermanos tirados.<\/p>\n\n\n\n<p>Pero lo que me produce risa y pena a la vez, es la ascendencia de algunos de los independentistas m\u00e1s radicales, me explico.<\/p>\n\n\n\n<p>Jordi S\u00e1nchez Picanyol, 50 por ciento no catal\u00e1n, m\u00ednimo. (Jorge, aunque cambies el acento de S\u00e1nchez)<\/p>\n\n\n\n<p>Oriol Junqueras i Vies, 50 por ciento no catal\u00e1n (Orop\u00e9ndola, Junqueras es gallego)<\/p>\n\n\n\n<p>Carles Puigdemont Casamaj\u00f3\u200b (50 o 25 por ciento no catal\u00e1n, sino andaluz, es decir sangre charnega) Ruiz, Valdivia, Toledo y Valero, de sus ascendientes.<\/p>\n\n\n\n<p>Gabriel Rufi\u00e1n Romero (vaya elemento), (100 por cien no catal\u00e1n, de Alcaudete (Ja\u00e9n) y Tur\u00f3n (Granada, Andaluc\u00eda). Sin comentarios.<\/p>\n\n\n\n<p>Y as\u00ed pod\u00edamos seguir hasta aburrir a un lector infatigable, Garc\u00edas, S\u00e1nchez, L\u00f3pez, P\u00e9rez\u2026 como dec\u00eda mi abuelo, \u201ces tu sangre, r\u00e1etela si puedes\u201d, y ahora que nos hablen de genotipo, de superioridad de los catalanes, de diferencial gen\u00e9tico, que desverg\u00fcenza, que desprop\u00f3sito, que ganas de liar lo que no se ha enrollado, pandilla de\u2026 term\u00ednelo cada uno como quiera.<\/p>\n\n\n\n<p>Y por si no se acuerda Charnegos era el nombre que pon\u00edan los franceses a los pobres catalanes tiesos como alambre, que en su pa\u00eds se buscaban la vida, es decir, m\u00e1s despectivo, por supuesto, que el que quieren dar a los dem\u00e1s.<\/p>\n\n\n\n<p>Otra m\u00e1s, ellos fueron los que pidieron unirse a Espa\u00f1a.<\/p>\n","protected":false},"excerpt":{"rendered":"<p>No me gusta meterme en berenjenales, menos uno que no me preocupa en absoluto, pues soy de la opini\u00f3n, de que el que no quiera estar conmigo, que se vaya a tomar por el culo, que ser\u00e1 de afici\u00f3n lo suyo. Pero hay una cosa que no creo que se deba de permitir bajo ning\u00fan &hellip; <\/p>\n<p class=\"link-more\"><a href=\"https:\/\/pedrocasiano.es\/?page_id=2208\" class=\"more-link\">Leer m\u00e1s<span class=\"screen-reader-text\"> \u00abLa Cuesti\u00f3n Catalana\u00bb<\/span><\/a><\/p>\n","protected":false},"author":1,"featured_media":0,"parent":0,"menu_order":0,"comment_status":"closed","ping_status":"closed","template":"","meta":{"inspiro_hide_title":false,"footnotes":""},"class_list":["post-2208","page","type-page","status-publish","hentry"],"featured_media_urls":[],"_links":{"self":[{"href":"https:\/\/pedrocasiano.es\/index.php?rest_route=\/wp\/v2\/pages\/2208","targetHints":{"allow":["GET"]}}],"collection":[{"href":"https:\/\/pedrocasiano.es\/index.php?rest_route=\/wp\/v2\/pages"}],"about":[{"href":"https:\/\/pedrocasiano.es\/index.php?rest_route=\/wp\/v2\/types\/page"}],"author":[{"embeddable":true,"href":"https:\/\/pedrocasiano.es\/index.php?rest_route=\/wp\/v2\/users\/1"}],"replies":[{"embeddable":true,"href":"https:\/\/pedrocasiano.es\/index.php?rest_route=%2Fwp%2Fv2%2Fcomments&post=2208"}],"version-history":[{"count":4,"href":"https:\/\/pedrocasiano.es\/index.php?rest_route=\/wp\/v2\/pages\/2208\/revisions"}],"predecessor-version":[{"id":5484,"href":"https:\/\/pedrocasiano.es\/index.php?rest_route=\/wp\/v2\/pages\/2208\/revisions\/5484"}],"wp:attachment":[{"href":"https:\/\/pedrocasiano.es\/index.php?rest_route=%2Fwp%2Fv2%2Fmedia&parent=2208"}],"curies":[{"name":"wp","href":"https:\/\/api.w.org\/{rel}","templated":true}]}}