{"id":2204,"date":"2024-02-20T08:17:29","date_gmt":"2024-02-20T08:17:29","guid":{"rendered":"https:\/\/pedrocasiano.es\/?page_id=2204"},"modified":"2024-03-04T10:08:26","modified_gmt":"2024-03-04T10:08:26","slug":"el-ultimo-jinete-del-apocalipsis","status":"publish","type":"page","link":"https:\/\/pedrocasiano.es\/?page_id=2204","title":{"rendered":"El \u00daltimo Jinete del Apocalipsis"},"content":{"rendered":"\n<figure class=\"wp-block-image alignleft size-full is-resized\"><img decoding=\"async\" width=\"600\" height=\"400\" data-src=\"https:\/\/pedrocasiano.es\/wp-content\/uploads\/2024\/03\/covid-19-4987797_1920PEQUE.jpg\" alt=\"\" class=\"wp-image-5565 lazyload\" style=\"--smush-placeholder-width: 600px; --smush-placeholder-aspect-ratio: 600\/400;width:480px;height:auto\" src=\"data:image\/svg+xml;base64,PHN2ZyB3aWR0aD0iMSIgaGVpZ2h0PSIxIiB4bWxucz0iaHR0cDovL3d3dy53My5vcmcvMjAwMC9zdmciPjwvc3ZnPg==\" \/><\/figure>\n\n\n\n<p>El \u00faltimo jinete del Apocalipsis<\/p>\n\n\n\n<p>Se llama como yo, m\u00e1s bien tendr\u00eda que llamarse Judas, que lo sentir\u00eda por ese nombre, pero en este caso, Pedro, es roca, y en el mal sentido, un problema, pues seguir\u00e1 su camino, aun sabi\u00e9ndolo equivocado, pues no es presidente por los espa\u00f1oles, sino a pesar de los espa\u00f1oles. Pero resumiendo, mal pa\u00eds somos, pues cada naci\u00f3n, tiene el gobierno que se merece.<\/p>\n\n\n\n<p>Pues m\u00e1s que pol\u00edtico, es trilero, de los que ofrecen las mejores opciones, las marea, <a><\/a>y al final la bola roja, la esconde en la mano, y lo m\u00e1s triste, es que nadie de su partido, que consideraba m\u00e1s o menos sensato, haya puesto el grito en el cielo. \u00bfTan bien cebados est\u00e1n, que como s\u00e1trapas lo permiten todo por seguir medrando?<\/p>\n\n\n\n<p>\u00bfQu\u00e9 no ha vendido?, \u00bfQu\u00e9 no ha mentido?, \u00bfD\u00f3nde est\u00e1 el l\u00edmite?, esas preguntas sin respuesta, son las que realmente me dan miedo, sumando por supuesto las amistades peligrosas de los sobrinos de Ch\u00e1vez, hermanitos de Maduro. Dios los cr\u00eda y ellos se juntan.<\/p>\n\n\n\n<p>\u00bfTan idiotas nos considera a nosotros, los ciudadanos, como para arrogarse el derecho de decidir nuestro futuro, con cambios que en el mejor de los casos solo ser\u00e1n problemas?<\/p>\n\n\n\n<p>Nunca se equivoca, su frase es \u201cperseverad, aunque est\u00e9is en lo desacertado, pues al final la constancia vencer\u00e1 a la \u00e9tica y a la inteligencia\u201d<\/p>\n\n\n\n<p>\u00bfUn comunista disfrazado?, quiz\u00e1s el lobo rojo disfrazado de corderito rosa, pero por supuesto, socialista del siglo XXI, no, sino de los de Iglesias, el socialista, no el Coletas, de los de palo al que no sea creyente, a los que hac\u00edan de derechas a los comunistas actuales, si, a los sometidos a ese engendro llamado Podemos.<\/p>\n\n\n\n<p>\u00a1Qu\u00e9 casa de locos!, m\u00e1s bien el Patio de Monipodio, donde cualquier cosa se pod\u00eda pretender, salvo que fuera cierto, pues el que era ladr\u00f3n, hacia santos a los dem\u00e1s, y aqu\u00ed, en lo que queda, apenas solar patrio, el destrozo va a ser de los de no poder arreglar, mucho me temo.<\/p>\n\n\n\n<p>A este paso no van a quedar ni los muebles, el centro destruido, la derecha\u2026 que descontrol, cada uno quiere el nombre, pero la casa sin barrer, y se acaba el d\u00eda, que ma\u00f1ana, mucho me temo que la casa ser\u00e1 de otro, o quiz\u00e1s sea derribada.<\/p>\n\n\n\n<p>\u00bfQu\u00e9 futuro nos espera?, y ahora que lo pienso, \u00bfno es lo m\u00e1s terrible, que todo sean preguntas?, me ha dado un escalofr\u00edo al pensarlo, pues, cuando existen tantos interrogantes, y tan pocas certezas, el futuro se avecina negro, como ala de cuervo, y eso temo, que no es por m\u00ed, que ya soy viejo y de culo pelado, como mandril, sino por aquellos que les queda la vida por vivir, pues a nosotros, que casi la hemos vivido, tal como van las cosas, y el futuro ese que auguran, mas vale que desaparezcamos, que hagamos con dignidad nuestro ultimo mutis por el foro, eso s\u00ed, enfrent\u00e1ndonos a los traidores, aunque sea en silla de ruedas.<\/p>\n","protected":false},"excerpt":{"rendered":"<p>El \u00faltimo jinete del Apocalipsis Se llama como yo, m\u00e1s bien tendr\u00eda que llamarse Judas, que lo sentir\u00eda por ese nombre, pero en este caso, Pedro, es roca, y en el mal sentido, un problema, pues seguir\u00e1 su camino, aun sabi\u00e9ndolo equivocado, pues no es presidente por los espa\u00f1oles, sino a pesar de los espa\u00f1oles. &hellip; <\/p>\n<p class=\"link-more\"><a href=\"https:\/\/pedrocasiano.es\/?page_id=2204\" class=\"more-link\">Leer m\u00e1s<span class=\"screen-reader-text\"> \u00abEl \u00daltimo Jinete del Apocalipsis\u00bb<\/span><\/a><\/p>\n","protected":false},"author":1,"featured_media":0,"parent":0,"menu_order":0,"comment_status":"closed","ping_status":"closed","template":"","meta":{"inspiro_hide_title":false,"footnotes":""},"class_list":["post-2204","page","type-page","status-publish","hentry"],"featured_media_urls":[],"_links":{"self":[{"href":"https:\/\/pedrocasiano.es\/index.php?rest_route=\/wp\/v2\/pages\/2204","targetHints":{"allow":["GET"]}}],"collection":[{"href":"https:\/\/pedrocasiano.es\/index.php?rest_route=\/wp\/v2\/pages"}],"about":[{"href":"https:\/\/pedrocasiano.es\/index.php?rest_route=\/wp\/v2\/types\/page"}],"author":[{"embeddable":true,"href":"https:\/\/pedrocasiano.es\/index.php?rest_route=\/wp\/v2\/users\/1"}],"replies":[{"embeddable":true,"href":"https:\/\/pedrocasiano.es\/index.php?rest_route=%2Fwp%2Fv2%2Fcomments&post=2204"}],"version-history":[{"count":4,"href":"https:\/\/pedrocasiano.es\/index.php?rest_route=\/wp\/v2\/pages\/2204\/revisions"}],"predecessor-version":[{"id":5566,"href":"https:\/\/pedrocasiano.es\/index.php?rest_route=\/wp\/v2\/pages\/2204\/revisions\/5566"}],"wp:attachment":[{"href":"https:\/\/pedrocasiano.es\/index.php?rest_route=%2Fwp%2Fv2%2Fmedia&parent=2204"}],"curies":[{"name":"wp","href":"https:\/\/api.w.org\/{rel}","templated":true}]}}