{"id":2201,"date":"2024-02-20T08:13:38","date_gmt":"2024-02-20T08:13:38","guid":{"rendered":"https:\/\/pedrocasiano.es\/?page_id=2201"},"modified":"2024-02-20T08:13:38","modified_gmt":"2024-02-20T08:13:38","slug":"la-conquista-de-espana-primera-parte","status":"publish","type":"page","link":"https:\/\/pedrocasiano.es\/?page_id=2201","title":{"rendered":"La Conquista De Espa\u00f1a. Primera Parte"},"content":{"rendered":"\n<div class=\"wp-block-media-text is-stacked-on-mobile is-vertically-aligned-top\" style=\"grid-template-columns:31% auto\"><figure class=\"wp-block-media-text__media\"><img decoding=\"async\" width=\"1024\" height=\"834\" data-src=\"https:\/\/pedrocasiano.es\/wp-content\/uploads\/2024\/02\/image-61-1024x834.jpeg\" alt=\"No hay ninguna descripci\u00f3n de la foto disponible.\" class=\"wp-image-2202 size-full lazyload\" src=\"data:image\/svg+xml;base64,PHN2ZyB3aWR0aD0iMSIgaGVpZ2h0PSIxIiB4bWxucz0iaHR0cDovL3d3dy53My5vcmcvMjAwMC9zdmciPjwvc3ZnPg==\" style=\"--smush-placeholder-width: 1024px; --smush-placeholder-aspect-ratio: 1024\/834;\" \/><\/figure><div class=\"wp-block-media-text__content\">\n<p><strong>Colecci\u00f3n De Tradiciones Relativas A La Conquista De Espa\u00f1a.<\/strong><\/p>\n\n\n\n<p>Cu\u00e9ntase que mientras el pueblo (musulm\u00e1n) se hallaba ocupado en sus intestinas discordias, y \u00c1bdo-M\u00e9lic ben Meruan[1]ten\u00eda fija su atenci\u00f3n en \u00c1bd-Allali ben Az-Zobair[2], en los Azrakies[3], en Ebn Al-\u00c1xats[4]y otros, cobraron fuerzas los griegos[5], los curdos y los persas que a\u00fan quedaban, y recuperaron muchos territorios, expulsando de ellos a los siriacos.<\/p>\n\n\n\n<p>Luego que \u00c1bdo-M\u00e9lic se vio desembarazado, los combati\u00f3 en\u00e9rgicamente, y los arroj\u00f3 de algunas comarcas, aunque quedaron due\u00f1os de la mayor parte. Al-Walid[6](Dios se apiade de \u00e9l), mand\u00f3 contra ellos tropas, que reconquistaron las ciudades que los griegos hab\u00edan tomado, y atacaron otras y las de Jorasan, penetrando hasta los \u00faltimos confines del territorio, de tal suerte, que s\u00f3lo quedaron del poder de Persia los curdos, por la aspereza de los lugares que habitaban. Pero de todos los pa\u00edses fronterizos, ninguno le preocupaba tanto como la Ifr\u00edkiya[7].<\/p>\n\n\n\n<p>\u00d3kba ben N\u00e9\u00f1 Al-Harits\u00ed , de la estirpe de Fihr, recaudador de impuestos , nombrado por \u00c1bd-Allah ben Caad ben Abi Qarh Al Amir\u00ed [8], de la estirpe de Loway, en tiempo de Otsmen[9](Dios se apiade de \u00e9l), hab\u00eda ya fundado a Kairewan en Ifr\u00edkiya y la hab\u00eda fortificado, prosiguiendo la conquista de las comarcas adyacentes hasta llegar a T\u00fanez y \u00a3abra; m\u00e1s la sublevaci\u00f3n contra Otsmen (Dios se apiade de \u00e9l) fue causa de que cesasen las expediciones contra la Ifr\u00edkiya , y de que los berberiscos se repusiesen, hasta que, sosegada aquella perturbaci\u00f3n, volvieron las expediciones mandadas por Moawiya (Dios se apiade de \u00e9l) permaneciendo la Ifr\u00edkiya en este estado.<\/p>\n\n\n\n<p>\u00d3kba ben N\u00e9f\u00ed, que hab\u00eda sido recaudador de impuestos en Mesopotamia en tiempo de Yezid ben Moawiya [10] , fu\u00e9 en el a\u00f1o 63 &#8211; a combatir a T\u00e1nger; y habi\u00e9ndole salido al encuentro una tribu berberisca llamada Aureba, fue su ej\u00e9rcito puesto en fuga, y muerto \u00e9l en la batalla. Surgi\u00f3 despu\u00e9s la guerra civil de Ebn Az-Zobair, y otros trastornos, hasta la muerte de \u00c1bdo-1-M\u00e9lic, cuyo sucesor fue Al-Walid, a quien (como hemos dicho) la frontera de Ifr\u00edkiya preocupaba m\u00e1s que ninguna otra. En el a\u00f1o 78 nombr\u00f3 Al-Walid gobernador de Ifr\u00edkiya y pa\u00edses contiguos a Muca ben Nosair, cliente de los Ben\u00fa Omey ya y descendiente de los infieles hechos prisioneros por J\u00e1lid en \u00c1in-Attamr, \u2014 aunque ellos sostuvieron que estaban all\u00ed como rehenes, y que pertenec\u00edan a la tribu de Becr ben W\u00e9yil. Nosair vino a ser esclavo de \u00c1bdo-\u00c1ziz ben Meruan *, el cual le di\u00f3 libertad. Confi\u00f3, pues, a Muca el gobierno de Ifr\u00edkiya y pa\u00edses ulteriores, y le envi\u00f3 all\u00e1 con poca gente de los voluntarios, sin tropas ningunas * de las divisiones de Siria, considerando que hab\u00eda bastante con aquellos, reunidos a los de Egipto \u00e9 Ifr\u00edkiya. Emprendi\u00f3 la marcha, y cuando lleg\u00f3 a Egipto sac\u00f3 un cuerpo de tropas de la colonia militar all\u00ed establecida, y continu\u00f3 hasta Ifr\u00edkiya, donde escogi\u00f3 para que le acompa\u00f1asen a los m\u00e1s esforzados y aguerridos. Llevaba de jefe de la vanguardia a T\u00e1rik ben Ziyed, y as\u00ed prosigui\u00f3 su camino, peleando con los berberiscos, y conquistando sus ciudades y comarcas hasta llegar a T\u00e1nger, principal fortaleza del territorio y capital de sus distritos, de la cual se apoder\u00f3 por vez primera, aunque algunos opinan que ya hab\u00eda sido conquistada y perdida; cosa que solo Dios sabe. Los habitantes de esta ciudad abrazaron la religi\u00f3n musulmana; y habi\u00e9ndola escogido para plaza de armas y residencia de los muslimes, escribi\u00f3 en el a\u00f1o 89 al califa Al-Walid todo lo acontecido.<\/p>\n\n\n\n<p>Dirigi\u00f3se en seguida Muca contra las ciudades de la costa del mar, en que hab\u00eda gobernadores del Rey de Espa\u00f1a, que se hab\u00edan hecho due\u00f1os de ellas y de los territorios circunvecinos. La capital de estas ciudades era la llamada Ceuta, y en ella y en las comarcanas mandaba un infiel, de nombre Juli\u00e1n, a quien combati\u00f3 Muca ben Noseir; m\u00e1s encontr\u00f3 que ten\u00eda gente tan numerosa, tan fuerte y aguerrida como hasta entonces no hab\u00eda visto; y no pudiendo vencerla, volvi\u00f3se a T\u00e1nger y comenz\u00f3 a mandar algaras que devastasen los alrededores , sin que por eso lograse rendirlos, porque entretanto iban y ven\u00edan de Espa\u00f1a barcos cargados de v\u00edveres y tropas , y eran adem\u00e1s amantes de su pa\u00eds y defend\u00edan sus familias con grande esfuerzo.<\/p>\n\n\n\n<p>Muri\u00f3 en esto el rey de Espa\u00f1a, Gaitixa, dejando algunos hijos, entre ellos Obba y Sisberto, que el pueblo no quiso aceptar; y alterado el pa\u00eds, tuvieron a bien elegir y confiar el mando a un infiel, llamado Rodrigo, hombre resuelto y animoso, que no era de estirpe real, sino caudillo y caballero.<\/p>\n\n\n\n<p>Acostumbraban los grandes se\u00f1ores de Espa\u00f1a a mandar sus hijos, varones y hembras, al palacio real de Toledo, a la saz\u00f3n fortaleza principal de Espa\u00f1a y capital del reino, a fin de que estuviesen a las \u00f3rdenes del Monarca, a quien s\u00f3lo ellos serv\u00edan.<\/p>\n\n\n\n<p>All\u00ed se educaban hasta que, llegados a la edad n\u00fabil, el Rey los casaba, provey\u00e9ndoles para ello de todo lo necesario. Cuando Rodrigo fue declarado rey, prend\u00f3se de la hija de Juli\u00e1n y la forz\u00f3.<\/p>\n\n\n\n<p>Escribi\u00e9ronle al padre lo ocurrido, y el infiel guard\u00f3 su rencor y exclam\u00f3: \u00abPor la religi\u00f3n del Mes\u00edas, que he de trastornar su reino y he de abrir una fosa bajo sus pies.\u00bb Mand\u00f3 en seguida su sumisi\u00f3n a Muca, conferenci\u00f3 con \u00e9l, le entreg\u00f3 las ciudades puestas bajo su mando, en virtud de un pacto que concert\u00f3 con ventajosas y seguras condiciones para s\u00ed y sus compa\u00f1eros, y habi\u00e9ndole hecho una descripci\u00f3n de Espa\u00f1a, le estimul\u00f3 a que procurase su conquista.<\/p>\n\n\n\n<p>Acaec\u00eda esto a fines del a\u00f1o 90. Muca escribi\u00f3 a Al-Walid la nueva de estas conquistas y del proyecto presentado por Juli\u00e1n, a lo que contest\u00f3 (el Califa) diciendo: \u00abManda a ese pa\u00eds algunos destacamentos que le exploren y tomen informes exactos, y no expongas a los muslimes a los azares de un mar de revueltas olas.\u00bb<\/p>\n\n\n\n<p>Muca le contest\u00f3 que no era un mar, sino un estrecho, que permit\u00eda al espectador descubrir desde una parte la forma de lo que al opuesto lado parec\u00eda; peroAl-Walid le replic\u00f3: \u00abAunque as\u00ed sea, inf\u00f3rmate por medio de exploradores.\u00bb<\/p>\n\n\n\n<p>Envi\u00f3, pues, a uno de sus libertos, llamado Tarif , y de cognombre Ab\u00f3 Zora, con 400 hombres, entre ellos 100 de caballer\u00eda , el cual pas\u00f3 en cuatro barcos y arrib\u00f3 a una isla llamada Isla de \u00c1ndalus , que era arsenal (de los cristianos) y punto desde el cual zarpaban sus embarcaciones. Por haber desembarcado all\u00ed, tom\u00f3 el nombre de isla de Tarif (Tarifa).<\/p>\n\n\n\n<p>Esper\u00f3 a que se le agregasen todos sus compa\u00f1eros, y despu\u00e9s se dirigi\u00f3 en algara contra Algeciras\u00bb; hizo muchos cautivos, como ni Muca ni sus compa\u00f1eros los hab\u00edan visto semejantes, recogi\u00f3 mucho bot\u00edn, y regres\u00f3 sano y salvo.<\/p>\n\n\n\n<p>Esto fue en Ramadhan del a\u00f1o 91 9.Cuando vieron esto (los musulmanes) desearon pasar prontamente all\u00e1, y Muca nombr\u00f3 a un liberto suyo, jefe de la vanguardia , llamado T\u00e1rik ben Ziyed , persa de Hamadan , \u2014aunque otros dicen que no era liberto suyo , sino de la tribu de Sadif ,\u2014para que fuese a Espa\u00f1a con 7,000 muslimes, en su mayor parte berberiscos y libertos , pues hab\u00eda poqu\u00edsimos \u00e1rabes, y pas\u00f3 en el a\u00f1o 921, en los cuatro barcos mencionados, \u00fanicos que ten\u00edan , los cuales fueron y vinieron con infanter\u00eda y caballer\u00eda, que se iba reuniendo en un monte muy fuerte, situado a la orilla del mar, hasta que estuvo completo todo su ej\u00e9rcito.<\/p>\n\n\n\n<p>Cuadro De Francisco Pradilla y Ortiz &#8211; Alamy, Dominio p\u00fablico.<\/p>\n\n\n\n<p>[1]\u00c1bdo-UM\u00e9lic, quinto de los califas Omeyas de Oriente, sucedi\u00f3 a su padre Mernan el a\u00f1o 65 de la h\u00e9gira (684-685 de J. C.), y rein\u00f3 hasta el a\u00f1o 86 (705).<\/p>\n\n\n\n<p>[2]- \u00c1bd-Allah ben Az-Zobair disput\u00f3 por largo tiempo el trono a los Omeyyas , y era sostenido por los de<\/p>\n\n\n\n<p>Medina y la Meca y por los musulmanes m\u00e1s fan\u00e1ticos. Merced a losesfuerzos de los siriacos, y despu\u00e9s<\/p>\n\n\n\n<p>de sangrientas luchas, \u00c1bd-Allah ben Az-Zobair fu\u00e9 vencido y muerto, reinando \u00c1bdo-l-M\u00e9lic.<\/p>\n\n\n\n<p>[3]Los Azrakies eran los partidarios de Ab\u00f3 R\u00e1xid N\u00e9fii ben Al-\u00c1zrak , los cuales salieron del Irak para el \u00c1hwaz : se hicieron due\u00f1os de este pa\u00eds y de las comarcas pr\u00f3ximas de Persia; mataron al gobernador del Califa , y llegaron a amenazar a Basra. Al-Hachchach , general de \u00c1bdo-l-M\u00e9lic , derrot\u00f3 a estos rebeldes y concluy\u00f3 la guerra , que presentaba grave aspecto.<\/p>\n\n\n\n<p>[4]\u00c1bdo-r-Rahmen ben Al-Ax\u00e1ts se sublev\u00f3 en el Jorasan el a\u00f1o 75 (694-5 de J. C.) contra Al-Hach<\/p>\n\n\n\n<p>chach, gobernador del Irak por el califa \u00c1bdo-M\u00e9lic, a quien aquel acusaba de imp\u00edo y enemigo de Maboma. Lleg\u00f3 a hacerse due\u00f1o del Jorasan y despues de Cufa; pero vencido, se refugi\u00f3 entre los turcos, que ocupaban entonces la TransOxana. Al-Hachchach escribi\u00f3 al jefe de \u00e9stos, exigi\u00e9ndole la entrega del fugitivo, y, en efecto, temeroso de una guerra con el Califa, lo remiti\u00f3 con una escolta; m\u00e1s en el camino, habi\u00e9ndose detenido a descansar en una casa, Al-\u00c1X\u00e1ts , seguro de sufrir una muerte cruel si daba al finen manos de su enemigo, se arroj\u00f3 desde la azotea y pereci\u00f3 en el acto.<\/p>\n\n\n\n<p>[5] Los \u00e1rabes designaban con el nombre de Rom a los griegos del bajo imperio. Despu\u00e9s aplicaron este<\/p>\n\n\n\n<p>nombre a todos los cristianos.<\/p>\n\n\n\n<p>[6] Al-Walid sucedi\u00f3 a su padre \u00c1bdo-\u00ed-M\u00e9lic en el a\u00f1o 86 (705 deJ. C.).<\/p>\n\n\n\n<p>[7] La Ifrikiya \u00f3 Ifrikia era el \u00c1frica propria, de los antiguos, y comprend\u00eda los territorios de Tr\u00edpoli yT\u00fanez.<\/p>\n\n\n\n<p>[8] \u00c1bd-Allah ben Ab\u00ed Carh era hermano de leche del califa Otsmen; quien le di\u00f3 el gobierno de Egipto, y con un ej\u00e9rcito considerable invadi\u00f3 la Ifr\u00edkiya, venciendo y dando muerte a Gregorio, gobernador del pa\u00eds. La relacion de nuestro autor no aparece muy conforme con lo que otros autores refieren acerca de la conquista de \u00c1frica por los \u00e1rabes. Segun Ebn Jaldon (trad. Slane, i,209, 213), \u00c1bd-Allah ben Ab\u00ed Qarh<\/p>\n\n\n\n<p>la conquist\u00f3 en el a\u00f1o 27 (647-8 deJ. C.). En el 45 (665-6) vino otra expedicion, al mando de Mo\u00e1wiya<\/p>\n\n\n\n<p>ben Hodaix , y \u00d3kba sustituy\u00f3 a \u00e9ste, fundando ent\u00f3nces a Kairewau. An-Nowair\u00ed, en el Ap\u00e9ndice a la misma obra (i, 327), dice que \u00d3kba vino a \u00c1frica el a\u00f1o 50 (670 de J. C.)<\/p>\n\n\n\n<p>[9] \u00d3tsmen, tercero de los califas despu\u00e9s de Mahoma, rein\u00f3 desde el- a\u00f1o 23 al 35 (643-4 a 655-6). Fue asesinado en una sublevaci\u00f3n.<\/p>\n\n\n\n<p>[10] Yezid ben Moawiya rein\u00f3 desde R\u00e9cheb del a\u00f1o 60 (Abril, 680) hasta Rabi\u00e9 1.\u00bb de 64 (Noviembre de 683)<\/p>\n<\/div><\/div>\n","protected":false},"excerpt":{"rendered":"<p>Colecci\u00f3n De Tradiciones Relativas A La Conquista De Espa\u00f1a. Cu\u00e9ntase que mientras el pueblo (musulm\u00e1n) se hallaba ocupado en sus intestinas discordias, y \u00c1bdo-M\u00e9lic ben Meruan[1]ten\u00eda fija su atenci\u00f3n en \u00c1bd-Allali ben Az-Zobair[2], en los Azrakies[3], en Ebn Al-\u00c1xats[4]y otros, cobraron fuerzas los griegos[5], los curdos y los persas que a\u00fan quedaban, y recuperaron muchos &hellip; <\/p>\n<p class=\"link-more\"><a href=\"https:\/\/pedrocasiano.es\/?page_id=2201\" class=\"more-link\">Leer m\u00e1s<span class=\"screen-reader-text\"> \u00abLa Conquista De Espa\u00f1a. Primera Parte\u00bb<\/span><\/a><\/p>\n","protected":false},"author":1,"featured_media":0,"parent":0,"menu_order":0,"comment_status":"closed","ping_status":"closed","template":"","meta":{"inspiro_hide_title":false,"footnotes":""},"class_list":["post-2201","page","type-page","status-publish","hentry"],"featured_media_urls":[],"_links":{"self":[{"href":"https:\/\/pedrocasiano.es\/index.php?rest_route=\/wp\/v2\/pages\/2201","targetHints":{"allow":["GET"]}}],"collection":[{"href":"https:\/\/pedrocasiano.es\/index.php?rest_route=\/wp\/v2\/pages"}],"about":[{"href":"https:\/\/pedrocasiano.es\/index.php?rest_route=\/wp\/v2\/types\/page"}],"author":[{"embeddable":true,"href":"https:\/\/pedrocasiano.es\/index.php?rest_route=\/wp\/v2\/users\/1"}],"replies":[{"embeddable":true,"href":"https:\/\/pedrocasiano.es\/index.php?rest_route=%2Fwp%2Fv2%2Fcomments&post=2201"}],"version-history":[{"count":1,"href":"https:\/\/pedrocasiano.es\/index.php?rest_route=\/wp\/v2\/pages\/2201\/revisions"}],"predecessor-version":[{"id":2203,"href":"https:\/\/pedrocasiano.es\/index.php?rest_route=\/wp\/v2\/pages\/2201\/revisions\/2203"}],"wp:attachment":[{"href":"https:\/\/pedrocasiano.es\/index.php?rest_route=%2Fwp%2Fv2%2Fmedia&parent=2201"}],"curies":[{"name":"wp","href":"https:\/\/api.w.org\/{rel}","templated":true}]}}