{"id":2198,"date":"2024-02-20T08:12:03","date_gmt":"2024-02-20T08:12:03","guid":{"rendered":"https:\/\/pedrocasiano.es\/?page_id=2198"},"modified":"2024-02-20T08:12:04","modified_gmt":"2024-02-20T08:12:04","slug":"la-conquista-de-espana-segunda-parte","status":"publish","type":"page","link":"https:\/\/pedrocasiano.es\/?page_id=2198","title":{"rendered":"La Conquista De Espa\u00f1a (Segunda Parte)"},"content":{"rendered":"\n<div class=\"wp-block-media-text is-stacked-on-mobile is-vertically-aligned-top\" style=\"grid-template-columns:31% auto\"><figure class=\"wp-block-media-text__media\"><img decoding=\"async\" width=\"1024\" height=\"810\" data-src=\"https:\/\/pedrocasiano.es\/wp-content\/uploads\/2024\/02\/image-60-1024x810.jpeg\" alt=\"No hay ninguna descripci\u00f3n de la foto disponible.\" class=\"wp-image-2199 size-full lazyload\" src=\"data:image\/svg+xml;base64,PHN2ZyB3aWR0aD0iMSIgaGVpZ2h0PSIxIiB4bWxucz0iaHR0cDovL3d3dy53My5vcmcvMjAwMC9zdmciPjwvc3ZnPg==\" style=\"--smush-placeholder-width: 1024px; --smush-placeholder-aspect-ratio: 1024\/810;\" \/><\/figure><div class=\"wp-block-media-text__content\">\n<p><strong>Colecci\u00f3n De Tradiciones Relativas A La Conquista De Espa\u00f1a (Segunda Parte)<\/strong><\/p>\n\n\n\n<p>Cuando vieron esto (los musulmanes) desearon pasar prontamente all\u00e1, y Muca nombr\u00f3 a un liberto suyo, jefe de la vanguardia , llamado T\u00e1rik ben Ziyed , persa de Hamadan , \u2014aun relato que otros dicen que no era liberto suyo , sino de la tribu de Sadif ,\u2014para que fuese a Espa\u00f1a con 7,000 muslimes, en su mayor parte berberiscos y libertos , pues hab\u00eda poqu\u00edsimos \u00e1rabes, y pas\u00f3 en el a\u00f1o 921, en los cuatro barcos mencionados, \u00fanicos que ten\u00edan , los cuales fueron y vinieron con infanter\u00eda y caballer\u00eda, que se iba reuniendo en un monte muy fuerte, situado a la orilla del mar, hasta que estuvo completo todo su ej\u00e9rcito.<\/p>\n\n\n\n<p>Al saber el Rey de Espa\u00f1a la nueva de la correr\u00eda de Tarif, consider\u00f3 el asunto como cosa grave. estaba ausente de la corte, combatiendo a Pamplona, y desde all\u00ed se dirigi\u00f3 hacia el mediod\u00eda, cuando ya T\u00e1rik hab\u00eda entrado, habiendo reunido contra \u00e9ste un ej\u00e9rcito de cien mil hombres o cosa semejante, seg\u00fan se cuenta.<\/p>\n\n\n\n<p>Apenas lleg\u00f3 esto a noticia de T\u00e1rik, escribi\u00f3 a Muca, pidi\u00e9ndole m\u00e1s tropas y d\u00e1ndole parte de que se hab\u00eda hecho due\u00f1o de Algeciras y del lago, pero que el Rey de Espa\u00f1a ven\u00eda contra \u00e9l con un ej\u00e9rcito que no pod\u00eda contrarrestar. Muca, que desde la partida de T\u00e1rik hab\u00eda mandado construir barcos y ten\u00eda ya muchos, le mand\u00f3 con ellos 5,000 hombres, de suerte que el ej\u00e9rcito acaudillado por T\u00e1rik lleg\u00f3 a 12,000. Hab\u00eda ya cautivado muchos e importantes personajes, y con ellos estaba Juli\u00e1n, acompa\u00f1ado de bastante gente del pa\u00eds, la cual les indicaba los puntos indefensos y serv\u00eda para el espionaje.<\/p>\n\n\n\n<p>Acerc\u00f3se Rodrigo con la flor de la nobleza espa\u00f1ola y los hijos de sus reyes, quienes, al ver el n\u00famero y disposici\u00f3n de los muslimes, tuvieron una conferencia y dirigi\u00e9ndose los unos a los otros, dijeron \u00abEste * hijo de la mala mujer se ha hecho due\u00f1o de nuestro reino sin ser de estirpe real, antes bien, uno de nuestros inferiores, aquella gente no pretende establecerse en nuestro pa\u00eds; lo \u00fanico que desea es ganar bot\u00edn, conseguido esto, se marchar\u00e1n y nos dejar\u00e1n. Emprendamos la fuga en el momento de la pelea, y el hijo de la mala mujer ser\u00e1 derrotado.\u00bb En esto quedaron convenidos. Hab\u00eda dado Rodrigo el mando del ala derecha de su ej\u00e9rcito a Sisberto, y el de la izquierda a Obba, hijos ambos de su antecesor Gaitixa, y cabezas de la conspiraci\u00f3n indicada.<\/p>\n\n\n\n<p>Aproxim\u00f3se, pues, con un ej\u00e9rcito de cerca de 100,000 combatientes, y ten\u00eda este n\u00famero (y no otro mayor) porque hab\u00eda habido en Espa\u00f1a un hambre, que principi\u00f3 en el 88, y continu\u00f3 todo este a\u00f1o y los de 89 y 90, y una peste durante la cual murieron la mitad o m\u00e1s de los habitantes. Vino despu\u00e9s el a\u00f1o 91, que fue en Espa\u00f1a a\u00f1o que por su abundancia recompens\u00f3 los males pasados, y en el cual se efectu\u00f3 la invasi\u00f3n de Tarif.<\/p>\n\n\n\n<p>Encontr\u00e1ronse Rodrigo y T\u00e1rik, que hab\u00eda permanecido en Algeciras, en un lugar llamado el Lago, y pelearon encarnizadamente; m\u00e1s las alas derecha e izquierda, al mando de Sisberto y Obba, hijos de Gaitixa, dieron a huir, y aunque el centro resisti\u00f3 alg\u00fan tanto, al cabo Rodrigo fue tambi\u00e9n derrotado, y los muslimes hicieron una gran matanza en los enemigos. Rodrigo desapareci\u00f3, sin que se supiese lo que le hab\u00eda acontecido, pues los musulmanes encontraron solamente su caballo blanco, con su silla de oro, guarnecida de rub\u00edes y esmeraldas, y un manto tejido de oro y bordado de perlas y rub\u00edes. El caballo hab\u00eda ca\u00eddo en un lodazal, y el cristiano que hab\u00eda ca\u00eddo con \u00e9l, al sacar el pie se hab\u00eda dejado un bot\u00edn en el lodo. S\u00f3lo Dios sabe lo que le pas\u00f3, pues no se tuvo noticia de \u00e9l, ni se le encontr\u00f3 vivo ni muerto.<\/p>\n\n\n\n<p>March\u00f3 en seguida T\u00e1rik a la angostura de Algeciras, y despu\u00e9s a la ciudad de \u00c9cija; sus habitantes, acompa\u00f1ados de los fugitivos del ej\u00e9rcito grande, sali\u00e9ronle al encuentro, y se trab\u00f3 un tenaz combate, en que los musulmanes tuvieron muchos muertos y heridos. Dios les concedi\u00f3 al fin su ayuda, y los polite\u00edstas fueron derrotados, sin que los musulmanes volviesen a encontrar tan fuerte resistencia. T\u00e1rik baj\u00f3 a situarse junto a una fuente que se halla a cuatro millas de \u00c9cija, a orillas de su rio, y que tom\u00f3 el nombre de fuente de T\u00e1rik.<\/p>\n\n\n\n<p>Infundi\u00f3 Dios el terror en los corazones de los cristianos cuando vieron que T\u00e1rik se internaba en el pa\u00eds, habiendo cre\u00eddo que har\u00eda lo mismo que Tarif; y huyendo h\u00e1cia Toledo, se encerraron en las ciudades de Espa\u00f1a. Entonces Juli\u00e1n se acerc\u00f3 a T\u00e1rik, y le dijo, \u00abYa has concluido con Espa\u00f1a, divide ahora tu ej\u00e9rcito, al cual servir\u00e1n de gu\u00edas estos compa\u00f1eros m\u00edos, y marcha t\u00fa hacia Toledo.\u00bb Dividi\u00f3, en efecto, su ej\u00e9rcito desde \u00c9cija, y envi\u00f3 a Moguits Ar-Rom\u00ed, liberto de Al Walid ben \u00c1bdo-M\u00e9lic, a C\u00f3rdoba, que era entonces una de sus mayores ciudades, y es actualmente fortaleza de los muslimes, su principal residencia y capital del reino, con 700 caballeros, sin ning\u00fan pe\u00f3n, pues no hab\u00eda quedado musulm\u00e1n sin caballo. Mand\u00f3 otro destacamento a Rayya, otro a Granada, capital de Elvira, y se dirigi\u00f3 \u00e9l hac\u00eda Toledo con el grueso de las tropas.<\/p>\n<\/div><\/div>\n","protected":false},"excerpt":{"rendered":"<p>Colecci\u00f3n De Tradiciones Relativas A La Conquista De Espa\u00f1a (Segunda Parte) Cuando vieron esto (los musulmanes) desearon pasar prontamente all\u00e1, y Muca nombr\u00f3 a un liberto suyo, jefe de la vanguardia , llamado T\u00e1rik ben Ziyed , persa de Hamadan , \u2014aun relato que otros dicen que no era liberto suyo , sino de la &hellip; <\/p>\n<p class=\"link-more\"><a href=\"https:\/\/pedrocasiano.es\/?page_id=2198\" class=\"more-link\">Leer m\u00e1s<span class=\"screen-reader-text\"> \u00abLa Conquista De Espa\u00f1a (Segunda Parte)\u00bb<\/span><\/a><\/p>\n","protected":false},"author":1,"featured_media":0,"parent":0,"menu_order":0,"comment_status":"closed","ping_status":"closed","template":"","meta":{"inspiro_hide_title":false,"footnotes":""},"class_list":["post-2198","page","type-page","status-publish","hentry"],"featured_media_urls":[],"_links":{"self":[{"href":"https:\/\/pedrocasiano.es\/index.php?rest_route=\/wp\/v2\/pages\/2198","targetHints":{"allow":["GET"]}}],"collection":[{"href":"https:\/\/pedrocasiano.es\/index.php?rest_route=\/wp\/v2\/pages"}],"about":[{"href":"https:\/\/pedrocasiano.es\/index.php?rest_route=\/wp\/v2\/types\/page"}],"author":[{"embeddable":true,"href":"https:\/\/pedrocasiano.es\/index.php?rest_route=\/wp\/v2\/users\/1"}],"replies":[{"embeddable":true,"href":"https:\/\/pedrocasiano.es\/index.php?rest_route=%2Fwp%2Fv2%2Fcomments&post=2198"}],"version-history":[{"count":1,"href":"https:\/\/pedrocasiano.es\/index.php?rest_route=\/wp\/v2\/pages\/2198\/revisions"}],"predecessor-version":[{"id":2200,"href":"https:\/\/pedrocasiano.es\/index.php?rest_route=\/wp\/v2\/pages\/2198\/revisions\/2200"}],"wp:attachment":[{"href":"https:\/\/pedrocasiano.es\/index.php?rest_route=%2Fwp%2Fv2%2Fmedia&parent=2198"}],"curies":[{"name":"wp","href":"https:\/\/api.w.org\/{rel}","templated":true}]}}