{"id":2174,"date":"2024-02-20T07:59:08","date_gmt":"2024-02-20T07:59:08","guid":{"rendered":"https:\/\/pedrocasiano.es\/?page_id=2174"},"modified":"2024-02-20T07:59:08","modified_gmt":"2024-02-20T07:59:08","slug":"10-de-abril-de-2020","status":"publish","type":"page","link":"https:\/\/pedrocasiano.es\/?page_id=2174","title":{"rendered":"10 de Abril de 2020"},"content":{"rendered":"\n<div class=\"wp-block-media-text is-stacked-on-mobile is-vertically-aligned-top\"><figure class=\"wp-block-media-text__media\"><img decoding=\"async\" width=\"543\" height=\"768\" data-src=\"https:\/\/pedrocasiano.es\/wp-content\/uploads\/2024\/02\/planet-8215532_1920.jpg\" alt=\"\" class=\"wp-image-2175 size-full lazyload\" src=\"data:image\/svg+xml;base64,PHN2ZyB3aWR0aD0iMSIgaGVpZ2h0PSIxIiB4bWxucz0iaHR0cDovL3d3dy53My5vcmcvMjAwMC9zdmciPjwvc3ZnPg==\" style=\"--smush-placeholder-width: 543px; --smush-placeholder-aspect-ratio: 543\/768;\" \/><\/figure><div class=\"wp-block-media-text__content\">\n<p>Otra vez estamos aqu\u00ed, en el lugar de la depresi\u00f3n infinita, en el campo del microcosmos del aburrimiento, en fin, en lo que se conoce como aislamiento por la pandemia.<\/p>\n\n\n\n<p>Ayer fue un d\u00eda bueno, por lo menos en lo de escribir, los personajes me contaron su historia en ese mundo tan complejo de Azura.<\/p>\n\n\n\n<p>\u00bfQu\u00e9 es Azura?, un mundo salido de mi cabeza.<\/p>\n\n\n\n<p>Pude <a><\/a>escribir algo, pues los personajes me contaron algo de su vida, (que nadie se equivoque, yo no escribo, me cuentan historias que yo despu\u00e9s plasmo en papel, o en bytes)<\/p>\n\n\n\n<p>Lo bueno, es que cuando escribes para ti, porque lo necesitas, puedes seguir el hilo de las vivencias de personajes salidos de tu propia locura, sin que te importe nada el que alguien lo considere bueno o malo.<\/p>\n\n\n\n<p>Para m\u00ed, es simplemente algo terap\u00e9utico, incluso cuando mi mano derecha se niega a escribir, me es placentero, pues subo al cielo de mi imaginaci\u00f3n, y me olvido de cuarentenas, dolencias, recibos, taras, y todo aquello que rodea a los huesos del ser humano.<\/p>\n\n\n\n<p>19.552 palabras.<\/p>\n\n\n\n<p><div style=\"font-family: inherit; color: initial; text-decoration-color: initial;\"><div class=\"x168nmei x13lgxp2 x30kzoy x9jhf4c x6ikm8r x10wlt62\" style=\"border-radius: 0px 0px 8px 8px; overflow: hidden; font-family: inherit; color: initial; text-decoration-color: initial;\" data-visualcompletion=\"ignore-dynamic\"><div style=\"font-family: inherit; color: initial; text-decoration-color: initial;\"><div style=\"font-family: inherit; color: initial; text-decoration-color: initial;\"><div style=\"font-family: inherit; color: initial; text-decoration-color: initial;\"><div class=\"x1n2onr6\" style=\"position: relative; font-family: inherit; color: initial; text-decoration-color: initial;\"><div class=\"x6s0dn4 xi81zsa x78zum5 x6prxxf x13a6bvl xvq8zen xdj266r xktsk01 xat24cr x1d52u69 x889kno x4uap5 x1a8lsjc xkhd6sd xdppsyt\" style=\"justify-content: flex-end; margin: 0px 16px; padding: 10px 0px; font-size: 0.9375rem; align-items: center; display: flex; color: initial; border-bottom: 1px solid var(--divider); line-height: 1.3333; font-family: inherit; text-decoration-color: initial;\"><div class=\"x6s0dn4 x78zum5 x1iyjqo2 x6ikm8r x10wlt62\" style=\"flex-grow: 1; align-items: center; display: flex; overflow: hidden; font-family: &quot;Segoe UI Historic&quot;, &quot;Segoe UI&quot;, Helvetica, Arial, sans-serif; white-space-collapse: collapse; color: initial; text-decoration-color: initial;\"><div style=\"font-family: inherit; color: initial; text-decoration-color: initial;\" class=\"\"><span class=\"x4k7w5x x1h91t0o x1h9r5lt x1jfb8zj xv2umb2 x1beo9mf xaigb6o x12ejxvf x3igimt xarpa2k xedcshv x1lytzrv x1t2pt76 x7ja8zs x1qrby5j\" style=\"align-items: inherit; display: inherit; flex: inherit; flex-direction: inherit; align-self: inherit; place-content: inherit; max-width: inherit; width: inherit; min-height: inherit; height: inherit; min-width: inherit; max-height: inherit; font-family: inherit; color: initial; text-decoration-color: initial;\"><div class=\"x1i10hfl xjbqb8w x1ejq31n xd10rxx x1sy0etr x17r0tee x972fbf xcfux6l x1qhh985 xm0m39n x9f619 x1ypdohk xe8uvvx xdj266r x11i5rnm xat24cr x1mh8g0r xexx8yu x4uap5 x18d9i69 xkhd6sd x16tdsg8 x1hl2dhg xggy1nq x1o1ewxj x3x9cwd x1e5q0jg x13rtm0m x1n2onr6 x87ps6o x1lku1pv x1a2a7pz x1heor9g xnl1qt8 x6ikm8r x10wlt62 x1vjfegm x1lliihq\" role=\"button\" tabindex=\"0\" style=\"outline-style: none; outline-width: initial; list-style: none; margin: 0px; text-align: inherit; border-style: none; position: relative; z-index: 1; cursor: pointer; padding: 0px; user-select: none; border-width: 0px; box-sizing: border-box; overflow: hidden; border-radius: inherit; color: initial; -webkit-tap-highlight-color: transparent; touch-action: manipulation; max-height: 1.3333em; font-family: inherit;\"><span class=\"xt0b8zv x2bj2ny xrbpyxo xl423tq\" style=\"margin-left: -100px; float: left; font-family: inherit; color: initial; text-decoration-color: initial;\"><span style=\"font-family: inherit; color: initial; text-decoration-color: initial;\"><span class=\"x1e558r4\" style=\"padding-left: 4px; font-family: inherit; color: initial; text-decoration-color: initial;\">2<\/span><\/span><\/span><div><span style=\"font-family: inherit; color: initial; text-decoration-color: initial;\"><span class=\"x1e558r4\" style=\"padding-left: 4px; font-family: inherit; color: initial; text-decoration-color: initial;\"><\/span><\/span><\/div><\/div><\/span><\/div><\/div><div class=\"x9f619 x1n2onr6 x1ja2u2z x78zum5 x2lah0s x1qughib x1qjc9v5 xozqiw3 x1q0g3np xykv574 xbmpl8g x4cne27 xifccgj\" style=\"z-index: 0; position: relative; flex-flow: row; align-items: stretch; justify-content: space-between; flex-shrink: 0; display: flex; box-sizing: border-box; margin: -6px; font-family: &quot;Segoe UI Historic&quot;, &quot;Segoe UI&quot;, Helvetica, Arial, sans-serif; white-space-collapse: collapse; color: initial; text-decoration-color: initial;\"><\/div><\/div><\/div><\/div><\/div><\/div><\/div><\/div><\/p>\n<\/div><\/div>\n","protected":false},"excerpt":{"rendered":"<p>Otra vez estamos aqu\u00ed, en el lugar de la depresi\u00f3n infinita, en el campo del microcosmos del aburrimiento, en fin, en lo que se conoce como aislamiento por la pandemia. Ayer fue un d\u00eda bueno, por lo menos en lo de escribir, los personajes me contaron su historia en ese mundo tan complejo de Azura. &hellip; <\/p>\n<p class=\"link-more\"><a href=\"https:\/\/pedrocasiano.es\/?page_id=2174\" class=\"more-link\">Leer m\u00e1s<span class=\"screen-reader-text\"> \u00ab10 de Abril de 2020\u00bb<\/span><\/a><\/p>\n","protected":false},"author":1,"featured_media":0,"parent":0,"menu_order":0,"comment_status":"closed","ping_status":"closed","template":"","meta":{"inspiro_hide_title":false,"footnotes":""},"class_list":["post-2174","page","type-page","status-publish","hentry"],"featured_media_urls":[],"_links":{"self":[{"href":"https:\/\/pedrocasiano.es\/index.php?rest_route=\/wp\/v2\/pages\/2174","targetHints":{"allow":["GET"]}}],"collection":[{"href":"https:\/\/pedrocasiano.es\/index.php?rest_route=\/wp\/v2\/pages"}],"about":[{"href":"https:\/\/pedrocasiano.es\/index.php?rest_route=\/wp\/v2\/types\/page"}],"author":[{"embeddable":true,"href":"https:\/\/pedrocasiano.es\/index.php?rest_route=\/wp\/v2\/users\/1"}],"replies":[{"embeddable":true,"href":"https:\/\/pedrocasiano.es\/index.php?rest_route=%2Fwp%2Fv2%2Fcomments&post=2174"}],"version-history":[{"count":1,"href":"https:\/\/pedrocasiano.es\/index.php?rest_route=\/wp\/v2\/pages\/2174\/revisions"}],"predecessor-version":[{"id":2176,"href":"https:\/\/pedrocasiano.es\/index.php?rest_route=\/wp\/v2\/pages\/2174\/revisions\/2176"}],"wp:attachment":[{"href":"https:\/\/pedrocasiano.es\/index.php?rest_route=%2Fwp%2Fv2%2Fmedia&parent=2174"}],"curies":[{"name":"wp","href":"https:\/\/api.w.org\/{rel}","templated":true}]}}