{"id":2170,"date":"2024-02-20T07:48:36","date_gmt":"2024-02-20T07:48:36","guid":{"rendered":"https:\/\/pedrocasiano.es\/?page_id=2170"},"modified":"2024-03-08T16:16:29","modified_gmt":"2024-03-08T16:16:29","slug":"sabado-11-de-abril-de-2-020","status":"publish","type":"page","link":"https:\/\/pedrocasiano.es\/?page_id=2170","title":{"rendered":"S\u00e1bado, 11 de Abril de 2.020"},"content":{"rendered":"\n<figure class=\"wp-block-image alignleft size-large is-resized\"><img decoding=\"async\" width=\"1024\" height=\"853\" data-src=\"https:\/\/pedrocasiano.es\/wp-content\/uploads\/2024\/02\/hand-1868015_1280-1024x853.jpg\" alt=\"\" class=\"wp-image-3821 lazyload\" style=\"--smush-placeholder-width: 1024px; --smush-placeholder-aspect-ratio: 1024\/853;width:585px;height:auto\" src=\"data:image\/svg+xml;base64,PHN2ZyB3aWR0aD0iMSIgaGVpZ2h0PSIxIiB4bWxucz0iaHR0cDovL3d3dy53My5vcmcvMjAwMC9zdmciPjwvc3ZnPg==\" \/><\/figure>\n\n\n\n<p>S\u00e1bado, 12 de Abril de 2.020<\/p>\n\n\n\n<p>M\u00e1s preocupaciones, \u00bfnos dar\u00e1n suelta el lunes?, \u00bfser\u00e1 eso bueno?, quien lo sabe, yo no, pero creo que, en este pa\u00eds, ahora mismo, estamos pasando de Guatemala a Guatepeor.<\/p>\n\n\n\n<p>Pero olvid\u00e9monos de la monoton\u00eda que lleva el d\u00eda de la marmota, y comentemos la labor del d\u00eda previo.<\/p>\n\n\n\n<p><a><\/a>Personajes uno, yo cero.<\/p>\n\n\n\n<p>Se salen con la suya, tengo una forma de continuar, y se me rebelan; al final su santa voluntad, pues yo no mando en sus designios, adem\u00e1s, me piden, mas bien me exigen, que hable de un tipo que conocen y que dicen que es un malvado de antonomasia, sobre todo mi h\u00e9roe, que quiere su n\u00e9mesis. \u00a1Que remedio!, dicho y hecho, y sin saber hoy, (si escribo algo), el rumbo que tomara, la historia, que estos pu\u00f1eteros me tiene en ascuas.<\/p>\n\n\n\n<p>21.287 Palabras. Unas 80 p\u00e1ginas noveladas.<\/p>\n","protected":false},"excerpt":{"rendered":"<p>S\u00e1bado, 12 de Abril de 2.020 M\u00e1s preocupaciones, \u00bfnos dar\u00e1n suelta el lunes?, \u00bfser\u00e1 eso bueno?, quien lo sabe, yo no, pero creo que, en este pa\u00eds, ahora mismo, estamos pasando de Guatemala a Guatepeor. Pero olvid\u00e9monos de la monoton\u00eda que lleva el d\u00eda de la marmota, y comentemos la labor del d\u00eda previo. Personajes &hellip; <\/p>\n<p class=\"link-more\"><a href=\"https:\/\/pedrocasiano.es\/?page_id=2170\" class=\"more-link\">Leer m\u00e1s<span class=\"screen-reader-text\"> \u00abS\u00e1bado, 11 de Abril de 2.020\u00bb<\/span><\/a><\/p>\n","protected":false},"author":1,"featured_media":0,"parent":0,"menu_order":0,"comment_status":"closed","ping_status":"closed","template":"","meta":{"inspiro_hide_title":false,"footnotes":""},"class_list":["post-2170","page","type-page","status-publish","hentry"],"featured_media_urls":[],"_links":{"self":[{"href":"https:\/\/pedrocasiano.es\/index.php?rest_route=\/wp\/v2\/pages\/2170","targetHints":{"allow":["GET"]}}],"collection":[{"href":"https:\/\/pedrocasiano.es\/index.php?rest_route=\/wp\/v2\/pages"}],"about":[{"href":"https:\/\/pedrocasiano.es\/index.php?rest_route=\/wp\/v2\/types\/page"}],"author":[{"embeddable":true,"href":"https:\/\/pedrocasiano.es\/index.php?rest_route=\/wp\/v2\/users\/1"}],"replies":[{"embeddable":true,"href":"https:\/\/pedrocasiano.es\/index.php?rest_route=%2Fwp%2Fv2%2Fcomments&post=2170"}],"version-history":[{"count":3,"href":"https:\/\/pedrocasiano.es\/index.php?rest_route=\/wp\/v2\/pages\/2170\/revisions"}],"predecessor-version":[{"id":5777,"href":"https:\/\/pedrocasiano.es\/index.php?rest_route=\/wp\/v2\/pages\/2170\/revisions\/5777"}],"wp:attachment":[{"href":"https:\/\/pedrocasiano.es\/index.php?rest_route=%2Fwp%2Fv2%2Fmedia&parent=2170"}],"curies":[{"name":"wp","href":"https:\/\/api.w.org\/{rel}","templated":true}]}}