{"id":2167,"date":"2024-02-20T07:40:11","date_gmt":"2024-02-20T07:40:11","guid":{"rendered":"https:\/\/pedrocasiano.es\/?page_id=2167"},"modified":"2024-02-20T07:40:12","modified_gmt":"2024-02-20T07:40:12","slug":"domingo-12-de-abril-de-2-020","status":"publish","type":"page","link":"https:\/\/pedrocasiano.es\/?page_id=2167","title":{"rendered":"Domingo, 12 de Abril de 2.020"},"content":{"rendered":"\n<div class=\"wp-block-media-text is-stacked-on-mobile is-vertically-aligned-top\"><figure class=\"wp-block-media-text__media\"><img decoding=\"async\" width=\"564\" height=\"676\" data-src=\"https:\/\/pedrocasiano.es\/wp-content\/uploads\/2024\/02\/image-53.jpeg\" alt=\"No hay ninguna descripci\u00f3n de la foto disponible.\" class=\"wp-image-2168 size-full lazyload\" src=\"data:image\/svg+xml;base64,PHN2ZyB3aWR0aD0iMSIgaGVpZ2h0PSIxIiB4bWxucz0iaHR0cDovL3d3dy53My5vcmcvMjAwMC9zdmciPjwvc3ZnPg==\" style=\"--smush-placeholder-width: 564px; --smush-placeholder-aspect-ratio: 564\/676;\" \/><\/figure><div class=\"wp-block-media-text__content\">\n<p>Domingo, 12 de Abril de 2.020<\/p>\n\n\n\n<p>\u00bfDomingo?, seguro que s\u00ed, que lo puedas diferenciar del resto de la semana, tienes m\u00e9rito, para m\u00ed, por desgracia, tan inane como el lunes, el martes\u2026<\/p>\n\n\n\n<p>Ayer fue un d\u00eda dif\u00edcil, poco puede escribir, ya se sabe que esto del \u201cconfinamiento voluntario\u201d, merma las capacidades, y yo, a pesar de que salgo menos que los ni\u00f1os del hospicio, no soy una excepci\u00f3n.<\/p>\n\n\n\n<p>Los <a><\/a>personajes, como si estuvieran tan cansados como yo, me dijeron \u201cescribe lo que quieras, no seas cansino\u201d, el \u00fanico que quer\u00eda algo, era el nuevo elemento, el malo del libro, y por \u00e9l, que no gracias a \u00e9l, es por lo que puedo a\u00f1adir alguna que otra palabra.<\/p>\n\n\n\n<p>Escribir es como parir, duele, no tanto, pero ninguna mujer pasa tres meses pariendo, al final no solo duele, cansa, pero como buen masoca, sigues aporreando la tecla, pero no porque quieras, si no por unos enanos que tienes en la cabeza, y que no quieren que se pierda su historia.<\/p>\n\n\n\n<p>21.609 Palabras.<\/p>\n<\/div><\/div>\n","protected":false},"excerpt":{"rendered":"<p>Domingo, 12 de Abril de 2.020 \u00bfDomingo?, seguro que s\u00ed, que lo puedas diferenciar del resto de la semana, tienes m\u00e9rito, para m\u00ed, por desgracia, tan inane como el lunes, el martes\u2026 Ayer fue un d\u00eda dif\u00edcil, poco puede escribir, ya se sabe que esto del \u201cconfinamiento voluntario\u201d, merma las capacidades, y yo, a pesar &hellip; <\/p>\n<p class=\"link-more\"><a href=\"https:\/\/pedrocasiano.es\/?page_id=2167\" class=\"more-link\">Leer m\u00e1s<span class=\"screen-reader-text\"> \u00abDomingo, 12 de Abril de 2.020\u00bb<\/span><\/a><\/p>\n","protected":false},"author":1,"featured_media":0,"parent":0,"menu_order":0,"comment_status":"closed","ping_status":"closed","template":"","meta":{"inspiro_hide_title":false,"footnotes":""},"class_list":["post-2167","page","type-page","status-publish","hentry"],"featured_media_urls":[],"_links":{"self":[{"href":"https:\/\/pedrocasiano.es\/index.php?rest_route=\/wp\/v2\/pages\/2167","targetHints":{"allow":["GET"]}}],"collection":[{"href":"https:\/\/pedrocasiano.es\/index.php?rest_route=\/wp\/v2\/pages"}],"about":[{"href":"https:\/\/pedrocasiano.es\/index.php?rest_route=\/wp\/v2\/types\/page"}],"author":[{"embeddable":true,"href":"https:\/\/pedrocasiano.es\/index.php?rest_route=\/wp\/v2\/users\/1"}],"replies":[{"embeddable":true,"href":"https:\/\/pedrocasiano.es\/index.php?rest_route=%2Fwp%2Fv2%2Fcomments&post=2167"}],"version-history":[{"count":1,"href":"https:\/\/pedrocasiano.es\/index.php?rest_route=\/wp\/v2\/pages\/2167\/revisions"}],"predecessor-version":[{"id":2169,"href":"https:\/\/pedrocasiano.es\/index.php?rest_route=\/wp\/v2\/pages\/2167\/revisions\/2169"}],"wp:attachment":[{"href":"https:\/\/pedrocasiano.es\/index.php?rest_route=%2Fwp%2Fv2%2Fmedia&parent=2167"}],"curies":[{"name":"wp","href":"https:\/\/api.w.org\/{rel}","templated":true}]}}