{"id":2164,"date":"2024-02-20T07:39:04","date_gmt":"2024-02-20T07:39:04","guid":{"rendered":"https:\/\/pedrocasiano.es\/?page_id=2164"},"modified":"2024-02-20T07:39:04","modified_gmt":"2024-02-20T07:39:04","slug":"lunes-13-de-abril-de-2-020","status":"publish","type":"page","link":"https:\/\/pedrocasiano.es\/?page_id=2164","title":{"rendered":"Lunes, 13 de Abril de 2.020"},"content":{"rendered":"\n<div class=\"wp-block-media-text is-stacked-on-mobile is-vertically-aligned-top\"><figure class=\"wp-block-media-text__media\"><img decoding=\"async\" width=\"563\" height=\"677\" data-src=\"https:\/\/pedrocasiano.es\/wp-content\/uploads\/2024\/02\/image-52.jpeg\" alt=\"No hay ninguna descripci\u00f3n de la foto disponible.\" class=\"wp-image-2165 size-full lazyload\" src=\"data:image\/svg+xml;base64,PHN2ZyB3aWR0aD0iMSIgaGVpZ2h0PSIxIiB4bWxucz0iaHR0cDovL3d3dy53My5vcmcvMjAwMC9zdmciPjwvc3ZnPg==\" style=\"--smush-placeholder-width: 563px; --smush-placeholder-aspect-ratio: 563\/677;\" \/><\/figure><div class=\"wp-block-media-text__content\">\n<p>Lunes, 13 de Abril de 2.020<\/p>\n\n\n\n<p>Un d\u00eda m\u00e1s, un d\u00eda menos, y dem\u00e1s frases que se est\u00e1n diciendo, pero olvidemos eso, que si algo caracteriza a este colapso mundial, no es lo del virus, si no otras cosas.<\/p>\n\n\n\n<p>Una de ellas, es la falta de credibilidad de algunas fuentes de noticias, entre ellas la televisi\u00f3n; demos gracias, a que incluso con sus mentiras, internet nos ha permitido tener un conocimiento m\u00e1s real, que el tendencioso ofrecido por estos medios, adem\u00e1s de permitirnos, a <a><\/a>muchos, el ejercer una maravillosa nueva forma, el poder ser capaces de juzgar el contenido real de la noticia, el empezar a darnos cuenta, de lo que nos quieren vender, y lo que realmente es.<\/p>\n\n\n\n<p>Pero baste de hablar de m\u00ed, y hablemos de los protas, mis personajes, que se han declarado en huelga, pues yo intento mantener en su justa medida el relato, mientras que ellos, por todos los medios, comienzan a hacerlo interminable, que no tedioso, pero que alguna vez, de alguna forma, hay que terminarlo, pero tantas p\u00e1ginas y apenas si han comenzado su historia, me dicen, no se que hacer, pero es lo que hay.<\/p>\n\n\n\n<p>La longitud que est\u00e1n creando las palabras que lo componen, ahora mismo equivalen a una setenta, ochenta p\u00e1ginas noveladas.<\/p>\n\n\n\n<p>23.435 Palabras<\/p>\n<\/div><\/div>\n","protected":false},"excerpt":{"rendered":"<p>Lunes, 13 de Abril de 2.020 Un d\u00eda m\u00e1s, un d\u00eda menos, y dem\u00e1s frases que se est\u00e1n diciendo, pero olvidemos eso, que si algo caracteriza a este colapso mundial, no es lo del virus, si no otras cosas. Una de ellas, es la falta de credibilidad de algunas fuentes de noticias, entre ellas la &hellip; <\/p>\n<p class=\"link-more\"><a href=\"https:\/\/pedrocasiano.es\/?page_id=2164\" class=\"more-link\">Leer m\u00e1s<span class=\"screen-reader-text\"> \u00abLunes, 13 de Abril de 2.020\u00bb<\/span><\/a><\/p>\n","protected":false},"author":1,"featured_media":0,"parent":0,"menu_order":0,"comment_status":"closed","ping_status":"closed","template":"","meta":{"inspiro_hide_title":false,"footnotes":""},"class_list":["post-2164","page","type-page","status-publish","hentry"],"featured_media_urls":[],"_links":{"self":[{"href":"https:\/\/pedrocasiano.es\/index.php?rest_route=\/wp\/v2\/pages\/2164","targetHints":{"allow":["GET"]}}],"collection":[{"href":"https:\/\/pedrocasiano.es\/index.php?rest_route=\/wp\/v2\/pages"}],"about":[{"href":"https:\/\/pedrocasiano.es\/index.php?rest_route=\/wp\/v2\/types\/page"}],"author":[{"embeddable":true,"href":"https:\/\/pedrocasiano.es\/index.php?rest_route=\/wp\/v2\/users\/1"}],"replies":[{"embeddable":true,"href":"https:\/\/pedrocasiano.es\/index.php?rest_route=%2Fwp%2Fv2%2Fcomments&post=2164"}],"version-history":[{"count":1,"href":"https:\/\/pedrocasiano.es\/index.php?rest_route=\/wp\/v2\/pages\/2164\/revisions"}],"predecessor-version":[{"id":2166,"href":"https:\/\/pedrocasiano.es\/index.php?rest_route=\/wp\/v2\/pages\/2164\/revisions\/2166"}],"wp:attachment":[{"href":"https:\/\/pedrocasiano.es\/index.php?rest_route=%2Fwp%2Fv2%2Fmedia&parent=2164"}],"curies":[{"name":"wp","href":"https:\/\/api.w.org\/{rel}","templated":true}]}}