{"id":2157,"date":"2024-02-20T07:35:50","date_gmt":"2024-02-20T07:35:50","guid":{"rendered":"https:\/\/pedrocasiano.es\/?page_id=2157"},"modified":"2024-03-08T16:17:07","modified_gmt":"2024-03-08T16:17:07","slug":"martes-14-de-abril-de-2-020","status":"publish","type":"page","link":"https:\/\/pedrocasiano.es\/?page_id=2157","title":{"rendered":"Martes, 14 de Abril de 2.020"},"content":{"rendered":"\n<figure class=\"wp-block-image alignleft size-full is-resized\"><img decoding=\"async\" data-src=\"https:\/\/pedrocasiano.es\/wp-content\/uploads\/2024\/02\/man-272675_1280.jpg\" alt=\"\" class=\"wp-image-3823 lazyload\" style=\"--smush-placeholder-width: 1280px; --smush-placeholder-aspect-ratio: 1280\/853;width:487px;height:auto\" src=\"data:image\/svg+xml;base64,PHN2ZyB3aWR0aD0iMSIgaGVpZ2h0PSIxIiB4bWxucz0iaHR0cDovL3d3dy53My5vcmcvMjAwMC9zdmciPjwvc3ZnPg==\" \/><\/figure>\n\n\n\n<p>Martes, 14 de Abril de 2.020<\/p>\n\n\n\n<p>Monoton\u00eda, aquellos que no somos imprescindibles, solo podemos estar inmersos en la monoton\u00eda.<\/p>\n\n\n\n<p>Levantarse, internet, televisi\u00f3n, comer, internet, televisi\u00f3n, alguna videollamada, noches largas, d\u00edas m\u00e1s largos a\u00fan, pero parece que se va a acabar, el problema es c\u00f3mo.<\/p>\n\n\n\n<p><a><\/a>\u00bfCu\u00e1ntos d\u00edas?, \u00bfCu\u00e1ntos nos quedan?, \u00bfes verdad lo que dice el gobierno?, \u00bfes verdad lo que dice ese bulto que es la O.M.S.?, que m\u00e1s da.<\/p>\n\n\n\n<p>El caso es que ayer fue d\u00eda de correcci\u00f3n, los personajes largan, tu escribes, y entres sus inconexas palabras, tu falta de coordinaci\u00f3n y torpeza, lo que sale es un batiburrillo que al final te cuesta entender hasta a ti mismo.<\/p>\n\n\n\n<p>\u00bfSoluci\u00f3n?, corregir, \u00bfCu\u00e1ntas veces?, yo lo hago tres, soy un masoca, m\u00e1s posteriormente, una externa, tambi\u00e9n de guion, continuidad, y ortogr\u00e1fica.<\/p>\n\n\n\n<p>El caso es que es terrible, mas cansado que cavar zanjas con un destornillador, te mata, m\u00e1s a m\u00ed que empiezo a corregir, me meto en la trama, y sigo leyendo sin corregir, vamos un cerebro privilegiado.<\/p>\n\n\n\n<p>De tal manera que las palabras siguen siendo, m\u00e1s o menos, las mismas.<\/p>\n\n\n\n<p>23.447 Palabras<\/p>\n","protected":false},"excerpt":{"rendered":"<p>Martes, 14 de Abril de 2.020 Monoton\u00eda, aquellos que no somos imprescindibles, solo podemos estar inmersos en la monoton\u00eda. Levantarse, internet, televisi\u00f3n, comer, internet, televisi\u00f3n, alguna videollamada, noches largas, d\u00edas m\u00e1s largos a\u00fan, pero parece que se va a acabar, el problema es c\u00f3mo. \u00bfCu\u00e1ntos d\u00edas?, \u00bfCu\u00e1ntos nos quedan?, \u00bfes verdad lo que dice el &hellip; <\/p>\n<p class=\"link-more\"><a href=\"https:\/\/pedrocasiano.es\/?page_id=2157\" class=\"more-link\">Leer m\u00e1s<span class=\"screen-reader-text\"> \u00abMartes, 14 de Abril de 2.020\u00bb<\/span><\/a><\/p>\n","protected":false},"author":1,"featured_media":0,"parent":0,"menu_order":0,"comment_status":"closed","ping_status":"closed","template":"","meta":{"inspiro_hide_title":false,"footnotes":""},"class_list":["post-2157","page","type-page","status-publish","hentry"],"featured_media_urls":[],"_links":{"self":[{"href":"https:\/\/pedrocasiano.es\/index.php?rest_route=\/wp\/v2\/pages\/2157","targetHints":{"allow":["GET"]}}],"collection":[{"href":"https:\/\/pedrocasiano.es\/index.php?rest_route=\/wp\/v2\/pages"}],"about":[{"href":"https:\/\/pedrocasiano.es\/index.php?rest_route=\/wp\/v2\/types\/page"}],"author":[{"embeddable":true,"href":"https:\/\/pedrocasiano.es\/index.php?rest_route=\/wp\/v2\/users\/1"}],"replies":[{"embeddable":true,"href":"https:\/\/pedrocasiano.es\/index.php?rest_route=%2Fwp%2Fv2%2Fcomments&post=2157"}],"version-history":[{"count":3,"href":"https:\/\/pedrocasiano.es\/index.php?rest_route=\/wp\/v2\/pages\/2157\/revisions"}],"predecessor-version":[{"id":5778,"href":"https:\/\/pedrocasiano.es\/index.php?rest_route=\/wp\/v2\/pages\/2157\/revisions\/5778"}],"wp:attachment":[{"href":"https:\/\/pedrocasiano.es\/index.php?rest_route=%2Fwp%2Fv2%2Fmedia&parent=2157"}],"curies":[{"name":"wp","href":"https:\/\/api.w.org\/{rel}","templated":true}]}}