{"id":2154,"date":"2024-02-20T07:32:59","date_gmt":"2024-02-20T07:32:59","guid":{"rendered":"https:\/\/pedrocasiano.es\/?page_id=2154"},"modified":"2024-02-20T07:32:59","modified_gmt":"2024-02-20T07:32:59","slug":"anoranza","status":"publish","type":"page","link":"https:\/\/pedrocasiano.es\/?page_id=2154","title":{"rendered":"A\u00f1oranza"},"content":{"rendered":"\n<div class=\"wp-block-media-text is-stacked-on-mobile is-vertically-aligned-top\"><figure class=\"wp-block-media-text__media\"><img decoding=\"async\" width=\"564\" height=\"991\" data-src=\"https:\/\/pedrocasiano.es\/wp-content\/uploads\/2024\/02\/image-49.jpeg\" alt=\"No hay ninguna descripci\u00f3n de la foto disponible.\" class=\"wp-image-2155 size-full lazyload\" src=\"data:image\/svg+xml;base64,PHN2ZyB3aWR0aD0iMSIgaGVpZ2h0PSIxIiB4bWxucz0iaHR0cDovL3d3dy53My5vcmcvMjAwMC9zdmciPjwvc3ZnPg==\" style=\"--smush-placeholder-width: 564px; --smush-placeholder-aspect-ratio: 564\/991;\" \/><\/figure><div class=\"wp-block-media-text__content\">\n<p>A\u00f1oranza<\/p>\n\n\n\n<p>De tener tus pechos clavados en mi espalda<\/p>\n\n\n\n<p>A\u00f1oranza<\/p>\n\n\n\n<p>De <a><\/a>sentir moverse tus caderas, cuando dentro de ti, mi cuerpo avanza<\/p>\n\n\n\n<p>A\u00f1oranza<\/p>\n\n\n\n<p>De vaciarme en ti hasta la alborada<\/p>\n\n\n\n<p>A\u00f1oranza<\/p>\n\n\n\n<p>De la piel enervada, por las caricias dadas<\/p>\n\n\n\n<p>A\u00f1oranza<\/p>\n\n\n\n<p>De libar tu copa, mientras me abrazas<\/p>\n\n\n\n<p>A\u00f1oranza<\/p>\n\n\n\n<p>De sentirte m\u00eda hasta la ma\u00f1ana<\/p>\n\n\n\n<p>A\u00f1oranza<\/p>\n\n\n\n<p>De creer tenerte, y ahora no tener nada<\/p>\n\n\n\n<p>A\u00f1oranza<\/p>\n\n\n\n<p>Solo me queda eso\u2026<\/p>\n\n\n\n<p>A\u00f1oranza.<\/p>\n<\/div><\/div>\n","protected":false},"excerpt":{"rendered":"<p>A\u00f1oranza De tener tus pechos clavados en mi espalda A\u00f1oranza De sentir moverse tus caderas, cuando dentro de ti, mi cuerpo avanza A\u00f1oranza De vaciarme en ti hasta la alborada A\u00f1oranza De la piel enervada, por las caricias dadas A\u00f1oranza De libar tu copa, mientras me abrazas A\u00f1oranza De sentirte m\u00eda hasta la ma\u00f1ana A\u00f1oranza &hellip; <\/p>\n<p class=\"link-more\"><a href=\"https:\/\/pedrocasiano.es\/?page_id=2154\" class=\"more-link\">Leer m\u00e1s<span class=\"screen-reader-text\"> \u00abA\u00f1oranza\u00bb<\/span><\/a><\/p>\n","protected":false},"author":1,"featured_media":0,"parent":0,"menu_order":0,"comment_status":"closed","ping_status":"closed","template":"","meta":{"inspiro_hide_title":false,"footnotes":""},"class_list":["post-2154","page","type-page","status-publish","hentry"],"featured_media_urls":[],"_links":{"self":[{"href":"https:\/\/pedrocasiano.es\/index.php?rest_route=\/wp\/v2\/pages\/2154","targetHints":{"allow":["GET"]}}],"collection":[{"href":"https:\/\/pedrocasiano.es\/index.php?rest_route=\/wp\/v2\/pages"}],"about":[{"href":"https:\/\/pedrocasiano.es\/index.php?rest_route=\/wp\/v2\/types\/page"}],"author":[{"embeddable":true,"href":"https:\/\/pedrocasiano.es\/index.php?rest_route=\/wp\/v2\/users\/1"}],"replies":[{"embeddable":true,"href":"https:\/\/pedrocasiano.es\/index.php?rest_route=%2Fwp%2Fv2%2Fcomments&post=2154"}],"version-history":[{"count":2,"href":"https:\/\/pedrocasiano.es\/index.php?rest_route=\/wp\/v2\/pages\/2154\/revisions"}],"predecessor-version":[{"id":10147,"href":"https:\/\/pedrocasiano.es\/index.php?rest_route=\/wp\/v2\/pages\/2154\/revisions\/10147"}],"wp:attachment":[{"href":"https:\/\/pedrocasiano.es\/index.php?rest_route=%2Fwp%2Fv2%2Fmedia&parent=2154"}],"curies":[{"name":"wp","href":"https:\/\/api.w.org\/{rel}","templated":true}]}}