{"id":2151,"date":"2024-02-20T07:31:51","date_gmt":"2024-02-20T07:31:51","guid":{"rendered":"https:\/\/pedrocasiano.es\/?page_id=2151"},"modified":"2024-02-20T07:31:51","modified_gmt":"2024-02-20T07:31:51","slug":"inocencia-belleza-oculta","status":"publish","type":"page","link":"https:\/\/pedrocasiano.es\/?page_id=2151","title":{"rendered":"Inocencia, Belleza Oculta"},"content":{"rendered":"\n<div class=\"wp-block-media-text is-stacked-on-mobile is-vertically-aligned-top\"><figure class=\"wp-block-media-text__media\"><img decoding=\"async\" width=\"457\" height=\"677\" data-src=\"https:\/\/pedrocasiano.es\/wp-content\/uploads\/2024\/02\/image-48.jpeg\" alt=\"No hay ninguna descripci\u00f3n de la foto disponible.\" class=\"wp-image-2152 size-full lazyload\" src=\"data:image\/svg+xml;base64,PHN2ZyB3aWR0aD0iMSIgaGVpZ2h0PSIxIiB4bWxucz0iaHR0cDovL3d3dy53My5vcmcvMjAwMC9zdmciPjwvc3ZnPg==\" style=\"--smush-placeholder-width: 457px; --smush-placeholder-aspect-ratio: 457\/677;\" \/><\/figure><div class=\"wp-block-media-text__content\">\n<p>Inocencia, belleza oculta<\/p>\n\n\n\n<p>Guarda tu alma<\/p>\n\n\n\n<p>Y tu belleza<\/p>\n\n\n\n<p>Del <a><\/a>mundo oscuro<\/p>\n\n\n\n<p>Que nos rodea<\/p>\n\n\n\n<p>Inocencia, no la pierdas<\/p>\n\n\n\n<p>Bella belleza<\/p>\n\n\n\n<p>No te pierdas<\/p>\n\n\n\n<p>En las callejas<\/p>\n\n\n\n<p>De sucias mentiras<\/p>\n\n\n\n<p>De almas torpes<\/p>\n\n\n\n<p>De la indecencia.<\/p>\n\n\n\n<p>S\u00e9 mi inocencia<\/p>\n\n\n\n<p>Que perd\u00ed<\/p>\n\n\n\n<p>En el tiempo<\/p>\n\n\n\n<p>Tanto,<\/p>\n\n\n\n<p>Que no recuerdo<\/p>\n\n\n\n<p>Llama m\u00eda, inocencia<\/p>\n\n\n\n<p>Dame tu belleza,<\/p>\n\n\n\n<p>Blanca n\u00edtida, belleza<\/p>\n\n\n\n<p>Dame tu amor,<\/p>\n\n\n\n<p>No quiero sexo<\/p>\n\n\n\n<p>Dame tu pregunta<\/p>\n\n\n\n<p>Que quede sin respuesta<\/p>\n\n\n\n<p>Que te llamen torpe<\/p>\n\n\n\n<p>Que te amo en tu torpeza<\/p>\n\n\n\n<p>Inocencia<\/p>\n\n\n\n<p>Tu belleza,<\/p>\n\n\n\n<p>Dame tu belleza<\/p>\n\n\n\n<p>Que perd\u00ed hace tanto tiempo,<\/p>\n\n\n\n<p>Que por mucho que la llamo<\/p>\n\n\n\n<p>Nunca contesta.<\/p>\n<\/div><\/div>\n","protected":false},"excerpt":{"rendered":"<p>Inocencia, belleza oculta Guarda tu alma Y tu belleza Del mundo oscuro Que nos rodea Inocencia, no la pierdas Bella belleza No te pierdas En las callejas De sucias mentiras De almas torpes De la indecencia. S\u00e9 mi inocencia Que perd\u00ed En el tiempo Tanto, Que no recuerdo Llama m\u00eda, inocencia Dame tu belleza, Blanca &hellip; <\/p>\n<p class=\"link-more\"><a href=\"https:\/\/pedrocasiano.es\/?page_id=2151\" class=\"more-link\">Leer m\u00e1s<span class=\"screen-reader-text\"> \u00abInocencia, Belleza Oculta\u00bb<\/span><\/a><\/p>\n","protected":false},"author":1,"featured_media":0,"parent":0,"menu_order":0,"comment_status":"closed","ping_status":"closed","template":"","meta":{"inspiro_hide_title":false,"footnotes":""},"class_list":["post-2151","page","type-page","status-publish","hentry"],"featured_media_urls":[],"_links":{"self":[{"href":"https:\/\/pedrocasiano.es\/index.php?rest_route=\/wp\/v2\/pages\/2151","targetHints":{"allow":["GET"]}}],"collection":[{"href":"https:\/\/pedrocasiano.es\/index.php?rest_route=\/wp\/v2\/pages"}],"about":[{"href":"https:\/\/pedrocasiano.es\/index.php?rest_route=\/wp\/v2\/types\/page"}],"author":[{"embeddable":true,"href":"https:\/\/pedrocasiano.es\/index.php?rest_route=\/wp\/v2\/users\/1"}],"replies":[{"embeddable":true,"href":"https:\/\/pedrocasiano.es\/index.php?rest_route=%2Fwp%2Fv2%2Fcomments&post=2151"}],"version-history":[{"count":2,"href":"https:\/\/pedrocasiano.es\/index.php?rest_route=\/wp\/v2\/pages\/2151\/revisions"}],"predecessor-version":[{"id":10456,"href":"https:\/\/pedrocasiano.es\/index.php?rest_route=\/wp\/v2\/pages\/2151\/revisions\/10456"}],"wp:attachment":[{"href":"https:\/\/pedrocasiano.es\/index.php?rest_route=%2Fwp%2Fv2%2Fmedia&parent=2151"}],"curies":[{"name":"wp","href":"https:\/\/api.w.org\/{rel}","templated":true}]}}