{"id":2140,"date":"2024-02-20T07:11:30","date_gmt":"2024-02-20T07:11:30","guid":{"rendered":"https:\/\/pedrocasiano.es\/?page_id=2140"},"modified":"2024-03-02T12:20:17","modified_gmt":"2024-03-02T12:20:17","slug":"aurelio-y-el-calor","status":"publish","type":"page","link":"https:\/\/pedrocasiano.es\/?page_id=2140","title":{"rendered":"Aurelio y el Calor"},"content":{"rendered":"\n<figure class=\"wp-block-image alignleft size-large is-resized\"><img decoding=\"async\" width=\"1024\" height=\"853\" data-src=\"https:\/\/pedrocasiano.es\/wp-content\/uploads\/2024\/02\/356225762_734844235315337_4576770517232894103_n-1024x853.jpg\" alt=\"\" class=\"wp-image-3852 lazyload\" style=\"--smush-placeholder-width: 1024px; --smush-placeholder-aspect-ratio: 1024\/853;width:413px;height:auto\" src=\"data:image\/svg+xml;base64,PHN2ZyB3aWR0aD0iMSIgaGVpZ2h0PSIxIiB4bWxucz0iaHR0cDovL3d3dy53My5vcmcvMjAwMC9zdmciPjwvc3ZnPg==\" \/><\/figure>\n\n\n\n<p>Aurelio y el calor<\/p>\n\n\n\n<p>Hoy empieza el calor, Aurelio mira al cielo de la ma\u00f1ana, apenas si amanece y saca el viejo cuerpo al patinillo interior, en el que el viejo y retorcido limonero ense\u00f1a imp\u00fadico sus gordos y escasos limones.<\/p>\n\n\n\n<p>-Mala noche, -comenta Aurelio con el \u00e1rbol, su \u00fanico compa\u00f1ero-, no he podido ni pegar ojo, bien cierto es que la casa est\u00e1 hecha de humedades en invierno, y de sombras en verano, pero los veranos, son cada d\u00eda menos verano y m\u00e1s infierno, \u00bfme escuchas?, <a><\/a>amigo, -le pregunta al viejo \u00e1rbol, que no responde.<\/p>\n\n\n\n<p>Se levanta del banco de piedra, el de siempre, el que no nunca ha cambiado, y se da el lavado del gato, que la cosa no est\u00e1 para hacer virguer\u00edas, apenas en posterior el caf\u00e9 que sale de la zurrapa que le dan en el bar de al lado, junto con los bocadillos pasados de fecha, que salvo alguna que otra vez, no salen en forma de colitis, pero no saben a cobre.<\/p>\n\n\n\n<p>Nada de m\u00f3vil, \u00bfQui\u00e9n lo va a llamar?, \u00bfinternet?, \u00bfqui\u00e9n le va a ense\u00f1ar?, apenas si sabe escribir, leer con dificultades, lo que le ense\u00f1\u00f3 su santa que dios la tenga en su gloria, y sale de la casa, ropa vieja pero limpia, que la santa lo ten\u00eda derecho como la vela mayor, cualquiera, menuda era, y piensa que ella tuvo suerte, y le da gracias a dios de nuevo, \u00e9l ha pasado por lugares malos, como el que vive, ella\u2026 lo piensa, tambi\u00e9n, pero mejor que no.<\/p>\n\n\n\n<p>Toda la vida en el campo, apenas unos euros que regala el estado cuando quiere, que quita m\u00e1s que da, y que hace que los recibos, un mes si, otro tambi\u00e9n, se amontonen, \u00bfla suerte?, que llamen lo que quieran, no tiene tel\u00e9fono, no puede mantenerlo; cuando llega el escaso dinero, es para pagar, lo que a\u00fan no han cortado, la luz no volvi\u00f3, \u00bfpara qu\u00e9?, \u00bfqu\u00e9 es mejor que un transistor con pilas de las recargables?, que esas s\u00ed que duran, que no es derroche, que las carga en un enchufe en el supermercado.<\/p>\n\n\n\n<p>Nadie que engendrar, nadie a quien cuidar, nadie que te cuide, la casa se cae, un tejado, de dos habitaciones est\u00e1 en el suelo de las mismas, y ahora con el calor, las manchas, enormes quiz\u00e1s desaparezcan.<\/p>\n\n\n\n<p>El calor, el maldito calor, no puede soportarlo, \u00e9l, que trabajaba de sol a sol, y ahora, como se\u00f1orita vieja, se asusta de vivirlo, y suerte que en la gradilla del supermercado, cuando abren la puerta sale el frio en forma de bendici\u00f3n, y suspira cuando ve como la gente sale con los carritos cargados, no es envidia, es que le gustar\u00eda, por una vez, que no fueran todo latas de at\u00fan, de sardinas, de caritas, que muy agradecido, que algunas veces viene con m\u00e1s, con mucho m\u00e1s, el que tiran los que estaban en la fila delante de \u00e9l, que solo quieren los productos caros, quiz\u00e1s para revenderlos, pero gracias a eso puede comer, algunas veces en condiciones.<\/p>\n\n\n\n<p>Llega la noche, nada corre, amaga, pero no llega, se sienta en el banco de piedra de su peque\u00f1o, patio, la botella de agua, un cigarrillo liado, y mirar al limonero, contar los limones, quiz\u00e1s mirar al cielo, y no es infeliz, solo est\u00e1 solo, y lo del dinero, no le importa, ya lo sab\u00eda, siempre ha sido as\u00ed, siempre lo ser\u00e1, el que tiene, nada da, y los que no tienen, \u00bfQu\u00e9 m\u00e1s da?, y sonr\u00ede mirando unas estrellas que a cada d\u00eda que pasa, son m\u00e1s borrosas.<\/p>\n","protected":false},"excerpt":{"rendered":"<p>Aurelio y el calor Hoy empieza el calor, Aurelio mira al cielo de la ma\u00f1ana, apenas si amanece y saca el viejo cuerpo al patinillo interior, en el que el viejo y retorcido limonero ense\u00f1a imp\u00fadico sus gordos y escasos limones. -Mala noche, -comenta Aurelio con el \u00e1rbol, su \u00fanico compa\u00f1ero-, no he podido ni &hellip; <\/p>\n<p class=\"link-more\"><a href=\"https:\/\/pedrocasiano.es\/?page_id=2140\" class=\"more-link\">Leer m\u00e1s<span class=\"screen-reader-text\"> \u00abAurelio y el Calor\u00bb<\/span><\/a><\/p>\n","protected":false},"author":1,"featured_media":0,"parent":0,"menu_order":0,"comment_status":"closed","ping_status":"closed","template":"","meta":{"inspiro_hide_title":false,"footnotes":""},"class_list":["post-2140","page","type-page","status-publish","hentry"],"featured_media_urls":[],"_links":{"self":[{"href":"https:\/\/pedrocasiano.es\/index.php?rest_route=\/wp\/v2\/pages\/2140","targetHints":{"allow":["GET"]}}],"collection":[{"href":"https:\/\/pedrocasiano.es\/index.php?rest_route=\/wp\/v2\/pages"}],"about":[{"href":"https:\/\/pedrocasiano.es\/index.php?rest_route=\/wp\/v2\/types\/page"}],"author":[{"embeddable":true,"href":"https:\/\/pedrocasiano.es\/index.php?rest_route=\/wp\/v2\/users\/1"}],"replies":[{"embeddable":true,"href":"https:\/\/pedrocasiano.es\/index.php?rest_route=%2Fwp%2Fv2%2Fcomments&post=2140"}],"version-history":[{"count":4,"href":"https:\/\/pedrocasiano.es\/index.php?rest_route=\/wp\/v2\/pages\/2140\/revisions"}],"predecessor-version":[{"id":5500,"href":"https:\/\/pedrocasiano.es\/index.php?rest_route=\/wp\/v2\/pages\/2140\/revisions\/5500"}],"wp:attachment":[{"href":"https:\/\/pedrocasiano.es\/index.php?rest_route=%2Fwp%2Fv2%2Fmedia&parent=2140"}],"curies":[{"name":"wp","href":"https:\/\/api.w.org\/{rel}","templated":true}]}}