{"id":2136,"date":"2024-02-20T07:09:38","date_gmt":"2024-02-20T07:09:38","guid":{"rendered":"https:\/\/pedrocasiano.es\/?page_id=2136"},"modified":"2024-03-02T12:19:29","modified_gmt":"2024-03-02T12:19:29","slug":"imaginemos","status":"publish","type":"page","link":"https:\/\/pedrocasiano.es\/?page_id=2136","title":{"rendered":"Imaginemos&#8230;"},"content":{"rendered":"\n<figure class=\"wp-block-image alignleft size-large is-resized\"><img decoding=\"async\" width=\"1024\" height=\"810\" data-src=\"https:\/\/pedrocasiano.es\/wp-content\/uploads\/2024\/02\/354248066_730239972442430_3831401431208685171_n-1024x810.jpg\" alt=\"\" class=\"wp-image-3849 lazyload\" style=\"--smush-placeholder-width: 1024px; --smush-placeholder-aspect-ratio: 1024\/810;aspect-ratio:1;width:319px;height:auto\" src=\"data:image\/svg+xml;base64,PHN2ZyB3aWR0aD0iMSIgaGVpZ2h0PSIxIiB4bWxucz0iaHR0cDovL3d3dy53My5vcmcvMjAwMC9zdmciPjwvc3ZnPg==\" \/><\/figure>\n\n\n\n<p>Dicen que no hay quinto malo, eso supongo, pero a pesar de ello, este episodio, pues va para eso, no ser\u00e1, no me pesa, halag\u00fce\u00f1o, pues la vida, de por si dura, termina por ser una aut\u00e9ntica hija de la gran puta.<\/p>\n\n\n\n<p>\u00bfDe qu\u00e9 hablo?, de que lo que parece duro, se convierte, sin descanso, en algo que no se puede, que no se debe de imaginar.<\/p>\n\n\n\n<p>Pero imaginemos, figuremos en cabeza de tercero, en persona mayor, de g\u00e9nero masculino, pues me es m\u00e1s af\u00edn, la situaci\u00f3n que quiero describir, no <a><\/a>por falta de datos, de posibilidades, sino porque quiero imaginarme ese d\u00eda, que aun no queriendo, llega a tu vida\u2026inesperadamente, con certeza, con sutileza, con fuerza incre\u00edble.<\/p>\n\n\n\n<p>\u201cEl piensa que el d\u00eda ha llegado, le dieron algo de vida, se ha alargado, nunca lo suficiente, nunca lo deseado, pero pocas gotas de agua en la boca del sediento, son mares de gratitud, \u00bfa qui\u00e9n?, y sonr\u00ede con desgana, \u00bfun dios?, \u00bfque dios?, ese era cuando joven, cuando la esperanza\u2026ahora, juntarse con todos y pedir que las enfermedades le dejen, que el dolor desaparezca, que la paga mengue menos, no, no quiere unirse a un dios de pedig\u00fce\u00f1os, lo que le han dado, es lo que hay, \u00bfha sido corta, ha sido larga?, qu\u00e9 m\u00e1s da, ha toreado con lo que le han dado, desechos de tienta, con maldad y sabidur\u00eda, y ahora otros m\u00e1s, como si no hubiera tenido bastante, \u00bfQu\u00e9 quiere decir?, co\u00f1o, se dice para s\u00ed mismo, que me estoy muriendo, sin remisi\u00f3n, y \u00bfQu\u00e9 me encontrar\u00e9 cuando llegue?, y siente que el cuerpo se le espina, se le eriza de miedo, traga saliva.<\/p>\n\n\n\n<p>Se sienta en el peque\u00f1o escritorio que coloc\u00f3 en el lugar que ocupaba el tocador de su difunta esposa, que si lo viera, lo matar\u00eda, sonr\u00ede con pena, ya no est\u00e1, \u00bfQui\u00e9n est\u00e1?, ya no est\u00e1 nadie, la familia, como planta sin humedad, termin\u00f3 por secarse, los nietos a pedir dinero, los hijos a proteger lo poco que tiene para que no se lo quiten los hermanos\u2026es todo tan est\u00fapido, tan lejano, la perspectiva es otra, la certeza de la muerte, te clarifica el momento en el que te encuentras.<\/p>\n\n\n\n<p>Mira el papel.<\/p>\n\n\n\n<p>\u201cA quien corresponda, seas quien seas.<\/p>\n\n\n\n<p>Esto no es testamento, es comanda, para aquel que al final, sino hay guerra, quede con los despojos del que fue su padre, pues aun a pesar de todo, os sigue queriendo, mal que me pese, pero olvidemos lo olvidable, que para un padre es todo.<\/p>\n\n\n\n<p>Por favor, p\u00e1gale a Rosa, la del segundo, la de la florister\u00eda, dos ramos de claveles y uno de rosas rojas, no tengo dinero, pero tu madre se merece que aun en la tumba le demuestre lo mucho que la quer\u00eda, y eso ten\u00e9is que pagarlo vosotros, que Rosa, favor que me ha hecho.<\/p>\n\n\n\n<p>Siguiendo con lo mismo, ya que a ninguno os gusta la caza, dadle mi escopeta a Raimundo, que se le ha roto la suya, y es lo \u00fanico que le hace seguir con ganas de vivir, no se\u00e1is r\u00e1canos, que no vale casi nada.<\/p>\n\n\n\n<p>Las facturas de agua, luz, internet, de todo est\u00e1n al d\u00eda, y algo de dinerillo en la cuenta, as\u00ed que solo preocuparos de seguir manteni\u00e9ndolas as\u00ed.<\/p>\n\n\n\n<p>Regad las plantas, eran de vuestra madre, y decidlo al que compre esto, que har\u00e1 lo que le d\u00e9 la gana, pero lo dicho, dicho est\u00e1.<\/p>\n\n\n\n<p>El frigor\u00edfico est\u00e1 en la \u00faltimas, como yo, no os molest\u00e9is en pelearos por \u00e9l, as\u00ed como por la tele.<\/p>\n\n\n\n<p>Tengo mil euros guardados debajo de la c\u00f3moda vieja, el que lea esto que lo reparta con sus hermanos, y si no, ser\u00e1 el cabr\u00f3n de siempre, \u00bfno?, Felipe.<\/p>\n\n\n\n<p>El anciano sonr\u00ede, casi no puede controlar la mano, pero tiene que esforzarse, no se le va a romper, y si se le rompe\u2026 nueva sonrisa, para lo que le queda.<\/p>\n\n\n\n<p>Y, bueno, lo \u00faltimo, ya sab\u00e9is, al lado de madre, metedme en una caja de cart\u00f3n, el dinero est\u00e1, pero al lado de vuestra madre, que es lo \u00fanico que me gustar\u00eda, de misas y eso, las gratis, que os conozco, tampoco me van a sacar de donde est\u00e9, as\u00ed que\u2026<\/p>\n\n\n\n<p>Supongo que estar\u00e9 mas acompa\u00f1ado que lo que es aqu\u00ed, no es reprochar, es comentar, pero hijos m\u00edos, sed m\u00e1s humanos, a m\u00ed, ya no me hace falta, me he comido el dolor por no dar un ruido, pero sed humanos, por vosotros, por vuestros hijos\u2026es tan larga y solitaria la vida del viejo.<\/p>\n\n\n\n<p>Se despide de vosotros el que fue vuestro padre. No me hag\u00e1is autopsia, pero yo me muero cuando me sale.<\/p>\n\n\n\n<p>El viejo sonr\u00ede, echa las dos pastillas, se las bebe, despu\u00e9s se inyecta el propofol, el anest\u00e9sico, no sentir\u00e1 nada, lo sabe, lo ha hecho, lo ha visto, ahora le toca a \u00e9l, se inyecta y sonr\u00ede, si algo de lo que le han prometido es cierto, ya mismo estar\u00e1 con su m\u00e1quina de re\u00f1ir, por muy lejos que estuviera, llegar\u00e1, sonr\u00ede, deja caer la cabeza sobre el peque\u00f1o escritorio, y sonr\u00ede, como un imb\u00e9cil sonr\u00ede\u2026.\u201d<\/p>\n\n\n\n<p>As\u00ed ser\u00e1 en algunos casos, en otros\u2026quien sabe, la vida sorprende, la vida destruye, la vida remata, y los viejos son los hijos que ya nadie quiere porque no tienen padres, porque no son necesarios, son los que miran ya sin ver, porque no lo necesitan, saben, conocen y callan, y el mundo sigue, cada vez m\u00e1s frio, m\u00e1s inhumano, m\u00e1s triste, mas vac\u00edo, cada vez que un viejo, solo uno, se marcha al barrio que llaman de enfrente.<\/p>\n","protected":false},"excerpt":{"rendered":"<p>Dicen que no hay quinto malo, eso supongo, pero a pesar de ello, este episodio, pues va para eso, no ser\u00e1, no me pesa, halag\u00fce\u00f1o, pues la vida, de por si dura, termina por ser una aut\u00e9ntica hija de la gran puta. \u00bfDe qu\u00e9 hablo?, de que lo que parece duro, se convierte, sin descanso, &hellip; <\/p>\n<p class=\"link-more\"><a href=\"https:\/\/pedrocasiano.es\/?page_id=2136\" class=\"more-link\">Leer m\u00e1s<span class=\"screen-reader-text\"> \u00abImaginemos&#8230;\u00bb<\/span><\/a><\/p>\n","protected":false},"author":1,"featured_media":0,"parent":0,"menu_order":0,"comment_status":"closed","ping_status":"closed","template":"","meta":{"inspiro_hide_title":false,"footnotes":""},"class_list":["post-2136","page","type-page","status-publish","hentry"],"featured_media_urls":[],"_links":{"self":[{"href":"https:\/\/pedrocasiano.es\/index.php?rest_route=\/wp\/v2\/pages\/2136","targetHints":{"allow":["GET"]}}],"collection":[{"href":"https:\/\/pedrocasiano.es\/index.php?rest_route=\/wp\/v2\/pages"}],"about":[{"href":"https:\/\/pedrocasiano.es\/index.php?rest_route=\/wp\/v2\/types\/page"}],"author":[{"embeddable":true,"href":"https:\/\/pedrocasiano.es\/index.php?rest_route=\/wp\/v2\/users\/1"}],"replies":[{"embeddable":true,"href":"https:\/\/pedrocasiano.es\/index.php?rest_route=%2Fwp%2Fv2%2Fcomments&post=2136"}],"version-history":[{"count":4,"href":"https:\/\/pedrocasiano.es\/index.php?rest_route=\/wp\/v2\/pages\/2136\/revisions"}],"predecessor-version":[{"id":5499,"href":"https:\/\/pedrocasiano.es\/index.php?rest_route=\/wp\/v2\/pages\/2136\/revisions\/5499"}],"wp:attachment":[{"href":"https:\/\/pedrocasiano.es\/index.php?rest_route=%2Fwp%2Fv2%2Fmedia&parent=2136"}],"curies":[{"name":"wp","href":"https:\/\/api.w.org\/{rel}","templated":true}]}}