{"id":2133,"date":"2024-02-20T07:07:39","date_gmt":"2024-02-20T07:07:39","guid":{"rendered":"https:\/\/pedrocasiano.es\/?page_id=2133"},"modified":"2024-02-20T07:07:39","modified_gmt":"2024-02-20T07:07:39","slug":"la-anciana-y-la-realidad-economica","status":"publish","type":"page","link":"https:\/\/pedrocasiano.es\/?page_id=2133","title":{"rendered":"La Anciana Y La Realidad Econ\u00f3mica"},"content":{"rendered":"\n<div class=\"wp-block-media-text is-stacked-on-mobile is-vertically-aligned-top\"><figure class=\"wp-block-media-text__media\"><img decoding=\"async\" width=\"843\" height=\"1024\" data-src=\"https:\/\/pedrocasiano.es\/wp-content\/uploads\/2024\/02\/image-44-843x1024.jpeg\" alt=\"No hay ninguna descripci\u00f3n de la foto disponible.\" class=\"wp-image-2134 size-full lazyload\" src=\"data:image\/svg+xml;base64,PHN2ZyB3aWR0aD0iMSIgaGVpZ2h0PSIxIiB4bWxucz0iaHR0cDovL3d3dy53My5vcmcvMjAwMC9zdmciPjwvc3ZnPg==\" style=\"--smush-placeholder-width: 843px; --smush-placeholder-aspect-ratio: 843\/1024;\" \/><\/figure><div class=\"wp-block-media-text__content\">\n<p>La Anciana Y La Realidad Econ\u00f3mica. Un Cuento Mentiroso, \u00bfNo Es Cierto?<\/p>\n\n\n\n<p>Luis mir\u00f3 a trav\u00e9s del amplio ventanal, vio como la echaban fuera, hab\u00eda gritado, llorado, rogado, mil cosas; pero como si fuera eso, una cosa, la echaron a la calle, como algo que no merece la pena que ocupe la atenci\u00f3n de nadie, para eso estaban, para evitar que molestaran a los que estaban esperando all\u00ed, con toda la educaci\u00f3n del mundo, como no pod\u00eda ser menos.<\/p>\n\n\n\n<p>Sinti\u00f3 la punzada, el padrastro lo <a><\/a>estaba matando, la espera se le hac\u00eda insoportable, adem\u00e1s, a pesar del hilo musical, se o\u00eda el lamento de la vieja, que emit\u00eda un sordo quejido de dolor, no como el suyo, m\u00e1s profundo, m\u00e1s de matar por dentro, pero \u00e9l no ten\u00eda la culpa.<\/p>\n\n\n\n<p>A pesar de todo, la mir\u00f3 de nuevo, era mayor, \u00bfCu\u00e1nto?, quiz\u00e1s sesenta, quiz\u00e1s m\u00e1s, en alg\u00fan tiempo fue guapa, ahora era solo algo que aprecia m\u00e1s un espantajo que otra cosa, \u00bfQu\u00e9 quer\u00edan que hicieran?, \u00bfesperaba otra cosa?, \u00bfen qu\u00e9 cabeza cab\u00eda?, si no ten\u00eda seguro, no ten\u00eda, \u00bfQu\u00e9 pretend\u00eda, que los que lo pagaban, permitieran que alguien que no lo ten\u00eda, hiciera uso de \u00e9l?, no, seguro que no.<\/p>\n\n\n\n<p>Los transe\u00fantes la evitaban, mientras, continuaba con la letan\u00eda, se agarraba el est\u00f3mago y gritaba como con sordina, \u201cque lo hubiera pensado\u201d, se le dio a todo el mundo cinco a\u00f1os para que se hicieran un seguro, la seguridad social, no pod\u00eda aguantar m\u00e1s, se estaba comiendo la econom\u00eda, m\u00e1s cuando los que m\u00e1s consum\u00edan, eran los que menos aportaban, la mayor\u00eda eran pobres, pero pobres de solemnidad, y todos, incluso los par\u00e1sitos, sab\u00edan que no ten\u00edan derecho a que estuvieran los hospitales, el sistema sanitario completo a su merced, deb\u00eda de acabarse, y se acab\u00f3, mir\u00f3 a la vieja, \u00bfEs que no tuvo tiempo?, sonri\u00f3, se lo merece, pero al sonido del dolor, sinti\u00f3 una punzada en el est\u00f3mago.<\/p>\n\n\n\n<p>Pero la punzada se mitig\u00f3, sab\u00eda que pronto estar\u00edan all\u00ed para recogerla los servicios sociales, algo que no deseaba a nadie, pero que por lo menos la intentar\u00edan curar, si llegaba alguien con el dinero para ello, cosa que dudaba, pero tambi\u00e9n sab\u00eda que la eutanasia, que no le cobrar\u00edan, no era algo tan malo.<\/p>\n\n\n\n<p>Comenz\u00f3 a llover, era invierno, para la mujer que se retorc\u00eda en la calle, ser\u00eda algo terrible, sinti\u00f3 algo en el est\u00f3mago, como para levantarse, pero la mujer se retorci\u00f3 apenas un par de veces, y abriendo la boca, se qued\u00f3 inerte, con unos ojos glaucos que lo miraban, sinti\u00f3 algo \u00e1cido, algo f\u00edsico, dolor, no supo por qu\u00e9, pero se sinti\u00f3 mal.<\/p>\n\n\n\n<p>-Luis Monforte, puede pasar, -oy\u00f3 decir a la enfermera.<\/p>\n\n\n\n<p>Sonri\u00f3, pensando que era solo una menudencia, el padrastro, lo realmente importante, iba a ser sanado, lo dem\u00e1s\u2026 pues eso.<\/p>\n\n\n\n<p>No volvi\u00f3 a acordarse de la anciana, no quer\u00eda, no quiso, la olvid\u00f3, pero el \u00e1cido que le ven\u00eda al est\u00f3mago, aparec\u00eda cada vez que ve\u00eda a una mujer mayor\u2026<\/p>\n<\/div><\/div>\n","protected":false},"excerpt":{"rendered":"<p>La Anciana Y La Realidad Econ\u00f3mica. Un Cuento Mentiroso, \u00bfNo Es Cierto? Luis mir\u00f3 a trav\u00e9s del amplio ventanal, vio como la echaban fuera, hab\u00eda gritado, llorado, rogado, mil cosas; pero como si fuera eso, una cosa, la echaron a la calle, como algo que no merece la pena que ocupe la atenci\u00f3n de nadie, &hellip; <\/p>\n<p class=\"link-more\"><a href=\"https:\/\/pedrocasiano.es\/?page_id=2133\" class=\"more-link\">Leer m\u00e1s<span class=\"screen-reader-text\"> \u00abLa Anciana Y La Realidad Econ\u00f3mica\u00bb<\/span><\/a><\/p>\n","protected":false},"author":1,"featured_media":0,"parent":0,"menu_order":0,"comment_status":"closed","ping_status":"closed","template":"","meta":{"inspiro_hide_title":false,"footnotes":""},"class_list":["post-2133","page","type-page","status-publish","hentry"],"featured_media_urls":[],"_links":{"self":[{"href":"https:\/\/pedrocasiano.es\/index.php?rest_route=\/wp\/v2\/pages\/2133","targetHints":{"allow":["GET"]}}],"collection":[{"href":"https:\/\/pedrocasiano.es\/index.php?rest_route=\/wp\/v2\/pages"}],"about":[{"href":"https:\/\/pedrocasiano.es\/index.php?rest_route=\/wp\/v2\/types\/page"}],"author":[{"embeddable":true,"href":"https:\/\/pedrocasiano.es\/index.php?rest_route=\/wp\/v2\/users\/1"}],"replies":[{"embeddable":true,"href":"https:\/\/pedrocasiano.es\/index.php?rest_route=%2Fwp%2Fv2%2Fcomments&post=2133"}],"version-history":[{"count":1,"href":"https:\/\/pedrocasiano.es\/index.php?rest_route=\/wp\/v2\/pages\/2133\/revisions"}],"predecessor-version":[{"id":2135,"href":"https:\/\/pedrocasiano.es\/index.php?rest_route=\/wp\/v2\/pages\/2133\/revisions\/2135"}],"wp:attachment":[{"href":"https:\/\/pedrocasiano.es\/index.php?rest_route=%2Fwp%2Fv2%2Fmedia&parent=2133"}],"curies":[{"name":"wp","href":"https:\/\/api.w.org\/{rel}","templated":true}]}}