{"id":2129,"date":"2024-02-20T07:05:41","date_gmt":"2024-02-20T07:05:41","guid":{"rendered":"https:\/\/pedrocasiano.es\/?page_id=2129"},"modified":"2024-03-31T07:49:40","modified_gmt":"2024-03-31T07:49:40","slug":"suenas-con-sirenas","status":"publish","type":"page","link":"https:\/\/pedrocasiano.es\/?page_id=2129","title":{"rendered":"Sue\u00f1as con Sirenas"},"content":{"rendered":"\n<figure class=\"wp-block-image alignleft size-large is-resized\"><img decoding=\"async\" width=\"1024\" height=\"960\" data-src=\"https:\/\/pedrocasiano.es\/wp-content\/uploads\/2024\/02\/image-43-1024x960.jpeg\" alt=\"No hay ninguna descripci\u00f3n de la foto disponible.\" class=\"wp-image-2130 lazyload\" style=\"--smush-placeholder-width: 1024px; --smush-placeholder-aspect-ratio: 1024\/960;width:488px;height:auto\" src=\"data:image\/svg+xml;base64,PHN2ZyB3aWR0aD0iMSIgaGVpZ2h0PSIxIiB4bWxucz0iaHR0cDovL3d3dy53My5vcmcvMjAwMC9zdmciPjwvc3ZnPg==\" \/><\/figure>\n\n\n\n<p>Sue\u00f1as con Sirenas<\/p>\n\n\n\n<p>Sue\u00f1o con sirenas, con mares lejanos, donde se pierde mi mente en el aliento de la salina, con peces que nunca ver\u00e9, escondidos tras las escamas plateadas de las olas.<\/p>\n\n\n\n<p>Tierra adentro, me seco, me voy enmudeciendo, pero morir\u00e9 aqu\u00ed, en la sierra, donde nac\u00ed, y no ver\u00e9 amaneceres de h\u00fameda brisa marina, ni gaviotas en mi postrer mirada, solo la sequedad de la dureza de mi tierra, mi amada, odiada tierra que pare terrones duros como la vida entre surcos de sudor <a><\/a>de hombres que nacieron viejos.<\/p>\n\n\n\n<p>Quiero ver barcos que me llamen con sus sonidos, y sirenas que no pierdan sus l\u00e1grimas en el perlado oc\u00e9ano, sino bellas mujeres de cola plateada que me sonr\u00edan, que me esperen m\u00e1s all\u00e1 de las rocas, donde nunca podr\u00e9 llegar, pues el polvo me ahoga en este camino polvoriento que cruza mi alma, mi casa llena de sol, de calor y de fortaleza nacida de la necesidad.<\/p>\n\n\n\n<p>Acabar\u00e9 mis d\u00edas entre los que nada regal\u00f3 la vida, los que amamos las sierras peladas, los alcornoques, las dehesas, lejos de las saladas extensiones que se pierden en el horizonte. Desde mi mortaja solo veo monta\u00f1as, olivos, encinas, y viejos quejigos, y no estoy triste, pero una peque\u00f1a l\u00e1grima surca mi quemada mejilla, la arruga nacida de la solanera del d\u00eda bajo la fuerza de un sol que parece solo dedicar su tiempo a m\u00ed.<\/p>\n\n\n\n<p>Arena, y mis pies no se hunden en ella, no est\u00e1 h\u00fameda, cuando lo est\u00e1 mis pies se hundir\u00e1n en ella, ser\u00e1 barro que me impedir\u00e1 caminar, que har\u00e1 que desfallezca a cada paso, y sue\u00f1o con mojar mi viejo cuerpo en la suavidad de la sal h\u00fameda de un mar lejano.<\/p>\n\n\n\n<p>Me quedo aqu\u00ed, estoy aqu\u00ed, mi vista la interrumpen las monta\u00f1as, el mar, sin embargo cuando lo miro me pregunta, no tengo fin, \u00bfD\u00f3nde quieres ir?, y aqu\u00ed estoy entre monta\u00f1as, con la piel quemada del t\u00f3rrido aliento de una madre que atenaza a sus hijos, y me ir\u00e9 como nac\u00ed, con el dolor de mi tierra dura, de mi cuerpo bajo terrones de tierra seca, en donde nada crece, solo hombres de sudor y hierro, y morimos cansados de vivir. \u00bfD\u00f3nde est\u00e1 el mar?<\/p>\n\n\n\n<p>Dedicado a mi amigo Alfonso G\u00f3mez Romero<\/p>\n","protected":false},"excerpt":{"rendered":"<p>Sue\u00f1as con Sirenas Sue\u00f1o con sirenas, con mares lejanos, donde se pierde mi mente en el aliento de la salina, con peces que nunca ver\u00e9, escondidos tras las escamas plateadas de las olas. Tierra adentro, me seco, me voy enmudeciendo, pero morir\u00e9 aqu\u00ed, en la sierra, donde nac\u00ed, y no ver\u00e9 amaneceres de h\u00fameda brisa &hellip; <\/p>\n<p class=\"link-more\"><a href=\"https:\/\/pedrocasiano.es\/?page_id=2129\" class=\"more-link\">Leer m\u00e1s<span class=\"screen-reader-text\"> \u00abSue\u00f1as con Sirenas\u00bb<\/span><\/a><\/p>\n","protected":false},"author":1,"featured_media":0,"parent":0,"menu_order":0,"comment_status":"closed","ping_status":"closed","template":"","meta":{"inspiro_hide_title":false,"footnotes":""},"class_list":["post-2129","page","type-page","status-publish","hentry"],"featured_media_urls":[],"_links":{"self":[{"href":"https:\/\/pedrocasiano.es\/index.php?rest_route=\/wp\/v2\/pages\/2129","targetHints":{"allow":["GET"]}}],"collection":[{"href":"https:\/\/pedrocasiano.es\/index.php?rest_route=\/wp\/v2\/pages"}],"about":[{"href":"https:\/\/pedrocasiano.es\/index.php?rest_route=\/wp\/v2\/types\/page"}],"author":[{"embeddable":true,"href":"https:\/\/pedrocasiano.es\/index.php?rest_route=\/wp\/v2\/users\/1"}],"replies":[{"embeddable":true,"href":"https:\/\/pedrocasiano.es\/index.php?rest_route=%2Fwp%2Fv2%2Fcomments&post=2129"}],"version-history":[{"count":5,"href":"https:\/\/pedrocasiano.es\/index.php?rest_route=\/wp\/v2\/pages\/2129\/revisions"}],"predecessor-version":[{"id":6326,"href":"https:\/\/pedrocasiano.es\/index.php?rest_route=\/wp\/v2\/pages\/2129\/revisions\/6326"}],"wp:attachment":[{"href":"https:\/\/pedrocasiano.es\/index.php?rest_route=%2Fwp%2Fv2%2Fmedia&parent=2129"}],"curies":[{"name":"wp","href":"https:\/\/api.w.org\/{rel}","templated":true}]}}