{"id":2095,"date":"2024-02-19T10:01:10","date_gmt":"2024-02-19T10:01:10","guid":{"rendered":"https:\/\/pedrocasiano.es\/?page_id=2095"},"modified":"2024-02-23T09:49:16","modified_gmt":"2024-02-23T09:49:16","slug":"de-bancos-y-otras-especies-carroneras","status":"publish","type":"page","link":"https:\/\/pedrocasiano.es\/?page_id=2095","title":{"rendered":"De Bancos y otras Especies Carro\u00f1eras"},"content":{"rendered":"\n<figure class=\"wp-block-image aligncenter size-large is-resized\"><img decoding=\"async\" width=\"1024\" height=\"851\" data-src=\"https:\/\/pedrocasiano.es\/wp-content\/uploads\/2024\/02\/329214614_1155985385120521_973176868705922038_n-1024x851.jpg\" alt=\"\" class=\"wp-image-3837 lazyload\" style=\"--smush-placeholder-width: 1024px; --smush-placeholder-aspect-ratio: 1024\/851;width:456px;height:auto\" src=\"data:image\/svg+xml;base64,PHN2ZyB3aWR0aD0iMSIgaGVpZ2h0PSIxIiB4bWxucz0iaHR0cDovL3d3dy53My5vcmcvMjAwMC9zdmciPjwvc3ZnPg==\" \/><\/figure>\n\n\n\n<p>De Bancos y otras Especies Carro\u00f1eras.<\/p>\n\n\n\n<p>Hoy he le\u00eddo con sorpresa como una entidad Bancaria, como casi todas, ha disparado sus beneficios, o quiz\u00e1s que lo ha hecho mejor, quiz\u00e1s, posiblemente, pero lo que me duele de todo esto, no es que ganen dinero, sino como.<\/p>\n\n\n\n<p>Suben los intereses, suben los beneficios, las familias sufren, ellos ganan m\u00e1s, el pa\u00eds decrece, ellos crecen, las econom\u00edas tienen un mal a\u00f1o, ello un a\u00f1o de bonanza.<\/p>\n\n\n\n<p>\u00bfY de que comen los bancos realmente?, f\u00e1cil, de <a><\/a>hacer que los dem\u00e1s paguemos unos intereses abusivos, y fieles lacayos, como borreguitos, todo lo que ellos, sonrisa en firma, y palo en cobro, nos ofrecieron para firmar, como si fuera opcional, no, no lo es, solo podremos, con suerte, variar el banco con el que firmamos.<\/p>\n\n\n\n<p>Y no nos olvidemos, por muchas obras sociales que hagan, que son solo lavados del gato, para una instituci\u00f3n que, hagan lo que quieran, se aprovecha de la necesidad de la gente, de las personas, de aquellos que menos tienen, que castigan en m\u00e1s cantidad.<\/p>\n\n\n\n<p>S\u00ed, es cierto que ayudan a las grandes fortunas a que ganen m\u00e1s, a los pol\u00edticos a que los borregos est\u00e9n tranquilos, a que al final todo sea un contubernio en el cual, el que no est\u00e1 dentro, de nada se entera, pero pagas, y pagas lo que ellos quieren, que gastar\u00e1n tiempo y hacienda en que nos conformemos con lo que nos quieren vender, que tragaremos por muy dif\u00edcil que sea de aceptar, que hasta para eso, somos pobres.<\/p>\n\n\n\n<p>Lo \u00fanico cierto, es que el inter\u00e9s, sobre todo el que cobran, no est\u00e1 en relaci\u00f3n con el que realmente deber\u00eda de ser cobrado, pero as\u00ed es la vida, que hasta en una comedia, alguien tiene que llorar, y aqu\u00ed lo hace el de siempre, que es, como siempre, el que m\u00e1s necesita y el que menos tiene.<\/p>\n\n\n\n<p>Y al final, hay que parafrasear a las pel\u00edculas del oeste, el \u00fanico banco bueno, es el banco\u2026<\/p>\n\n\n\n<p>PD. Que nos quedemos como estamos, que las hipotecas\u2026 confiemos en la bondad del lobo\u2026<\/p>\n\n\n\n<p>PCGC 2023<\/p>\n","protected":false},"excerpt":{"rendered":"<p>De Bancos y otras Especies Carro\u00f1eras. Hoy he le\u00eddo con sorpresa como una entidad Bancaria, como casi todas, ha disparado sus beneficios, o quiz\u00e1s que lo ha hecho mejor, quiz\u00e1s, posiblemente, pero lo que me duele de todo esto, no es que ganen dinero, sino como. Suben los intereses, suben los beneficios, las familias sufren, &hellip; <\/p>\n<p class=\"link-more\"><a href=\"https:\/\/pedrocasiano.es\/?page_id=2095\" class=\"more-link\">Leer m\u00e1s<span class=\"screen-reader-text\"> \u00abDe Bancos y otras Especies Carro\u00f1eras\u00bb<\/span><\/a><\/p>\n","protected":false},"author":1,"featured_media":0,"parent":0,"menu_order":0,"comment_status":"closed","ping_status":"closed","template":"","meta":{"inspiro_hide_title":false,"footnotes":""},"class_list":["post-2095","page","type-page","status-publish","hentry"],"featured_media_urls":[],"_links":{"self":[{"href":"https:\/\/pedrocasiano.es\/index.php?rest_route=\/wp\/v2\/pages\/2095","targetHints":{"allow":["GET"]}}],"collection":[{"href":"https:\/\/pedrocasiano.es\/index.php?rest_route=\/wp\/v2\/pages"}],"about":[{"href":"https:\/\/pedrocasiano.es\/index.php?rest_route=\/wp\/v2\/types\/page"}],"author":[{"embeddable":true,"href":"https:\/\/pedrocasiano.es\/index.php?rest_route=\/wp\/v2\/users\/1"}],"replies":[{"embeddable":true,"href":"https:\/\/pedrocasiano.es\/index.php?rest_route=%2Fwp%2Fv2%2Fcomments&post=2095"}],"version-history":[{"count":2,"href":"https:\/\/pedrocasiano.es\/index.php?rest_route=\/wp\/v2\/pages\/2095\/revisions"}],"predecessor-version":[{"id":3838,"href":"https:\/\/pedrocasiano.es\/index.php?rest_route=\/wp\/v2\/pages\/2095\/revisions\/3838"}],"wp:attachment":[{"href":"https:\/\/pedrocasiano.es\/index.php?rest_route=%2Fwp%2Fv2%2Fmedia&parent=2095"}],"curies":[{"name":"wp","href":"https:\/\/api.w.org\/{rel}","templated":true}]}}