{"id":2093,"date":"2024-02-19T09:58:46","date_gmt":"2024-02-19T09:58:46","guid":{"rendered":"https:\/\/pedrocasiano.es\/?page_id=2093"},"modified":"2024-03-01T07:42:08","modified_gmt":"2024-03-01T07:42:08","slug":"la-clinica-de-felicidad","status":"publish","type":"page","link":"https:\/\/pedrocasiano.es\/?page_id=2093","title":{"rendered":"La Cl\u00ednica de Felicidad"},"content":{"rendered":"\n<figure class=\"wp-block-image alignleft size-full is-resized\"><img decoding=\"async\" width=\"312\" height=\"208\" data-src=\"https:\/\/pedrocasiano.es\/wp-content\/uploads\/2024\/02\/346086501_246633394412238_6788827625810678673_n.jpg\" alt=\"\" class=\"wp-image-4618 lazyload\" style=\"--smush-placeholder-width: 312px; --smush-placeholder-aspect-ratio: 312\/208;width:339px;height:auto\" src=\"data:image\/svg+xml;base64,PHN2ZyB3aWR0aD0iMSIgaGVpZ2h0PSIxIiB4bWxucz0iaHR0cDovL3d3dy53My5vcmcvMjAwMC9zdmciPjwvc3ZnPg==\" \/><\/figure>\n\n\n\n<p>La Cl\u00ednica de Felicidad<\/p>\n\n\n\n<p>Eusebio mir\u00f3 la ventanilla, sucia fea, parec\u00eda tener personalidad, m\u00e1s que la del que estaba dentro, que parec\u00eda que no hab\u00eda sonre\u00eddo en su vida.<\/p>\n\n\n\n<p>-Venga abuelo, que hay gente esperando.<\/p>\n\n\n\n<p>Eusebio mir\u00f3 hacia atr\u00e1s pero no encontr\u00f3 a nadie que pudiera ver, sonri\u00f3, era lo que sol\u00eda hacer cuando no entend\u00eda a alguien.<\/p>\n\n\n\n<p>-Buenas, que ven\u00eda a ver, -carraspe\u00f3-, si puedo obtener una pr\u00f3rroga.<\/p>\n\n\n\n<p>El <a><\/a>hombre extendi\u00f3 la mano sin levantar la cabeza.<\/p>\n\n\n\n<p>Eusebio entreg\u00f3 el sobre con todo lo que cre\u00eda que pedir\u00edan, no era la primera.<\/p>\n\n\n\n<p>El tipo, pase\u00f3 la mirada, despu\u00e9s de abrir la carpeta, sobre los documentos.<\/p>\n\n\n\n<p>-Sesenta y ocho a\u00f1os, un siete, -tecle\u00f3 en el ordenador-, como si lo comprobara, varias enfermedades, un ocho y medio.<\/p>\n\n\n\n<p>-Ver\u00e1, es cierto, pero son menores.<\/p>\n\n\n\n<p>&#8211; \u00bfSon enfermedades?<\/p>\n\n\n\n<p>Eusebio baj\u00f3 la cabeza.<\/p>\n\n\n\n<p>-Pues eso, que son a\u00f1os aqu\u00ed, a ver si vas a venir aqu\u00ed a ense\u00f1arme, -mira los papeles-, adem\u00e1s sin casa, de alquiler en un s\u00f3tano.<\/p>\n\n\n\n<p>-Ten\u00eda casa, pero mi mujer enferm\u00f3, la vend\u00ed para pagar el tratamiento\u2026<\/p>\n\n\n\n<p>&#8211; \u00bfY se muri\u00f3?, s\u00ed es que sois\u2026<\/p>\n\n\n\n<p>-Si estuviera la Seguridad Social\u2026<\/p>\n\n\n\n<p>-Ya estamos con lo de siempre, -el tipo remeda una voz de idiota, no le supone mucho esfuerzo-, la Seguridad Social, la Seguridad Social, gracias a dios que la eliminamos, si no a saber d\u00f3nde estar\u00edamos.<\/p>\n\n\n\n<p>-Pues estamos mal, bastante mal, -se le escapa a Eusebio.<\/p>\n\n\n\n<p>-Pues imagina, abuelo, si tuvi\u00e9ramos que pagaros los achaques, que no ten\u00e9is conocimiento ni para\u2026 da igual, hijos veo a dos, \u00bfqu\u00e9 me cuentas?, no est\u00e1n las recomendaciones.<\/p>\n\n\n\n<p>-Se las ped\u00ed, pero ya sabe, est\u00e1n al l\u00edmite, tienen hijos\u2026<\/p>\n\n\n\n<p>El tipo sonr\u00ede.<\/p>\n\n\n\n<p>-Es la moda, viejos, que no serv\u00eds para nada.<\/p>\n\n\n\n<p>Eusebio piensa que los hijos son\u2026 no quiere pensar m\u00e1s.<\/p>\n\n\n\n<p>-Pues est\u00e1 jodida la cosa, \u00bftanto quieres seguir?<\/p>\n\n\n\n<p>-Me gustar\u00eda, soy joven aun\u2026<\/p>\n\n\n\n<p>El funcionario r\u00ede a mand\u00edbula batiente.<\/p>\n\n\n\n<p>-Tienes m\u00e1s a\u00f1os que el hilo negro, no me jodas, viejo.<\/p>\n\n\n\n<p>Eusebio, es calmado, pero\u2026<\/p>\n\n\n\n<p>-En ese caso, que\u2026<\/p>\n\n\n\n<p>-F\u00e1cil, abuelo, te queda un mes, pres\u00e9ntate, -le entrega un papel-, en el lugar indicado y a la fecha indicada, sin omisi\u00f3n, en otro caso\u2026<\/p>\n\n\n\n<p>-Es una cl\u00ednica de\u2026<\/p>\n\n\n\n<p>-Pues claro, -sonr\u00ede-, se te acab\u00f3 chupar de la teta del estado, un ocho y medio de nivel de utilidad para la sociedad, te pasas de in\u00fatil, -vuelve a sonre\u00edr-, te toc\u00f3 descansar, una cl\u00ednica de Felicidad y pum\u2026 se te acabaron las preocupaciones, dejas tu sitio y alguien menos que le quita recursos a los dem\u00e1s.<\/p>\n\n\n\n<p>-Pero he trabajado durante\u2026<\/p>\n\n\n\n<p>-Nos da igual, ha llegado el momento de que sigas siendo \u00fatil.<\/p>\n\n\n\n<p>&#8211; \u00bfPermitiendo que me mat\u00e9is?<\/p>\n\n\n\n<p>El funcionario se encoge de hombros, sonr\u00ede.<\/p>\n\n\n\n<p>Eusebio saca la pistola, era de su padre, escondida durante a\u00f1os, las balas tienen cierta edad, quiz\u00e1s no funcionen, pero aprieta el gatillo, la cara del funcionario desaparece en una nube roja, sonr\u00ede, la pistola es de las que matan bien, se la pone en la sien, pero sonr\u00ede de nuevo, solo piensa, \u201cque se molesten en matarme\u201d, y sonr\u00ede mientras ve como se acercan polic\u00edas.<\/p>\n","protected":false},"excerpt":{"rendered":"<p>La Cl\u00ednica de Felicidad Eusebio mir\u00f3 la ventanilla, sucia fea, parec\u00eda tener personalidad, m\u00e1s que la del que estaba dentro, que parec\u00eda que no hab\u00eda sonre\u00eddo en su vida. -Venga abuelo, que hay gente esperando. Eusebio mir\u00f3 hacia atr\u00e1s pero no encontr\u00f3 a nadie que pudiera ver, sonri\u00f3, era lo que sol\u00eda hacer cuando no &hellip; <\/p>\n<p class=\"link-more\"><a href=\"https:\/\/pedrocasiano.es\/?page_id=2093\" class=\"more-link\">Leer m\u00e1s<span class=\"screen-reader-text\"> \u00abLa Cl\u00ednica de Felicidad\u00bb<\/span><\/a><\/p>\n","protected":false},"author":1,"featured_media":0,"parent":0,"menu_order":0,"comment_status":"closed","ping_status":"closed","template":"","meta":{"inspiro_hide_title":false,"footnotes":""},"class_list":["post-2093","page","type-page","status-publish","hentry"],"featured_media_urls":[],"_links":{"self":[{"href":"https:\/\/pedrocasiano.es\/index.php?rest_route=\/wp\/v2\/pages\/2093","targetHints":{"allow":["GET"]}}],"collection":[{"href":"https:\/\/pedrocasiano.es\/index.php?rest_route=\/wp\/v2\/pages"}],"about":[{"href":"https:\/\/pedrocasiano.es\/index.php?rest_route=\/wp\/v2\/types\/page"}],"author":[{"embeddable":true,"href":"https:\/\/pedrocasiano.es\/index.php?rest_route=\/wp\/v2\/users\/1"}],"replies":[{"embeddable":true,"href":"https:\/\/pedrocasiano.es\/index.php?rest_route=%2Fwp%2Fv2%2Fcomments&post=2093"}],"version-history":[{"count":3,"href":"https:\/\/pedrocasiano.es\/index.php?rest_route=\/wp\/v2\/pages\/2093\/revisions"}],"predecessor-version":[{"id":5425,"href":"https:\/\/pedrocasiano.es\/index.php?rest_route=\/wp\/v2\/pages\/2093\/revisions\/5425"}],"wp:attachment":[{"href":"https:\/\/pedrocasiano.es\/index.php?rest_route=%2Fwp%2Fv2%2Fmedia&parent=2093"}],"curies":[{"name":"wp","href":"https:\/\/api.w.org\/{rel}","templated":true}]}}