{"id":191,"date":"2024-02-15T08:01:45","date_gmt":"2024-02-15T08:01:45","guid":{"rendered":"https:\/\/pedrocasiano.es\/?page_id=191"},"modified":"2024-07-08T18:05:11","modified_gmt":"2024-07-08T18:05:11","slug":"ramir-al-mayub-2-exodo","status":"publish","type":"page","link":"https:\/\/pedrocasiano.es\/?page_id=191","title":{"rendered":"Ramir Al Mayub 2. \u00c9xodo"},"content":{"rendered":"\n<div class=\"wp-block-media-text is-stacked-on-mobile is-vertically-aligned-top\"><figure class=\"wp-block-media-text__media\"><img decoding=\"async\" width=\"533\" height=\"800\" data-src=\"https:\/\/pedrocasiano.es\/wp-content\/uploads\/2024\/03\/Ramir2Eng.jpg\" alt=\"\" class=\"wp-image-6061 size-full lazyload\" src=\"data:image\/svg+xml;base64,PHN2ZyB3aWR0aD0iMSIgaGVpZ2h0PSIxIiB4bWxucz0iaHR0cDovL3d3dy53My5vcmcvMjAwMC9zdmciPjwvc3ZnPg==\" style=\"--smush-placeholder-width: 533px; --smush-placeholder-aspect-ratio: 533\/800;\" \/><\/figure><div class=\"wp-block-media-text__content\">\n<p>Los tiempos del salvajismo, cuando la vida de un ser humano se comparaba con la de un perro, e incluso val\u00eda menos; donde ser cristiano, musulm\u00e1n, jud\u00edo, significaba la muerte con simplemente equivocar el lugar o el momento.<br>Cuando los reyes mor\u00edan al ritmo de los guerreros, y sus reinados eran tan ef\u00edmeros como los d\u00edas en que se contaban.<br>Traiciones, golpes de poder, hermanos contra hermanos, todos contra todos, el poder como meta, y la muerte como herramienta.<br>La Fitna, la gran pelea alcanzaba su esplendor, cuando la mayor\u00eda de las taifas hab\u00edan desaparecido, y solo quedaban las mas fuertes, las mas crueles.<br>Los tiempos de Al Mutadid, de su hijo Al Mutamid, del Visir Nagrela, de los Reyes de Garnata, de Isibiliya, de reinos cambiantes al son de la espada.<br>En el centro de todo esto, los mercenarios oscuros, lo combatientes malditos, los Majhub, comprados con oro, para derramar su sangre, en guerras en las cuales, si se perd\u00eda, era el exterminio, y si se venc\u00eda, era solo el pre\u00e1mbulo para la siguiente.<br>Y el \u00c9xodo comienza, la b\u00fasqueda de un lugar mejor, lejos de la tiran\u00eda, de los anhelos ajenos, y de morir por otros, de intentar encontrar algo de libertad en un lugar donde era mejor ser esclavo que hombre libre.<br>Majhub, Malditos, Oscuros, Salvajes\u2026 \u00bfconseguir\u00e1n su hogar?<\/p>\n<\/div><\/div>\n\n\n\n<figure class=\"wp-block-embed alignright is-type-rich is-provider-amazon wp-block-embed-amazon\"><div class=\"wp-block-embed__wrapper\">\n<iframe title=\"Ramir Al Majhub. \u00c9xodo (Ramir Al Mayub n\u00ba 2)\" type=\"text\/html\" width=\"950\" height=\"550\" frameborder=\"0\" allowfullscreen style=\"max-width:100%\" data-src=\"https:\/\/leer.amazon.es\/kp\/card?preview=inline&#038;linkCode=kpd&#038;ref_=k4w_oembed_CMxoOVtrb4kUOc&#038;asin=B086WG7CVD&#038;tag=kpembed-20\" src=\"data:image\/svg+xml;base64,PHN2ZyB3aWR0aD0iMSIgaGVpZ2h0PSIxIiB4bWxucz0iaHR0cDovL3d3dy53My5vcmcvMjAwMC9zdmciPjwvc3ZnPg==\" class=\"lazyload\" data-load-mode=\"1\"><\/iframe>\n<\/div><\/figure>\n","protected":false},"excerpt":{"rendered":"<p>Los tiempos del salvajismo, cuando la vida de un ser humano se comparaba con la de un perro, e incluso val\u00eda menos; donde ser cristiano, musulm\u00e1n, jud\u00edo, significaba la muerte con simplemente equivocar el lugar o el momento.Cuando los reyes mor\u00edan al ritmo de los guerreros, y sus reinados eran tan ef\u00edmeros como los d\u00edas &hellip; <\/p>\n<p class=\"link-more\"><a href=\"https:\/\/pedrocasiano.es\/?page_id=191\" class=\"more-link\">Leer m\u00e1s<span class=\"screen-reader-text\"> \u00abRamir Al Mayub 2. \u00c9xodo\u00bb<\/span><\/a><\/p>\n","protected":false},"author":1,"featured_media":0,"parent":0,"menu_order":0,"comment_status":"closed","ping_status":"closed","template":"","meta":{"inspiro_hide_title":false,"footnotes":""},"class_list":["post-191","page","type-page","status-publish","hentry"],"featured_media_urls":[],"_links":{"self":[{"href":"https:\/\/pedrocasiano.es\/index.php?rest_route=\/wp\/v2\/pages\/191","targetHints":{"allow":["GET"]}}],"collection":[{"href":"https:\/\/pedrocasiano.es\/index.php?rest_route=\/wp\/v2\/pages"}],"about":[{"href":"https:\/\/pedrocasiano.es\/index.php?rest_route=\/wp\/v2\/types\/page"}],"author":[{"embeddable":true,"href":"https:\/\/pedrocasiano.es\/index.php?rest_route=\/wp\/v2\/users\/1"}],"replies":[{"embeddable":true,"href":"https:\/\/pedrocasiano.es\/index.php?rest_route=%2Fwp%2Fv2%2Fcomments&post=191"}],"version-history":[{"count":5,"href":"https:\/\/pedrocasiano.es\/index.php?rest_route=\/wp\/v2\/pages\/191\/revisions"}],"predecessor-version":[{"id":8230,"href":"https:\/\/pedrocasiano.es\/index.php?rest_route=\/wp\/v2\/pages\/191\/revisions\/8230"}],"wp:attachment":[{"href":"https:\/\/pedrocasiano.es\/index.php?rest_route=%2Fwp%2Fv2%2Fmedia&parent=191"}],"curies":[{"name":"wp","href":"https:\/\/api.w.org\/{rel}","templated":true}]}}