{"id":188,"date":"2024-02-15T08:00:51","date_gmt":"2024-02-15T08:00:51","guid":{"rendered":"https:\/\/pedrocasiano.es\/?page_id=188"},"modified":"2024-07-08T17:07:04","modified_gmt":"2024-07-08T17:07:04","slug":"cuando-llega-la-noche-especies","status":"publish","type":"page","link":"https:\/\/pedrocasiano.es\/?page_id=188","title":{"rendered":"Cuando llega la Noche. Especies"},"content":{"rendered":"\n<div class=\"wp-block-media-text is-stacked-on-mobile is-vertically-aligned-top\"><figure class=\"wp-block-media-text__media\"><img decoding=\"async\" width=\"533\" height=\"800\" data-src=\"https:\/\/pedrocasiano.es\/wp-content\/uploads\/2024\/03\/Cuando-llega-la-noche.-Especie_1.jpg\" alt=\"\" class=\"wp-image-6053 size-full lazyload\" src=\"data:image\/svg+xml;base64,PHN2ZyB3aWR0aD0iMSIgaGVpZ2h0PSIxIiB4bWxucz0iaHR0cDovL3d3dy53My5vcmcvMjAwMC9zdmciPjwvc3ZnPg==\" style=\"--smush-placeholder-width: 533px; --smush-placeholder-aspect-ratio: 533\/800;\" \/><\/figure><div class=\"wp-block-media-text__content\">\n<p>Segundo libro de la Saga \u201cCuando llega la Noche\u201d.<br>La evoluci\u00f3n, un mundo, una naturaleza, que, cansada de la destrucci\u00f3n, prueba y prueba, gira la ruleta del ADN, y con la velocidad del rayo, todo cambia, lo que tiene la m\u00e1s m\u00ednima imperfecci\u00f3n, es eliminado, e inmediatamente sustituido por una versi\u00f3n distinta.<\/p>\n\n\n\n<p><br>Pero ahora es el sue\u00f1o de un alma perversa, las mutaciones hacen cambiar sin control, lo que era lo plausible, ahora es imposible, y lo terrible, lo usual.<\/p>\n\n\n\n<p><br>Y \u00c1lvaro, prosigue, como si fuera una roca continua su devenir por el nuevo mundo, cada vez mas confundido, cada vez mas cerca de la extinci\u00f3n de todo, de la tiran\u00eda de la naturaleza.<br>La locura se desata finalmente entre los supervivientes, \u00bfQui\u00e9nes son los de su propia especie?, la respuesta no le viene a la mente. El aspecto no lo es. \u00bfQu\u00e9 es?<\/p>\n\n\n\n<p><br>La soledad mas segura que la compa\u00f1\u00eda de los propios, la lucha continua, y el cambio propio, ver como todo se transfigura hacia un mundo mas extra\u00f1o, cada vez m\u00e1s alejado de su l\u00f3gica, de la l\u00f3gica del ser humano, tal como nos conocemos ahora mismo.<\/p>\n<\/div><\/div>\n\n\n\n<figure class=\"wp-block-embed alignright is-type-rich is-provider-amazon wp-block-embed-amazon\"><div class=\"wp-block-embed__wrapper\">\n<iframe title=\"Cuando llega la Noche. Especies (Spanish Edition)\" type=\"text\/html\" width=\"950\" height=\"550\" frameborder=\"0\" allowfullscreen style=\"max-width:100%\" data-src=\"https:\/\/read.amazon.com\/kp\/card?preview=inline&#038;linkCode=kpd&#038;ref_=k4w_oembed_pGy6VQQIMVhFQJ&#038;asin=B086TRRFZ3&#038;tag=kpembed-20\" src=\"data:image\/svg+xml;base64,PHN2ZyB3aWR0aD0iMSIgaGVpZ2h0PSIxIiB4bWxucz0iaHR0cDovL3d3dy53My5vcmcvMjAwMC9zdmciPjwvc3ZnPg==\" class=\"lazyload\" data-load-mode=\"1\"><\/iframe>\n<\/div><\/figure>\n","protected":false},"excerpt":{"rendered":"<p>Segundo libro de la Saga \u201cCuando llega la Noche\u201d.La evoluci\u00f3n, un mundo, una naturaleza, que, cansada de la destrucci\u00f3n, prueba y prueba, gira la ruleta del ADN, y con la velocidad del rayo, todo cambia, lo que tiene la m\u00e1s m\u00ednima imperfecci\u00f3n, es eliminado, e inmediatamente sustituido por una versi\u00f3n distinta. Pero ahora es el &hellip; <\/p>\n<p class=\"link-more\"><a href=\"https:\/\/pedrocasiano.es\/?page_id=188\" class=\"more-link\">Leer m\u00e1s<span class=\"screen-reader-text\"> \u00abCuando llega la Noche. Especies\u00bb<\/span><\/a><\/p>\n","protected":false},"author":1,"featured_media":0,"parent":0,"menu_order":0,"comment_status":"closed","ping_status":"closed","template":"","meta":{"inspiro_hide_title":false,"footnotes":""},"class_list":["post-188","page","type-page","status-publish","hentry"],"featured_media_urls":[],"_links":{"self":[{"href":"https:\/\/pedrocasiano.es\/index.php?rest_route=\/wp\/v2\/pages\/188","targetHints":{"allow":["GET"]}}],"collection":[{"href":"https:\/\/pedrocasiano.es\/index.php?rest_route=\/wp\/v2\/pages"}],"about":[{"href":"https:\/\/pedrocasiano.es\/index.php?rest_route=\/wp\/v2\/types\/page"}],"author":[{"embeddable":true,"href":"https:\/\/pedrocasiano.es\/index.php?rest_route=\/wp\/v2\/users\/1"}],"replies":[{"embeddable":true,"href":"https:\/\/pedrocasiano.es\/index.php?rest_route=%2Fwp%2Fv2%2Fcomments&post=188"}],"version-history":[{"count":5,"href":"https:\/\/pedrocasiano.es\/index.php?rest_route=\/wp\/v2\/pages\/188\/revisions"}],"predecessor-version":[{"id":8226,"href":"https:\/\/pedrocasiano.es\/index.php?rest_route=\/wp\/v2\/pages\/188\/revisions\/8226"}],"wp:attachment":[{"href":"https:\/\/pedrocasiano.es\/index.php?rest_route=%2Fwp%2Fv2%2Fmedia&parent=188"}],"curies":[{"name":"wp","href":"https:\/\/api.w.org\/{rel}","templated":true}]}}