{"id":180,"date":"2024-02-15T07:56:52","date_gmt":"2024-02-15T07:56:52","guid":{"rendered":"https:\/\/pedrocasiano.es\/?page_id=180"},"modified":"2024-07-08T18:03:34","modified_gmt":"2024-07-08T18:03:34","slug":"atemporal-colision","status":"publish","type":"page","link":"https:\/\/pedrocasiano.es\/?page_id=180","title":{"rendered":"Atemporal. Colisi\u00f3n"},"content":{"rendered":"\n<div class=\"wp-block-media-text is-stacked-on-mobile is-vertically-aligned-top\"><figure class=\"wp-block-media-text__media\"><img decoding=\"async\" width=\"533\" height=\"800\" data-src=\"https:\/\/pedrocasiano.es\/wp-content\/uploads\/2024\/03\/Atemporal.Coli2Eng.jpg\" alt=\"\" class=\"wp-image-6057 size-full lazyload\" src=\"data:image\/svg+xml;base64,PHN2ZyB3aWR0aD0iMSIgaGVpZ2h0PSIxIiB4bWxucz0iaHR0cDovL3d3dy53My5vcmcvMjAwMC9zdmciPjwvc3ZnPg==\" style=\"--smush-placeholder-width: 533px; --smush-placeholder-aspect-ratio: 533\/800;\" \/><\/figure><div class=\"wp-block-media-text__content\">\n<p>La segunda parte del Libro \u201cAtemporal\u201d, de amplia difusi\u00f3n.<\/p>\n\n\n\n<p>Nuestro h\u00e9roe, sufre de una gran perdida, y es enviado a una nueva misi\u00f3n en los confines m\u00e1s rec\u00f3nditos del universo, donde nada es similar a lo que conoce.<\/p>\n\n\n\n<p>Seres desconocidos la pueblan, con distintas costumbres, y formas de actuar, y una vez all\u00ed, tendr\u00e1 que proteger a alguien que no pod\u00eda imaginar, y la misi\u00f3n se convierte en algo que le lleva a m\u00faltiples conflictos, no solo externos, sino tambi\u00e9n con el mismo ser que debe de ser protegido.<\/p>\n\n\n\n<p>\u00bfPodr\u00e1 el legionario terminar su misi\u00f3n?\u00bfPodr\u00e1 el poderoso ser mejorado, tener a salvo a aquel que no quiere ser salvado?<\/p>\n\n\n\n<p>Son los equilibrios de un universo en continua colisi\u00f3n, y pendientes de un hilo para una guerra de exterminio.<\/p>\n\n\n\n<p>Cuando los mundos se hayan al borde de la \u2026<\/p>\n<\/div><\/div>\n\n\n\n<figure class=\"wp-block-embed alignright is-type-rich is-provider-amazon wp-block-embed-amazon\"><div class=\"wp-block-embed__wrapper\">\n<iframe title=\"Atemporal. Colisi\u00f3n (Spanish Edition)\" type=\"text\/html\" width=\"950\" height=\"550\" frameborder=\"0\" allowfullscreen style=\"max-width:100%\" data-src=\"https:\/\/read.amazon.com\/kp\/card?preview=inline&#038;linkCode=kpd&#038;ref_=k4w_oembed_XAZV6bFxFtiB2T&#038;asin=B086PVR1W9&#038;tag=kpembed-20\" src=\"data:image\/svg+xml;base64,PHN2ZyB3aWR0aD0iMSIgaGVpZ2h0PSIxIiB4bWxucz0iaHR0cDovL3d3dy53My5vcmcvMjAwMC9zdmciPjwvc3ZnPg==\" class=\"lazyload\" data-load-mode=\"1\"><\/iframe>\n<\/div><\/figure>\n","protected":false},"excerpt":{"rendered":"<p>La segunda parte del Libro \u201cAtemporal\u201d, de amplia difusi\u00f3n. Nuestro h\u00e9roe, sufre de una gran perdida, y es enviado a una nueva misi\u00f3n en los confines m\u00e1s rec\u00f3nditos del universo, donde nada es similar a lo que conoce. Seres desconocidos la pueblan, con distintas costumbres, y formas de actuar, y una vez all\u00ed, tendr\u00e1 que &hellip; <\/p>\n<p class=\"link-more\"><a href=\"https:\/\/pedrocasiano.es\/?page_id=180\" class=\"more-link\">Leer m\u00e1s<span class=\"screen-reader-text\"> \u00abAtemporal. Colisi\u00f3n\u00bb<\/span><\/a><\/p>\n","protected":false},"author":1,"featured_media":0,"parent":0,"menu_order":0,"comment_status":"closed","ping_status":"closed","template":"","meta":{"inspiro_hide_title":false,"footnotes":""},"class_list":["post-180","page","type-page","status-publish","hentry"],"featured_media_urls":[],"_links":{"self":[{"href":"https:\/\/pedrocasiano.es\/index.php?rest_route=\/wp\/v2\/pages\/180","targetHints":{"allow":["GET"]}}],"collection":[{"href":"https:\/\/pedrocasiano.es\/index.php?rest_route=\/wp\/v2\/pages"}],"about":[{"href":"https:\/\/pedrocasiano.es\/index.php?rest_route=\/wp\/v2\/types\/page"}],"author":[{"embeddable":true,"href":"https:\/\/pedrocasiano.es\/index.php?rest_route=\/wp\/v2\/users\/1"}],"replies":[{"embeddable":true,"href":"https:\/\/pedrocasiano.es\/index.php?rest_route=%2Fwp%2Fv2%2Fcomments&post=180"}],"version-history":[{"count":5,"href":"https:\/\/pedrocasiano.es\/index.php?rest_route=\/wp\/v2\/pages\/180\/revisions"}],"predecessor-version":[{"id":8228,"href":"https:\/\/pedrocasiano.es\/index.php?rest_route=\/wp\/v2\/pages\/180\/revisions\/8228"}],"wp:attachment":[{"href":"https:\/\/pedrocasiano.es\/index.php?rest_route=%2Fwp%2Fv2%2Fmedia&parent=180"}],"curies":[{"name":"wp","href":"https:\/\/api.w.org\/{rel}","templated":true}]}}