{"id":16434,"date":"2026-03-31T10:25:02","date_gmt":"2026-03-31T08:25:02","guid":{"rendered":"https:\/\/pedrocasiano.es\/?page_id=16434"},"modified":"2026-04-03T06:58:43","modified_gmt":"2026-04-03T04:58:43","slug":"trigesimo-cuarta","status":"publish","type":"page","link":"https:\/\/pedrocasiano.es\/?page_id=16434","title":{"rendered":"Trig\u00e9simo Cuarta"},"content":{"rendered":"\n<div class=\"wp-block-cover alignfull is-light has-custom-content-position is-position-top-left\" style=\"min-height:100vh;aspect-ratio:unset;\"><img decoding=\"async\" width=\"1024\" height=\"571\" class=\"wp-block-cover__image-background wp-image-16435 size-full lazyload\" alt=\"\" data-src=\"https:\/\/pedrocasiano.es\/wp-content\/uploads\/2026\/03\/woman-8498862.jpg\" data-object-fit=\"cover\" src=\"data:image\/svg+xml;base64,PHN2ZyB3aWR0aD0iMSIgaGVpZ2h0PSIxIiB4bWxucz0iaHR0cDovL3d3dy53My5vcmcvMjAwMC9zdmciPjwvc3ZnPg==\" style=\"--smush-placeholder-width: 1024px; --smush-placeholder-aspect-ratio: 1024\/571;\" \/><span aria-hidden=\"true\" class=\"wp-block-cover__background has-background-dim\" style=\"background-color:#98928e\"><\/span><div class=\"wp-block-cover__inner-container has-global-padding is-layout-constrained wp-block-cover-is-layout-constrained\">\n<p><\/p>\n\n\n\n<ul class=\"wp-block-list\">\n<li><a href=\"https:\/\/pedrocasiano.es\/?p=16391\" data-type=\"post\" data-id=\"16391\" target=\"_blank\" rel=\"noreferrer noopener\">Amanece, de Nuevo Amanece (Rima)<\/a><\/li>\n\n\n\n<li><a href=\"https:\/\/pedrocasiano.es\/?p=16396\" data-type=\"post\" data-id=\"16396\" target=\"_blank\" rel=\"noreferrer noopener\">Los D\u00edas Pasan (Rima)<\/a><\/li>\n\n\n\n<li><a href=\"https:\/\/pedrocasiano.es\/?p=16401\" data-type=\"post\" data-id=\"16401\" target=\"_blank\" rel=\"noreferrer noopener\">Llueve, como Llueve (Rima)<\/a><\/li>\n\n\n\n<li><a href=\"https:\/\/pedrocasiano.es\/?p=16406\" data-type=\"post\" data-id=\"16406\" target=\"_blank\" rel=\"noreferrer noopener\">Volver\u00e1 a Salir el Sol en la Ma\u00f1ana (Rima)<\/a><\/li>\n\n\n\n<li><a href=\"https:\/\/pedrocasiano.es\/?p=16411\" data-type=\"post\" data-id=\"16411\" target=\"_blank\" rel=\"noreferrer noopener\">Malos Tiempos lo que han de Venir (Rima)<\/a><\/li>\n\n\n\n<li><a href=\"https:\/\/pedrocasiano.es\/?p=16416\" data-type=\"post\" data-id=\"16416\" target=\"_blank\" rel=\"noreferrer noopener\">La Vida Corre sin Destino (Rima)<\/a><\/li>\n\n\n\n<li><a href=\"https:\/\/pedrocasiano.es\/?p=16421\" data-type=\"post\" data-id=\"16421\" target=\"_blank\" rel=\"noreferrer noopener\">Las Noches Vienen (Rima)<\/a><\/li>\n\n\n\n<li><a href=\"https:\/\/pedrocasiano.es\/?p=16426\" data-type=\"post\" data-id=\"16426\" target=\"_blank\" rel=\"noreferrer noopener\">Mi Mano Cansada (Rima)<\/a><\/li>\n\n\n\n<li><a href=\"https:\/\/pedrocasiano.es\/?p=16529\" data-type=\"post\" data-id=\"16529\" target=\"_blank\" rel=\"noreferrer noopener\">Silencio, que viene la Madre (Rima)<\/a><\/li>\n\n\n\n<li><a href=\"https:\/\/pedrocasiano.es\/?p=16536\" data-type=\"post\" data-id=\"16536\" target=\"_blank\" rel=\"noreferrer noopener\">\u00bfD\u00f3nde Suena la Oscuridad de un Cuarto Vac\u00edo? (Rima)<\/a><\/li>\n\n\n\n<li><a href=\"https:\/\/pedrocasiano.es\/?p=16541\" data-type=\"post\" data-id=\"16541\" target=\"_blank\" rel=\"noreferrer noopener\">Caminos Abandonados (Rima)<\/a><\/li>\n\n\n\n<li><a href=\"https:\/\/pedrocasiano.es\/?p=16546\" data-type=\"post\" data-id=\"16546\" target=\"_blank\" rel=\"noreferrer noopener\">Ya ha Pasado la Vida como un Rel\u00e1mpago (Rima)<\/a><\/li>\n\n\n\n<li><a href=\"https:\/\/pedrocasiano.es\/?p=16551\" data-type=\"post\" data-id=\"16551\" target=\"_blank\" rel=\"noreferrer noopener\">Otro D\u00eda M\u00e1s (Rima)<\/a><\/li>\n\n\n\n<li><a href=\"https:\/\/pedrocasiano.es\/?p=16556\" data-type=\"post\" data-id=\"16556\" target=\"_blank\" rel=\"noreferrer noopener\">Canciones que ya Nadie Canta (Rima)<\/a><\/li>\n\n\n\n<li><a href=\"https:\/\/pedrocasiano.es\/?p=16561\" data-type=\"post\" data-id=\"16561\" target=\"_blank\" rel=\"noreferrer noopener\">Sonidos que se Pierden (Rima)<\/a><\/li>\n\n\n\n<li><a href=\"https:\/\/pedrocasiano.es\/?p=16566\" data-type=\"post\" data-id=\"16566\" target=\"_blank\" rel=\"noreferrer noopener\">Los Cielos quieren Abrir (Rima)<\/a><\/li>\n\n\n\n<li><a href=\"https:\/\/pedrocasiano.es\/?p=16571\" data-type=\"post\" data-id=\"16571\" target=\"_blank\" rel=\"noreferrer noopener\">Calor, siento Calor (Rima)<\/a><\/li>\n\n\n\n<li><a href=\"https:\/\/pedrocasiano.es\/?p=16576\" data-type=\"post\" data-id=\"16576\" target=\"_blank\" rel=\"noreferrer noopener\">Lo que la Tarde Oculta (Rima)<\/a><\/li>\n\n\n\n<li><a href=\"https:\/\/pedrocasiano.es\/?p=16581\" data-type=\"post\" data-id=\"16581\" target=\"_blank\" rel=\"noreferrer noopener\">De Nuevo a la Guerra (Rima)<\/a><\/li>\n\n\n\n<li><a href=\"https:\/\/pedrocasiano.es\/?p=16665\" data-type=\"post\" data-id=\"16665\" target=\"_blank\" rel=\"noreferrer noopener\">Una Habitaci\u00f3n Cerrada (Rima)<\/a><\/li>\n<\/ul>\n\n\n\n<p><\/p>\n\n\n\n<p><strong>Todos los Derechos Reservado<\/strong>s<\/p>\n\n\n\n<p><strong>\u201cEstas novelas, publicaciones y dem\u00e1s, son obras de ficci\u00f3n. Los nombres, personajes, lugares e incidentes son producto de la imaginaci\u00f3n del autor o son utilizados de manera ficticia. Cualquier parecido con personas, vivas o muertas, o sucesos reales es pura coincidencia.\u201d<\/strong><\/p>\n<\/div><\/div>\n","protected":false},"excerpt":{"rendered":"","protected":false},"author":1,"featured_media":0,"parent":0,"menu_order":0,"comment_status":"closed","ping_status":"closed","template":"","meta":{"inspiro_hide_title":false,"footnotes":""},"class_list":["post-16434","page","type-page","status-publish","hentry"],"featured_media_urls":[],"_links":{"self":[{"href":"https:\/\/pedrocasiano.es\/index.php?rest_route=\/wp\/v2\/pages\/16434","targetHints":{"allow":["GET"]}}],"collection":[{"href":"https:\/\/pedrocasiano.es\/index.php?rest_route=\/wp\/v2\/pages"}],"about":[{"href":"https:\/\/pedrocasiano.es\/index.php?rest_route=\/wp\/v2\/types\/page"}],"author":[{"embeddable":true,"href":"https:\/\/pedrocasiano.es\/index.php?rest_route=\/wp\/v2\/users\/1"}],"replies":[{"embeddable":true,"href":"https:\/\/pedrocasiano.es\/index.php?rest_route=%2Fwp%2Fv2%2Fcomments&post=16434"}],"version-history":[{"count":9,"href":"https:\/\/pedrocasiano.es\/index.php?rest_route=\/wp\/v2\/pages\/16434\/revisions"}],"predecessor-version":[{"id":16717,"href":"https:\/\/pedrocasiano.es\/index.php?rest_route=\/wp\/v2\/pages\/16434\/revisions\/16717"}],"wp:attachment":[{"href":"https:\/\/pedrocasiano.es\/index.php?rest_route=%2Fwp%2Fv2%2Fmedia&parent=16434"}],"curies":[{"name":"wp","href":"https:\/\/api.w.org\/{rel}","templated":true}]}}