{"id":16285,"date":"2026-03-27T08:42:37","date_gmt":"2026-03-27T06:42:37","guid":{"rendered":"https:\/\/pedrocasiano.es\/?page_id=16285"},"modified":"2026-03-31T11:03:24","modified_gmt":"2026-03-31T09:03:24","slug":"sensaciones-vi","status":"publish","type":"page","link":"https:\/\/pedrocasiano.es\/?page_id=16285","title":{"rendered":"Sensaciones VI"},"content":{"rendered":"\n<div class=\"wp-block-cover alignfull\" style=\"min-height:937px;aspect-ratio:unset;\"><img decoding=\"async\" width=\"1024\" height=\"574\" class=\"wp-block-cover__image-background wp-image-16286 size-full lazyload\" alt=\"\" data-src=\"https:\/\/pedrocasiano.es\/wp-content\/uploads\/2026\/03\/golden-hour-7982488.jpg\" data-object-fit=\"cover\" src=\"data:image\/svg+xml;base64,PHN2ZyB3aWR0aD0iMSIgaGVpZ2h0PSIxIiB4bWxucz0iaHR0cDovL3d3dy53My5vcmcvMjAwMC9zdmciPjwvc3ZnPg==\" style=\"--smush-placeholder-width: 1024px; --smush-placeholder-aspect-ratio: 1024\/574;\" \/><span aria-hidden=\"true\" class=\"wp-block-cover__background has-background-dim\" style=\"background-color:#71594b\"><\/span><div class=\"wp-block-cover__inner-container has-global-padding is-layout-constrained wp-block-cover-is-layout-constrained\">\n<p><\/p>\n\n\n\n<ul class=\"wp-block-list\">\n<li><a href=\"https:\/\/pedrocasiano.es\/?p=16224\" data-type=\"post\" data-id=\"16224\" target=\"_blank\" rel=\"noreferrer noopener\">Nunca ped\u00ed Nada en la Vida<\/a><\/li>\n\n\n\n<li><a href=\"https:\/\/pedrocasiano.es\/?p=16229\" data-type=\"post\" data-id=\"16229\" target=\"_blank\" rel=\"noreferrer noopener\">La Noche se Acerca con su Palidez<\/a><\/li>\n\n\n\n<li><a href=\"https:\/\/pedrocasiano.es\/?p=16234\" data-type=\"post\" data-id=\"16234\" target=\"_blank\" rel=\"noreferrer noopener\">El Silencio, la Soledad<\/a><\/li>\n\n\n\n<li><a href=\"https:\/\/pedrocasiano.es\/?p=16239\" data-type=\"post\" data-id=\"16239\" target=\"_blank\" rel=\"noreferrer noopener\">Colores, Colores<\/a><\/li>\n\n\n\n<li><a href=\"https:\/\/pedrocasiano.es\/?p=16244\" data-type=\"post\" data-id=\"16244\" target=\"_blank\" rel=\"noreferrer noopener\">Sonidos R\u00edtmicos<\/a><\/li>\n\n\n\n<li><a href=\"https:\/\/pedrocasiano.es\/?p=16249\" data-type=\"post\" data-id=\"16249\" target=\"_blank\" rel=\"noreferrer noopener\">Hijos del Ego\u00edsmo<\/a><\/li>\n\n\n\n<li><a href=\"https:\/\/pedrocasiano.es\/?p=16254\" data-type=\"post\" data-id=\"16254\" target=\"_blank\" rel=\"noreferrer noopener\">Caminos que Desaparecen<\/a><\/li>\n\n\n\n<li><a href=\"https:\/\/pedrocasiano.es\/?p=16259\" data-type=\"post\" data-id=\"16259\" target=\"_blank\" rel=\"noreferrer noopener\">Caminos que a Ning\u00fan Lado Llevan<\/a><\/li>\n\n\n\n<li><a href=\"https:\/\/pedrocasiano.es\/?p=16264\" data-type=\"post\" data-id=\"16264\" target=\"_blank\" rel=\"noreferrer noopener\">Llueve, como Llueve<\/a><\/li>\n\n\n\n<li><a href=\"https:\/\/pedrocasiano.es\/?p=16269\" data-type=\"post\" data-id=\"16269\" target=\"_blank\" rel=\"noreferrer noopener\">Mi Vida es un Cascabel de Estallidos<\/a><\/li>\n\n\n\n<li><a href=\"https:\/\/pedrocasiano.es\/?p=16297\" data-type=\"post\" data-id=\"16297\" target=\"_blank\" rel=\"noreferrer noopener\">La Noche Cae Sobre Todo<\/a><\/li>\n\n\n\n<li><a href=\"https:\/\/pedrocasiano.es\/?p=16302\" data-type=\"post\" data-id=\"16302\" target=\"_blank\" rel=\"noreferrer noopener\">Todos se R\u00eden<\/a><\/li>\n\n\n\n<li><a href=\"https:\/\/pedrocasiano.es\/?p=16307\" data-type=\"post\" data-id=\"16307\" target=\"_blank\" rel=\"noreferrer noopener\">Volutas de Humo que Nadie Ve<\/a><\/li>\n\n\n\n<li><a href=\"https:\/\/pedrocasiano.es\/?p=16312\" data-type=\"post\" data-id=\"16312\" target=\"_blank\" rel=\"noreferrer noopener\">El Para\u00edso Nunca Existi\u00f3<\/a><\/li>\n\n\n\n<li><a href=\"https:\/\/pedrocasiano.es\/?p=16317\" data-type=\"post\" data-id=\"16317\" target=\"_blank\" rel=\"noreferrer noopener\">Un Barco sin Tim\u00f3n<\/a><\/li>\n\n\n\n<li><a href=\"https:\/\/pedrocasiano.es\/?p=16322\" data-type=\"post\" data-id=\"16322\" target=\"_blank\" rel=\"noreferrer noopener\">El Cuerpo se Cansa<\/a><\/li>\n\n\n\n<li><a href=\"https:\/\/pedrocasiano.es\/?p=16327\" data-type=\"post\" data-id=\"16327\" target=\"_blank\" rel=\"noreferrer noopener\">Como la Vida se Va<\/a><\/li>\n\n\n\n<li><a href=\"https:\/\/pedrocasiano.es\/?p=16332\" data-type=\"post\" data-id=\"16332\" target=\"_blank\" rel=\"noreferrer noopener\">Frio, Tanto Frio<\/a><\/li>\n\n\n\n<li><a href=\"https:\/\/pedrocasiano.es\/?p=16337\" data-type=\"post\" data-id=\"16337\" target=\"_blank\" rel=\"noreferrer noopener\">Tiempos de Silencio<\/a><\/li>\n\n\n\n<li><a href=\"https:\/\/pedrocasiano.es\/?p=16342\" data-type=\"post\" data-id=\"16342\" target=\"_blank\" rel=\"noreferrer noopener\">Amanece, Como si no Fuera Nada<\/a><\/li>\n<\/ul>\n\n\n\n<p><strong>Todos los Derechos Reservados<\/strong><\/p>\n\n\n\n<p><strong>\u201cEstas novelas, publicaciones y dem\u00e1s, son obras de ficci\u00f3n. Los nombres, personajes, lugares e incidentes son producto de la imaginaci\u00f3n del autor o son utilizados de manera ficticia. Cualquier parecido con personas, vivas o muertas, o sucesos reales es pura coincidencia.\u201d<\/strong><\/p>\n<\/div><\/div>\n","protected":false},"excerpt":{"rendered":"","protected":false},"author":1,"featured_media":0,"parent":0,"menu_order":0,"comment_status":"closed","ping_status":"closed","template":"","meta":{"inspiro_hide_title":false,"footnotes":""},"class_list":["post-16285","page","type-page","status-publish","hentry"],"featured_media_urls":[],"_links":{"self":[{"href":"https:\/\/pedrocasiano.es\/index.php?rest_route=\/wp\/v2\/pages\/16285","targetHints":{"allow":["GET"]}}],"collection":[{"href":"https:\/\/pedrocasiano.es\/index.php?rest_route=\/wp\/v2\/pages"}],"about":[{"href":"https:\/\/pedrocasiano.es\/index.php?rest_route=\/wp\/v2\/types\/page"}],"author":[{"embeddable":true,"href":"https:\/\/pedrocasiano.es\/index.php?rest_route=\/wp\/v2\/users\/1"}],"replies":[{"embeddable":true,"href":"https:\/\/pedrocasiano.es\/index.php?rest_route=%2Fwp%2Fv2%2Fcomments&post=16285"}],"version-history":[{"count":7,"href":"https:\/\/pedrocasiano.es\/index.php?rest_route=\/wp\/v2\/pages\/16285\/revisions"}],"predecessor-version":[{"id":16504,"href":"https:\/\/pedrocasiano.es\/index.php?rest_route=\/wp\/v2\/pages\/16285\/revisions\/16504"}],"wp:attachment":[{"href":"https:\/\/pedrocasiano.es\/index.php?rest_route=%2Fwp%2Fv2%2Fmedia&parent=16285"}],"curies":[{"name":"wp","href":"https:\/\/api.w.org\/{rel}","templated":true}]}}