{"id":1613,"date":"2024-02-18T08:06:13","date_gmt":"2024-02-18T08:06:13","guid":{"rendered":"https:\/\/pedrocasiano.es\/?page_id=1613"},"modified":"2026-03-31T11:23:57","modified_gmt":"2026-03-31T09:23:57","slug":"reflexiones-tercera-parte","status":"publish","type":"page","link":"https:\/\/pedrocasiano.es\/?page_id=1613","title":{"rendered":"Reflexiones. Tercera Parte"},"content":{"rendered":"\n<div class=\"wp-block-cover alignfull is-light\" style=\"min-height:725px;aspect-ratio:unset;\"><img decoding=\"async\" width=\"1024\" height=\"683\" class=\"wp-block-cover__image-background wp-image-3559 lazyload\" alt=\"\" data-src=\"https:\/\/pedrocasiano.es\/wp-content\/uploads\/2024\/02\/ai-generated-8384776.jpg\" data-object-fit=\"cover\" src=\"data:image\/svg+xml;base64,PHN2ZyB3aWR0aD0iMSIgaGVpZ2h0PSIxIiB4bWxucz0iaHR0cDovL3d3dy53My5vcmcvMjAwMC9zdmciPjwvc3ZnPg==\" style=\"--smush-placeholder-width: 1024px; --smush-placeholder-aspect-ratio: 1024\/683;\" \/><span aria-hidden=\"true\" class=\"wp-block-cover__background has-background-dim\"><\/span><div class=\"wp-block-cover__inner-container has-global-padding is-layout-constrained wp-block-cover-is-layout-constrained\">\n<ul class=\"wp-block-list\">\n<li><a href=\"https:\/\/pedrocasiano.es\/?page_id=4173\" target=\"_blank\" rel=\"noreferrer noopener\">La Lenta Agon\u00eda Hacia un Mundo Nuevo (I)<\/a><\/li>\n\n\n\n<li><a href=\"https:\/\/pedrocasiano.es\/?page_id=4177\" target=\"_blank\" rel=\"noreferrer noopener\">La Lenta Agon\u00eda Hacia un Mundo Nuevo (II)<\/a><\/li>\n\n\n\n<li><a href=\"https:\/\/pedrocasiano.es\/?page_id=4183\">La <\/a><a href=\"https:\/\/pedrocasiano.es\/?page_id=4183\" target=\"_blank\" rel=\"noreferrer noopener\">Lenta Agon\u00eda<\/a><a href=\"https:\/\/pedrocasiano.es\/?page_id=4183\"> Hacia un Mundo Nuevo (III)<\/a><\/li>\n\n\n\n<li><a href=\"https:\/\/pedrocasiano.es\/?page_id=4187\" target=\"_blank\" rel=\"noreferrer noopener\">La Lenta Agon\u00eda Hacia un Mundo Nuevo (IV)<\/a><\/li>\n\n\n\n<li><a href=\"https:\/\/pedrocasiano.es\/?page_id=4191\">La Muerte d<\/a><a href=\"https:\/\/pedrocasiano.es\/?page_id=4191\" target=\"_blank\" rel=\"noreferrer noopener\">e l<\/a><a href=\"https:\/\/pedrocasiano.es\/?page_id=4191\">a Democracia<\/a><\/li>\n\n\n\n<li><a href=\"https:\/\/pedrocasiano.es\/?page_id=4195\" target=\"_blank\" rel=\"noreferrer noopener\">La Muerte de la Democracia. El Af\u00e1n Suicida<\/a><\/li>\n\n\n\n<li><a href=\"https:\/\/pedrocasiano.es\/?page_id=4285\" target=\"_blank\" rel=\"noreferrer noopener\">Volver A Escribir\u2026 <\/a><\/li>\n\n\n\n<li><a href=\"https:\/\/pedrocasiano.es\/?page_id=4289\" target=\"_blank\" rel=\"noreferrer noopener\">Hoy He Paseado Contigo A La Luz De La Luna<\/a><\/li>\n\n\n\n<li><a href=\"https:\/\/pedrocasiano.es\/?page_id=4293\" target=\"_blank\" rel=\"noreferrer noopener\">Los Nuevos Esclavos<\/a><\/li>\n\n\n\n<li><a href=\"https:\/\/pedrocasiano.es\/?page_id=4297\" target=\"_blank\" rel=\"noreferrer noopener\">Tempus Fugit<\/a><\/li>\n\n\n\n<li><a href=\"https:\/\/pedrocasiano.es\/?page_id=4305\" target=\"_blank\" rel=\"noreferrer noopener\">La Noche, La Muerte, La Negrura De La Soledad<\/a><\/li>\n\n\n\n<li><a href=\"https:\/\/pedrocasiano.es\/?page_id=4309\" target=\"_blank\" rel=\"noreferrer noopener\">Sobre Deslealtades<\/a><\/li>\n\n\n\n<li><a href=\"https:\/\/pedrocasiano.es\/?page_id=4313\" target=\"_blank\" rel=\"noreferrer noopener\">Las Prioridades De C\u00f3rdoba<\/a><\/li>\n\n\n\n<li><a href=\"https:\/\/pedrocasiano.es\/?page_id=4317\" target=\"_blank\" rel=\"noreferrer noopener\">Recuerdos de C\u00f3rdoba<\/a><\/li>\n\n\n\n<li><a href=\"https:\/\/pedrocasiano.es\/?page_id=4321\" target=\"_blank\" rel=\"noreferrer noopener\">La Albolafia<\/a><\/li>\n\n\n\n<li><a href=\"https:\/\/pedrocasiano.es\/?page_id=4351\" target=\"_blank\" rel=\"noreferrer noopener\">Llueve<\/a><\/li>\n\n\n\n<li><a href=\"https:\/\/pedrocasiano.es\/?page_id=4355\" target=\"_blank\" rel=\"noreferrer noopener\">Carpe Diem<\/a><\/li>\n\n\n\n<li><a href=\"https:\/\/pedrocasiano.es\/?page_id=4359\" target=\"_blank\" rel=\"noreferrer noopener\">Como Siempre, Me Pilla La Vida<\/a><\/li>\n\n\n\n<li><a href=\"https:\/\/pedrocasiano.es\/?page_id=4363\" target=\"_blank\" rel=\"noreferrer noopener\">Como Un Fantasma<\/a><\/li>\n\n\n\n<li><a href=\"https:\/\/pedrocasiano.es\/?page_id=4390\" target=\"_blank\" rel=\"noreferrer noopener\">Curso De C\u00f3rdoba Para For\u00e1neos<\/a><\/li>\n\n\n\n<li><a href=\"https:\/\/pedrocasiano.es\/?page_id=4394\" target=\"_blank\" rel=\"noreferrer noopener\">De Nuevo Estamos Aqu\u00ed<\/a><\/li>\n\n\n\n<li><a href=\"https:\/\/pedrocasiano.es\/?page_id=4398\" target=\"_blank\" rel=\"noreferrer noopener\">Diario De Un Moribundo<\/a><\/li>\n\n\n\n<li><a href=\"https:\/\/pedrocasiano.es\/?page_id=4406\" target=\"_blank\" rel=\"noreferrer noopener\">El Corona Virus, Para Catetos<\/a><\/li>\n\n\n\n<li><a href=\"https:\/\/pedrocasiano.es\/?page_id=4410\" target=\"_blank\" rel=\"noreferrer noopener\">El Reino Cristiano de C\u00f3rdoba<\/a><\/li>\n\n\n\n<li><a href=\"https:\/\/pedrocasiano.es\/?page_id=4414\" target=\"_blank\" rel=\"noreferrer noopener\">Sobre la \u00c9poca Hispano Musulmana<\/a><\/li>\n\n\n\n<li><a href=\"https:\/\/pedrocasiano.es\/?page_id=4440\" target=\"_blank\" rel=\"noreferrer noopener\">Fanatismo<\/a><\/li>\n\n\n\n<li><a href=\"https:\/\/pedrocasiano.es\/?page_id=4448\" target=\"_blank\" rel=\"noreferrer noopener\">Felices Fiestas 2022<\/a><\/li>\n\n\n\n<li><a href=\"https:\/\/pedrocasiano.es\/?page_id=4452\" target=\"_blank\" rel=\"noreferrer noopener\">Felicitaci\u00f3n de Fin de A\u00f1o 17\/18<\/a><\/li>\n\n\n\n<li><a href=\"https:\/\/pedrocasiano.es\/?page_id=4456\" target=\"_blank\" rel=\"noreferrer noopener\">Los Buenos Prop\u00f3sitos y la Realidad<\/a><\/li>\n\n\n\n<li><a href=\"https:\/\/pedrocasiano.es\/?page_id=4468\" target=\"_blank\" rel=\"noreferrer noopener\">Hoy Lo Que Era Un Hurac\u00e1n\u2026 <\/a><\/li>\n\n\n\n<li><a href=\"https:\/\/pedrocasiano.es\/?page_id=4472\" target=\"_blank\" rel=\"noreferrer noopener\">Hoy<\/a><\/li>\n\n\n\n<li><a href=\"https:\/\/pedrocasiano.es\/?page_id=4476\" target=\"_blank\" rel=\"noreferrer noopener\">De Los Impuestos Y Otros Males Seculares<\/a><\/li>\n<\/ul>\n\n\n\n<p><strong>Todos los Derechos Reservados<\/strong><\/p>\n\n\n\n<p><strong>\u201cEstas novelas, publicaciones y dem\u00e1s, son obras de ficci\u00f3n. Los nombres, personajes, lugares e incidentes son producto de la imaginaci\u00f3n del autor o son utilizados de manera ficticia. Cualquier parecido con personas, vivas o muertas, o sucesos reales es pura coincidencia.\u201d<\/strong><\/p>\n<\/div><\/div>\n","protected":false},"excerpt":{"rendered":"","protected":false},"author":1,"featured_media":0,"parent":0,"menu_order":0,"comment_status":"closed","ping_status":"closed","template":"","meta":{"inspiro_hide_title":false,"footnotes":""},"class_list":["post-1613","page","type-page","status-publish","hentry"],"featured_media_urls":[],"_links":{"self":[{"href":"https:\/\/pedrocasiano.es\/index.php?rest_route=\/wp\/v2\/pages\/1613","targetHints":{"allow":["GET"]}}],"collection":[{"href":"https:\/\/pedrocasiano.es\/index.php?rest_route=\/wp\/v2\/pages"}],"about":[{"href":"https:\/\/pedrocasiano.es\/index.php?rest_route=\/wp\/v2\/types\/page"}],"author":[{"embeddable":true,"href":"https:\/\/pedrocasiano.es\/index.php?rest_route=\/wp\/v2\/users\/1"}],"replies":[{"embeddable":true,"href":"https:\/\/pedrocasiano.es\/index.php?rest_route=%2Fwp%2Fv2%2Fcomments&post=1613"}],"version-history":[{"count":16,"href":"https:\/\/pedrocasiano.es\/index.php?rest_route=\/wp\/v2\/pages\/1613\/revisions"}],"predecessor-version":[{"id":16519,"href":"https:\/\/pedrocasiano.es\/index.php?rest_route=\/wp\/v2\/pages\/1613\/revisions\/16519"}],"wp:attachment":[{"href":"https:\/\/pedrocasiano.es\/index.php?rest_route=%2Fwp%2Fv2%2Fmedia&parent=1613"}],"curies":[{"name":"wp","href":"https:\/\/api.w.org\/{rel}","templated":true}]}}