{"id":16093,"date":"2026-03-14T04:18:47","date_gmt":"2026-03-14T02:18:47","guid":{"rendered":"https:\/\/pedrocasiano.es\/?page_id=16093"},"modified":"2026-03-31T11:02:43","modified_gmt":"2026-03-31T09:02:43","slug":"sensaciones-v","status":"publish","type":"page","link":"https:\/\/pedrocasiano.es\/?page_id=16093","title":{"rendered":"Sensaciones V"},"content":{"rendered":"\n<div class=\"wp-block-cover alignfull is-light has-custom-content-position is-position-top-left\" style=\"min-height:642px;aspect-ratio:unset;\"><img decoding=\"async\" width=\"1024\" height=\"669\" class=\"wp-block-cover__image-background wp-image-16094 size-full lazyload\" alt=\"\" data-src=\"https:\/\/pedrocasiano.es\/wp-content\/uploads\/2026\/03\/golden-hour-portraits-8351546peque.jpg\" data-object-fit=\"cover\" src=\"data:image\/svg+xml;base64,PHN2ZyB3aWR0aD0iMSIgaGVpZ2h0PSIxIiB4bWxucz0iaHR0cDovL3d3dy53My5vcmcvMjAwMC9zdmciPjwvc3ZnPg==\" style=\"--smush-placeholder-width: 1024px; --smush-placeholder-aspect-ratio: 1024\/669;\" \/><span aria-hidden=\"true\" class=\"wp-block-cover__background has-background-dim\" style=\"background-color:#95806a\"><\/span><div class=\"wp-block-cover__inner-container has-global-padding is-layout-constrained wp-block-cover-is-layout-constrained\">\n<ul class=\"wp-block-list\">\n<li><a href=\"https:\/\/pedrocasiano.es\/?p=16079\" data-type=\"post\" data-id=\"16079\" target=\"_blank\" rel=\"noreferrer noopener\">La Alegr\u00eda de Vivir se Marcha<\/a><\/li>\n\n\n\n<li><a href=\"https:\/\/pedrocasiano.es\/?p=16084\" data-type=\"post\" data-id=\"16084\" target=\"_blank\" rel=\"noreferrer noopener\">El D\u00eda se acaba ya<\/a><\/li>\n\n\n\n<li><a href=\"https:\/\/pedrocasiano.es\/?p=16103\" data-type=\"post\" data-id=\"16103\" target=\"_blank\" rel=\"noreferrer noopener\">Canciones de Tiempos Perdidos<\/a><\/li>\n\n\n\n<li><a href=\"https:\/\/pedrocasiano.es\/?p=16108\" data-type=\"post\" data-id=\"16108\" target=\"_blank\" rel=\"noreferrer noopener\">Mil Kil\u00f3metros sin Avanzar<\/a><\/li>\n\n\n\n<li><a href=\"https:\/\/pedrocasiano.es\/?p=16114\" data-type=\"post\" data-id=\"16114\" target=\"_blank\" rel=\"noreferrer noopener\">Caminos de Tierra Oscura<\/a><\/li>\n\n\n\n<li><a href=\"https:\/\/pedrocasiano.es\/?p=16119\" data-type=\"post\" data-id=\"16119\" target=\"_blank\" rel=\"noreferrer noopener\">Caminar por la Campi\u00f1a<\/a><\/li>\n\n\n\n<li><a href=\"https:\/\/pedrocasiano.es\/?p=16124\" data-type=\"post\" data-id=\"16124\" target=\"_blank\" rel=\"noreferrer noopener\">Caminos del Sur<\/a><\/li>\n\n\n\n<li><a href=\"https:\/\/pedrocasiano.es\/?p=16129\" data-type=\"post\" data-id=\"16129\" target=\"_blank\" rel=\"noreferrer noopener\">Nada que Escuchar<\/a><\/li>\n\n\n\n<li><a href=\"https:\/\/pedrocasiano.es\/?p=16134\" data-type=\"post\" data-id=\"16134\" target=\"_blank\" rel=\"noreferrer noopener\">Historias que Contar<\/a><\/li>\n\n\n\n<li><a href=\"https:\/\/pedrocasiano.es\/?p=16162\" data-type=\"post\" data-id=\"16162\" target=\"_blank\" rel=\"noreferrer noopener\">He Hoyado tantos Caminos<\/a><\/li>\n\n\n\n<li><a href=\"https:\/\/pedrocasiano.es\/?p=16167\" data-type=\"post\" data-id=\"16167\" target=\"_blank\" rel=\"noreferrer noopener\">P\u00e9rdidas, Siempre P\u00e9rdidas<\/a><\/li>\n\n\n\n<li><a href=\"https:\/\/pedrocasiano.es\/?p=16172\" data-type=\"post\" data-id=\"16172\" target=\"_blank\" rel=\"noreferrer noopener\">Rio Grande que Fluye Cantando<\/a><\/li>\n\n\n\n<li><a href=\"https:\/\/pedrocasiano.es\/?p=16177\" data-type=\"post\" data-id=\"16177\" target=\"_blank\" rel=\"noreferrer noopener\">Sombras que Todo lo Tapan<\/a><\/li>\n\n\n\n<li><a href=\"https:\/\/pedrocasiano.es\/?p=16182\" data-type=\"post\" data-id=\"16182\" target=\"_blank\" rel=\"noreferrer noopener\">Caminos de Brillante Arena<\/a><\/li>\n\n\n\n<li><a href=\"https:\/\/pedrocasiano.es\/?p=16187\" data-type=\"post\" data-id=\"16187\" target=\"_blank\" rel=\"noreferrer noopener\">Yo no s\u00e9 del Roc\u00edo<\/a><\/li>\n\n\n\n<li><a href=\"https:\/\/pedrocasiano.es\/?p=16192\" data-type=\"post\" data-id=\"16192\" target=\"_blank\" rel=\"noreferrer noopener\">Paseos de Noche<\/a><\/li>\n\n\n\n<li><a href=\"https:\/\/pedrocasiano.es\/?p=16197\" data-type=\"post\" data-id=\"16197\" target=\"_blank\" rel=\"noreferrer noopener\">Callar, No decir Nada<\/a><\/li>\n\n\n\n<li><a href=\"https:\/\/pedrocasiano.es\/?p=16202\" data-type=\"post\" data-id=\"16202\" target=\"_blank\" rel=\"noreferrer noopener\">Problemas, Penas<\/a><\/li>\n\n\n\n<li><a href=\"https:\/\/pedrocasiano.es\/?p=16207\" data-type=\"post\" data-id=\"16207\" target=\"_blank\" rel=\"noreferrer noopener\">Aire, Como si Volara<\/a><\/li>\n\n\n\n<li><a href=\"https:\/\/pedrocasiano.es\/?p=16219\" data-type=\"post\" data-id=\"16219\" target=\"_blank\" rel=\"noreferrer noopener\">Yo no Ped\u00ed Venir<\/a><\/li>\n<\/ul>\n\n\n\n<p><\/p>\n\n\n\n<p><strong>Todos los Derechos Reservados<\/strong><\/p>\n\n\n\n<p><\/p>\n\n\n\n<p><strong>\u201cEstas novelas, publicaciones y dem\u00e1s, son obras de ficci\u00f3n. Los nombres, personajes, lugares e incidentes son producto de la imaginaci\u00f3n del autor o son utilizados de manera ficticia. Cualquier parecido con personas, vivas o muertas, o sucesos reales es pura coincidencia.\u201d<\/strong><\/p>\n<\/div><\/div>\n","protected":false},"excerpt":{"rendered":"","protected":false},"author":1,"featured_media":0,"parent":0,"menu_order":0,"comment_status":"closed","ping_status":"closed","template":"","meta":{"inspiro_hide_title":false,"footnotes":""},"class_list":["post-16093","page","type-page","status-publish","hentry"],"featured_media_urls":[],"_links":{"self":[{"href":"https:\/\/pedrocasiano.es\/index.php?rest_route=\/wp\/v2\/pages\/16093","targetHints":{"allow":["GET"]}}],"collection":[{"href":"https:\/\/pedrocasiano.es\/index.php?rest_route=\/wp\/v2\/pages"}],"about":[{"href":"https:\/\/pedrocasiano.es\/index.php?rest_route=\/wp\/v2\/types\/page"}],"author":[{"embeddable":true,"href":"https:\/\/pedrocasiano.es\/index.php?rest_route=\/wp\/v2\/users\/1"}],"replies":[{"embeddable":true,"href":"https:\/\/pedrocasiano.es\/index.php?rest_route=%2Fwp%2Fv2%2Fcomments&post=16093"}],"version-history":[{"count":9,"href":"https:\/\/pedrocasiano.es\/index.php?rest_route=\/wp\/v2\/pages\/16093\/revisions"}],"predecessor-version":[{"id":16294,"href":"https:\/\/pedrocasiano.es\/index.php?rest_route=\/wp\/v2\/pages\/16093\/revisions\/16294"}],"wp:attachment":[{"href":"https:\/\/pedrocasiano.es\/index.php?rest_route=%2Fwp%2Fv2%2Fmedia&parent=16093"}],"curies":[{"name":"wp","href":"https:\/\/api.w.org\/{rel}","templated":true}]}}