{"id":1605,"date":"2024-02-18T07:53:00","date_gmt":"2024-02-18T07:53:00","guid":{"rendered":"https:\/\/pedrocasiano.es\/?page_id=1605"},"modified":"2024-03-31T07:53:09","modified_gmt":"2024-03-31T07:53:09","slug":"las-malas-hierbas-de-cordoba-el-jardin-botanico","status":"publish","type":"page","link":"https:\/\/pedrocasiano.es\/?page_id=1605","title":{"rendered":"Las Malas Hierbas de C\u00f3rdoba. El Jard\u00edn Bot\u00e1nico."},"content":{"rendered":"\n<figure class=\"wp-block-image alignleft size-large is-resized\"><img decoding=\"async\" width=\"1024\" height=\"847\" data-src=\"https:\/\/pedrocasiano.es\/wp-content\/uploads\/2024\/02\/170077235_3935502839841692_3965893703926023176_n-1024x847.jpg\" alt=\"\" class=\"wp-image-3819 lazyload\" style=\"--smush-placeholder-width: 1024px; --smush-placeholder-aspect-ratio: 1024\/847;width:458px;height:auto\" src=\"data:image\/svg+xml;base64,PHN2ZyB3aWR0aD0iMSIgaGVpZ2h0PSIxIiB4bWxucz0iaHR0cDovL3d3dy53My5vcmcvMjAwMC9zdmciPjwvc3ZnPg==\" \/><\/figure>\n\n\n\n<p>Las Malas Hierbas de C\u00f3rdoba. El Jard\u00edn Bot\u00e1nico.<\/p>\n\n\n\n<p>Hoy, maldita sea la idea, se me ha ocurrido, visitar \u201cnuestro\u201d Jard\u00edn Bot\u00e1nico, dispuesto a compartir cualquier imagen que pudiera captar, para que aquellos que como yo han estado mucho tiempo sin poderlo visitar, disfrutaran de ellas.<\/p>\n\n\n\n<p>Heme ah\u00ed preparado con las pesadas c\u00e1maras, listo para penetrar en lo que cre\u00eda ser\u00eda una interesante visita. Primera sorpresa, aparece en el horario, en varios sitios, incluidos el oficial, que <a><\/a>su apertura es a las diez de la ma\u00f1ana, primer error de persona organizada, es a la diez y media, \u00bfmotivo?, posiblemente sexual.<\/p>\n\n\n\n<p>Segunda noticia, las fotos, complicado compartirlas, como si fueran algo que solo puede ser admirado en vivo, cuando es ahora m\u00e1s necesario que nunca compartir por los medios que sean las bondades nuestra tierra, pero supongo que nada bueno habr\u00e1 para que se conozca.<\/p>\n\n\n\n<p>Mas sorpresa, \u201cVisita previa cita\u201d, lo cual aparece en unos lugares, en otros no. Extra\u00f1eza, apenas cuatro personas, supongo que tendr\u00e1 unos veinte metros cuadrados de superficie todo el \u201cjard\u00edn\u201d, a pesar de ello, me indican que puedo hacerlo por internet, le ofrezco mi m\u00f3vil, y la mujer, al decirle que debido a mi incapacidad, me es dif\u00edcil de realizar, me mira como si fuera algo digno de las leyes del treinta y seis alem\u00e1n, las de la eliminaci\u00f3n de los individuos que no son \u00fatiles para la sociedad, me vuelve a contemplar, y sorpresa, ha perdido el habla, me estudia con esa cara entre ni s\u00e9 ni quiero saber, y me veo reflejado en sus pupilas, y pienso en la estupidez que durante a\u00f1os he cometido, la de pagar mis impuestos, cosa de la que cada vez m\u00e1s me arrepiento.<\/p>\n\n\n\n<p>Si pose\u00eda algo de belleza, se ha difuminado en el aire, en la tormenta de aquellos que solo merecen el calificativo de humanos bas\u00e1ndonos en arquetipos de construcci\u00f3n anat\u00f3mica, por lo dem\u00e1s\u2026 no juzgues y no ser\u00e1s juzgado, pero dan ganas de hacerlo.<\/p>\n\n\n\n<p>Recomendaci\u00f3n, mejor una mala hierba amable que un jard\u00edn de flores apestosas.<\/p>\n","protected":false},"excerpt":{"rendered":"<p>Las Malas Hierbas de C\u00f3rdoba. El Jard\u00edn Bot\u00e1nico. Hoy, maldita sea la idea, se me ha ocurrido, visitar \u201cnuestro\u201d Jard\u00edn Bot\u00e1nico, dispuesto a compartir cualquier imagen que pudiera captar, para que aquellos que como yo han estado mucho tiempo sin poderlo visitar, disfrutaran de ellas. Heme ah\u00ed preparado con las pesadas c\u00e1maras, listo para penetrar &hellip; <\/p>\n<p class=\"link-more\"><a href=\"https:\/\/pedrocasiano.es\/?page_id=1605\" class=\"more-link\">Leer m\u00e1s<span class=\"screen-reader-text\"> \u00abLas Malas Hierbas de C\u00f3rdoba. El Jard\u00edn Bot\u00e1nico.\u00bb<\/span><\/a><\/p>\n","protected":false},"author":1,"featured_media":0,"parent":0,"menu_order":0,"comment_status":"closed","ping_status":"closed","template":"","meta":{"inspiro_hide_title":false,"footnotes":""},"class_list":["post-1605","page","type-page","status-publish","hentry"],"featured_media_urls":[],"_links":{"self":[{"href":"https:\/\/pedrocasiano.es\/index.php?rest_route=\/wp\/v2\/pages\/1605","targetHints":{"allow":["GET"]}}],"collection":[{"href":"https:\/\/pedrocasiano.es\/index.php?rest_route=\/wp\/v2\/pages"}],"about":[{"href":"https:\/\/pedrocasiano.es\/index.php?rest_route=\/wp\/v2\/types\/page"}],"author":[{"embeddable":true,"href":"https:\/\/pedrocasiano.es\/index.php?rest_route=\/wp\/v2\/users\/1"}],"replies":[{"embeddable":true,"href":"https:\/\/pedrocasiano.es\/index.php?rest_route=%2Fwp%2Fv2%2Fcomments&post=1605"}],"version-history":[{"count":3,"href":"https:\/\/pedrocasiano.es\/index.php?rest_route=\/wp\/v2\/pages\/1605\/revisions"}],"predecessor-version":[{"id":5776,"href":"https:\/\/pedrocasiano.es\/index.php?rest_route=\/wp\/v2\/pages\/1605\/revisions\/5776"}],"wp:attachment":[{"href":"https:\/\/pedrocasiano.es\/index.php?rest_route=%2Fwp%2Fv2%2Fmedia&parent=1605"}],"curies":[{"name":"wp","href":"https:\/\/api.w.org\/{rel}","templated":true}]}}