{"id":1601,"date":"2024-02-18T07:50:49","date_gmt":"2024-02-18T07:50:49","guid":{"rendered":"https:\/\/pedrocasiano.es\/?page_id=1601"},"modified":"2024-03-08T16:15:55","modified_gmt":"2024-03-08T16:15:55","slug":"historias-de-una-noche-cualquiera","status":"publish","type":"page","link":"https:\/\/pedrocasiano.es\/?page_id=1601","title":{"rendered":"Historias De Una Noche Cualquiera"},"content":{"rendered":"\n<figure class=\"wp-block-image alignleft size-large is-resized\"><img decoding=\"async\" width=\"1024\" height=\"960\" data-src=\"https:\/\/pedrocasiano.es\/wp-content\/uploads\/2024\/02\/170535377_3940650112660298_756917083968075745_n-1024x960.jpg\" alt=\"\" class=\"wp-image-3817 lazyload\" style=\"--smush-placeholder-width: 1024px; --smush-placeholder-aspect-ratio: 1024\/960;width:468px;height:auto\" src=\"data:image\/svg+xml;base64,PHN2ZyB3aWR0aD0iMSIgaGVpZ2h0PSIxIiB4bWxucz0iaHR0cDovL3d3dy53My5vcmcvMjAwMC9zdmciPjwvc3ZnPg==\" \/><\/figure>\n\n\n\n<p>Historias De Una Noche Cualquiera<\/p>\n\n\n\n<p>Es una historia de una noche, de como aparecen los fantasmas, en el sonido de Joe Gilmore Band, mientras toca \u201cTiempo de noche es le mejor tiempo\u201d, y quiz\u00e1s tenga raz\u00f3n, las noches han sido el refugio natural de los blues, del jazz, de la melancol\u00eda, de las confesiones de amor no correspondido contadas al o\u00eddo del silencio.<\/p>\n\n\n\n<p>Y la ventana se mueve al ritmo de un aire que no termina de calentar, y el sonido, m\u00e1s imaginado que audible, te <a><\/a>interrumpe la enso\u00f1aci\u00f3n, y te lleva a otra, con el humo del cigarro que te va a matar, pero que ahora mismo es la panacea de todos los remedios contra la resaca del desenga\u00f1o.<\/p>\n\n\n\n<p>Y la noche imperturbable sigue, continua con su letan\u00eda de silencios, mientras Joe continua con su guitarra, haciendo que suba y que baje el ritmo de tu coraz\u00f3n al soniquete de las pulsaciones de su guitarra.<\/p>\n\n\n\n<p>El vaho se aposenta en la ventana, se agarra a ella y quiere huir antes de que lo se\u00f1ales, lo llenes de algo que quiz\u00e1s pueda ser un coraz\u00f3n, o quien sabe que, por ello desaparece.<\/p>\n\n\n\n<p>El humo del cigarro, va hacia ti, intenta hacerte compa\u00f1\u00eda, te llama a que lo aprietes entre tus dedos y lo lleves a tus labios, y la mente se marcha hacia donde no quieres, y vuelve el recuerdo, su sonrisa, la brisa de un eterno amanecer, \u00a1y que oscura es la noche!, y sus dientes blancos, y su cabellera que se mece, ya no, sonr\u00edes, se mec\u00eda, ahora solo lo hace la ventana, golpeando con silencios. Apagas el cigarro, la noche comienza o acaba, \u00a1qu\u00e9 m\u00e1s da!, al final solo quedas t\u00fa, solo eso, sopo t\u00fa, y tu melancol\u00eda, Joe se fue, el cigarro se acab\u00f3, y el vaho ya no dibuja nada\u2026<\/p>\n\n\n\n<p><\/p>\n","protected":false},"excerpt":{"rendered":"<p>Historias De Una Noche Cualquiera Es una historia de una noche, de como aparecen los fantasmas, en el sonido de Joe Gilmore Band, mientras toca \u201cTiempo de noche es le mejor tiempo\u201d, y quiz\u00e1s tenga raz\u00f3n, las noches han sido el refugio natural de los blues, del jazz, de la melancol\u00eda, de las confesiones de &hellip; <\/p>\n<p class=\"link-more\"><a href=\"https:\/\/pedrocasiano.es\/?page_id=1601\" class=\"more-link\">Leer m\u00e1s<span class=\"screen-reader-text\"> \u00abHistorias De Una Noche Cualquiera\u00bb<\/span><\/a><\/p>\n","protected":false},"author":1,"featured_media":0,"parent":0,"menu_order":0,"comment_status":"closed","ping_status":"closed","template":"","meta":{"inspiro_hide_title":false,"footnotes":""},"class_list":["post-1601","page","type-page","status-publish","hentry"],"featured_media_urls":[],"_links":{"self":[{"href":"https:\/\/pedrocasiano.es\/index.php?rest_route=\/wp\/v2\/pages\/1601","targetHints":{"allow":["GET"]}}],"collection":[{"href":"https:\/\/pedrocasiano.es\/index.php?rest_route=\/wp\/v2\/pages"}],"about":[{"href":"https:\/\/pedrocasiano.es\/index.php?rest_route=\/wp\/v2\/types\/page"}],"author":[{"embeddable":true,"href":"https:\/\/pedrocasiano.es\/index.php?rest_route=\/wp\/v2\/users\/1"}],"replies":[{"embeddable":true,"href":"https:\/\/pedrocasiano.es\/index.php?rest_route=%2Fwp%2Fv2%2Fcomments&post=1601"}],"version-history":[{"count":3,"href":"https:\/\/pedrocasiano.es\/index.php?rest_route=\/wp\/v2\/pages\/1601\/revisions"}],"predecessor-version":[{"id":5775,"href":"https:\/\/pedrocasiano.es\/index.php?rest_route=\/wp\/v2\/pages\/1601\/revisions\/5775"}],"wp:attachment":[{"href":"https:\/\/pedrocasiano.es\/index.php?rest_route=%2Fwp%2Fv2%2Fmedia&parent=1601"}],"curies":[{"name":"wp","href":"https:\/\/api.w.org\/{rel}","templated":true}]}}