{"id":1597,"date":"2024-02-18T07:49:21","date_gmt":"2024-02-18T07:49:21","guid":{"rendered":"https:\/\/pedrocasiano.es\/?page_id=1597"},"modified":"2024-03-08T16:15:32","modified_gmt":"2024-03-08T16:15:32","slug":"se-me-olvido-que-te-olvide","status":"publish","type":"page","link":"https:\/\/pedrocasiano.es\/?page_id=1597","title":{"rendered":"Se Me Olvid\u00f3 Que Te Olvid\u00e9"},"content":{"rendered":"\n<figure class=\"wp-block-image alignleft size-large is-resized\"><img decoding=\"async\" width=\"1024\" height=\"960\" data-src=\"https:\/\/pedrocasiano.es\/wp-content\/uploads\/2024\/02\/173984099_3957620684296574_2044080652172614508_n-1024x960.jpg\" alt=\"\" class=\"wp-image-3815 lazyload\" style=\"--smush-placeholder-width: 1024px; --smush-placeholder-aspect-ratio: 1024\/960;width:431px;height:auto\" src=\"data:image\/svg+xml;base64,PHN2ZyB3aWR0aD0iMSIgaGVpZ2h0PSIxIiB4bWxucz0iaHR0cDovL3d3dy53My5vcmcvMjAwMC9zdmciPjwvc3ZnPg==\" \/><\/figure>\n\n\n\n<p>Se Me Olvid\u00f3 Que Te Olvid\u00e9<\/p>\n\n\n\n<p>Estoy escuchando \u201cSe me olvid\u00f3 que te olvid\u00e9\u201d, no es mi estilo, pero lo que tiene alma la tiene, el sentimiento que nace, que fluye con facilidad, es simple\u2026 y poderoso.<\/p>\n\n\n\n<p>No me gusta esa m\u00fasica, ese tipo, la mezcla de cubano y \u2026 ll\u00e1malo como quieras, hace algo especial, las teclas del piano de Bebo, siguen enamoradas de \u00e9l, y lo complacen como mejor saben, \u00bfQu\u00e9 decir de Cigala?, no me gusta, pero L\u00e1grimas Negras, es otra cosa, cambia, se enaltece, sube <a><\/a>al cielo de los que lloran con el alma dolorida, y te fascina, te pone el vello de punta, como si te lo contara, como si t\u00fa mismo lo contaras; porque, \u00bfQui\u00e9n no ha olvidado a alguien?, \u00bfQui\u00e9n no ha sido olvidado?, y la magia de un ser extra\u00f1o de larga melena te lo cuenta al o\u00eddo, y te duele el alma, porque recuerdas, porque en alg\u00fan momento\u2026<\/p>\n\n\n\n<p>Y la m\u00fasica sigue, el piano le llora a Cigala, y el cantante escoge lamentos profundos para expresar algo que te come por dentro, que te hizo sufrir, y que ahora sufres, \u00bfes magia?, si, extra\u00f1amente, se convierte en magia, y extra\u00f1amente para m\u00ed, hombre de canciones de idiomas extra\u00f1os, de ritmos distintos me hiere, y mi coraz\u00f3n se clava en la teclas del piano de Bebo, y ellas, siempre amantes del cubano, siempre repartiendo el sentimiento.<\/p>\n\n\n\n<p>Una a una, todas a la vez.<\/p>\n\n\n\n<p>Se me olvid\u00f3 que te olvid\u00e9.<\/p>\n\n\n\n<p>Pedro Casiano Gonz\u00e1lez Cuevas, nocturno en Quince de abril de 2021<\/p>\n","protected":false},"excerpt":{"rendered":"<p>Se Me Olvid\u00f3 Que Te Olvid\u00e9 Estoy escuchando \u201cSe me olvid\u00f3 que te olvid\u00e9\u201d, no es mi estilo, pero lo que tiene alma la tiene, el sentimiento que nace, que fluye con facilidad, es simple\u2026 y poderoso. No me gusta esa m\u00fasica, ese tipo, la mezcla de cubano y \u2026 ll\u00e1malo como quieras, hace algo &hellip; <\/p>\n<p class=\"link-more\"><a href=\"https:\/\/pedrocasiano.es\/?page_id=1597\" class=\"more-link\">Leer m\u00e1s<span class=\"screen-reader-text\"> \u00abSe Me Olvid\u00f3 Que Te Olvid\u00e9\u00bb<\/span><\/a><\/p>\n","protected":false},"author":1,"featured_media":0,"parent":0,"menu_order":0,"comment_status":"closed","ping_status":"closed","template":"","meta":{"inspiro_hide_title":false,"footnotes":""},"class_list":["post-1597","page","type-page","status-publish","hentry"],"featured_media_urls":[],"_links":{"self":[{"href":"https:\/\/pedrocasiano.es\/index.php?rest_route=\/wp\/v2\/pages\/1597","targetHints":{"allow":["GET"]}}],"collection":[{"href":"https:\/\/pedrocasiano.es\/index.php?rest_route=\/wp\/v2\/pages"}],"about":[{"href":"https:\/\/pedrocasiano.es\/index.php?rest_route=\/wp\/v2\/types\/page"}],"author":[{"embeddable":true,"href":"https:\/\/pedrocasiano.es\/index.php?rest_route=\/wp\/v2\/users\/1"}],"replies":[{"embeddable":true,"href":"https:\/\/pedrocasiano.es\/index.php?rest_route=%2Fwp%2Fv2%2Fcomments&post=1597"}],"version-history":[{"count":3,"href":"https:\/\/pedrocasiano.es\/index.php?rest_route=\/wp\/v2\/pages\/1597\/revisions"}],"predecessor-version":[{"id":5774,"href":"https:\/\/pedrocasiano.es\/index.php?rest_route=\/wp\/v2\/pages\/1597\/revisions\/5774"}],"wp:attachment":[{"href":"https:\/\/pedrocasiano.es\/index.php?rest_route=%2Fwp%2Fv2%2Fmedia&parent=1597"}],"curies":[{"name":"wp","href":"https:\/\/api.w.org\/{rel}","templated":true}]}}