{"id":1581,"date":"2024-02-18T07:40:47","date_gmt":"2024-02-18T07:40:47","guid":{"rendered":"https:\/\/pedrocasiano.es\/?page_id=1581"},"modified":"2024-03-08T16:10:15","modified_gmt":"2024-03-08T16:10:15","slug":"antinoticias-4","status":"publish","type":"page","link":"https:\/\/pedrocasiano.es\/?page_id=1581","title":{"rendered":"Antinoticias 4"},"content":{"rendered":"\n<figure class=\"wp-block-image alignleft size-large is-resized\"><img decoding=\"async\" width=\"1024\" height=\"720\" data-src=\"https:\/\/pedrocasiano.es\/wp-content\/uploads\/2024\/02\/arab-618749_1280-1024x720.jpg\" alt=\"\" class=\"wp-image-3809 lazyload\" style=\"--smush-placeholder-width: 1024px; --smush-placeholder-aspect-ratio: 1024\/720;width:406px;height:auto\" src=\"data:image\/svg+xml;base64,PHN2ZyB3aWR0aD0iMSIgaGVpZ2h0PSIxIiB4bWxucz0iaHR0cDovL3d3dy53My5vcmcvMjAwMC9zdmciPjwvc3ZnPg==\" \/><\/figure>\n\n\n\n<p>Antinoticias 4. Como Perder La Virginidad Anal.<\/p>\n\n\n\n<p>Los argelinos, m\u00e1s listos que nosotros, han roto relaciones diplom\u00e1ticas con Marruecos, que a pesar de todo, como buen comediante que es, les ofrece la mano, con la intenci\u00f3n de romperle la trasera, sus vecinos, m\u00e1s listos que nosotros, le han hecho la peseta, los conocen y saben de su falacia.<\/p>\n\n\n\n<p>Nosotros, pobres peninsulares que no escarmentamos, creemos que los arrogantes musulmanes del norte de \u00c1frica han cambiado a mejor, ni <a><\/a>mucho menos, las pol\u00edticas mezquinas, sibilinas y falta del mas m\u00ednimo rubor, pasan de padres a hijos, de tal manera, que un marroqu\u00ed sonriendo es se\u00f1al de que te la est\u00e1 metiendo.<\/p>\n\n\n\n<p>El nuevo diplom\u00e1tico, ha creado magia, que solo se lo cree \u00e9l y unos cuantos imb\u00e9ciles, que no se enteran de que la diplomacia tal como la entendemos, es zanjar un problema cercano, dejando una cat\u00e1strofe en poco tiempo, \u00bfC\u00f3mo?, hablando de Ceuta y Melilla, del reconocimiento de la ocupaci\u00f3n marroqu\u00ed del Sahara; de eso, no se habla, eso es lo que es, y el que piense otra cosa, a comprar drones, misiles y artiller\u00eda de campa\u00f1a, que se han vuelto muy valientes desde que han comprado lo mejorcito del mercado de armas, otra cosa es que sepan usarlo.<\/p>\n\n\n\n<p>Basta ya de que nos chuleen los del sur, que les den, siempre han sido, y si no cambian, lo ser\u00e1n siempre, los pedig\u00fce\u00f1os sonrientes que cuando te des la espada te coser\u00e1n a navajazos, que cansancio, aburren a cualquiera, son como las serpientes, pero untadas en grasa, que pena\u2026 no, no siento ninguna pena.<\/p>\n\n\n\n<p>Hay cosas que se pueden arreglar con diplomacia, no con la nuestra, pero al enano chulo del colegio, solo le valen, para que lo entienda, un buen par de hostias. No olvidemos nunca, que, pensemos lo que pensemos, nunca sabremos qu\u00e9 es lo que opinan del triunfo de los talibanes.<\/p>\n\n\n\n<p>Yo si lo s\u00e9, y por eso me da miedo que nos tomen por imb\u00e9ciles.<\/p>\n","protected":false},"excerpt":{"rendered":"<p>Antinoticias 4. Como Perder La Virginidad Anal. Los argelinos, m\u00e1s listos que nosotros, han roto relaciones diplom\u00e1ticas con Marruecos, que a pesar de todo, como buen comediante que es, les ofrece la mano, con la intenci\u00f3n de romperle la trasera, sus vecinos, m\u00e1s listos que nosotros, le han hecho la peseta, los conocen y saben &hellip; <\/p>\n<p class=\"link-more\"><a href=\"https:\/\/pedrocasiano.es\/?page_id=1581\" class=\"more-link\">Leer m\u00e1s<span class=\"screen-reader-text\"> \u00abAntinoticias 4\u00bb<\/span><\/a><\/p>\n","protected":false},"author":1,"featured_media":0,"parent":0,"menu_order":0,"comment_status":"closed","ping_status":"closed","template":"","meta":{"inspiro_hide_title":false,"footnotes":""},"class_list":["post-1581","page","type-page","status-publish","hentry"],"featured_media_urls":[],"_links":{"self":[{"href":"https:\/\/pedrocasiano.es\/index.php?rest_route=\/wp\/v2\/pages\/1581","targetHints":{"allow":["GET"]}}],"collection":[{"href":"https:\/\/pedrocasiano.es\/index.php?rest_route=\/wp\/v2\/pages"}],"about":[{"href":"https:\/\/pedrocasiano.es\/index.php?rest_route=\/wp\/v2\/types\/page"}],"author":[{"embeddable":true,"href":"https:\/\/pedrocasiano.es\/index.php?rest_route=\/wp\/v2\/users\/1"}],"replies":[{"embeddable":true,"href":"https:\/\/pedrocasiano.es\/index.php?rest_route=%2Fwp%2Fv2%2Fcomments&post=1581"}],"version-history":[{"count":3,"href":"https:\/\/pedrocasiano.es\/index.php?rest_route=\/wp\/v2\/pages\/1581\/revisions"}],"predecessor-version":[{"id":5766,"href":"https:\/\/pedrocasiano.es\/index.php?rest_route=\/wp\/v2\/pages\/1581\/revisions\/5766"}],"wp:attachment":[{"href":"https:\/\/pedrocasiano.es\/index.php?rest_route=%2Fwp%2Fv2%2Fmedia&parent=1581"}],"curies":[{"name":"wp","href":"https:\/\/api.w.org\/{rel}","templated":true}]}}