{"id":1573,"date":"2024-02-18T07:36:11","date_gmt":"2024-02-18T07:36:11","guid":{"rendered":"https:\/\/pedrocasiano.es\/?page_id=1573"},"modified":"2024-03-31T07:40:18","modified_gmt":"2024-03-31T07:40:18","slug":"antinoticias-2","status":"publish","type":"page","link":"https:\/\/pedrocasiano.es\/?page_id=1573","title":{"rendered":"Antinoticias 2"},"content":{"rendered":"\n<figure class=\"wp-block-image alignleft size-large is-resized\"><img decoding=\"async\" width=\"1024\" height=\"775\" data-src=\"https:\/\/pedrocasiano.es\/wp-content\/uploads\/2024\/02\/city-2444516_1280-1024x775.jpg\" alt=\"\" class=\"wp-image-3805 lazyload\" style=\"--smush-placeholder-width: 1024px; --smush-placeholder-aspect-ratio: 1024\/775;width:442px;height:auto\" src=\"data:image\/svg+xml;base64,PHN2ZyB3aWR0aD0iMSIgaGVpZ2h0PSIxIiB4bWxucz0iaHR0cDovL3d3dy53My5vcmcvMjAwMC9zdmciPjwvc3ZnPg==\" \/><\/figure>\n\n\n\n<p>Antinoticias 2. El Final del mundo tal como lo conoc\u00edamos.<\/p>\n\n\n\n<p>Pandemia, crisis, agon\u00eda financiera, de todo lo malo que pod\u00eda pasar, muchas de ellas han sucedido.<\/p>\n\n\n\n<p>Una quiz\u00e1s ha pasado desapercibida, el fin del mundo tal como lo conoc\u00edamos.<\/p>\n\n\n\n<p>\u00bfQu\u00e9 ha sucedido?, el amo del mundo ha cambiado, quiz\u00e1s por ideales, por sufrimiento, pero mucho me temo que por dinero; los americanos, que tanto nos quieren, han cedido su lugar al sol, se retiran del mundanal ruido para entrar de lleno en s\u00ed <a><\/a>mismos, esperamos que al final descubran que solo son unos oportunistas desalmados, como todos.<\/p>\n\n\n\n<p>Todo es Afganist\u00e1n, pero a la vez nada, es el \u00faltimo coleteo agonizante de alguien que teme al mundo, que teme que llamen a su puerta los nuevos amos, es decir al pacifico; ya lo dem\u00e1s, no importa, ni OTAN, ni los pa\u00edses \u00e1rabes, nada, solo sus barbas que est\u00e1n a punto de ser cortadas.<\/p>\n\n\n\n<p>La pregunta del mill\u00f3n, es \u00bfQui\u00e9n ocupar\u00e1 su puesto?, lo sabremos cuando el nuevo amo derroque al omnipotente D\u00f3lar, posiblemente sea el Yuan, quiz\u00e1s otro, aunque no lo creo, pero lo m\u00e1s importante, \u00bfQui\u00e9n tirar\u00e1 de nuestro collar?<\/p>\n\n\n\n<p><a href=\"https:\/\/www.facebook.com\/photo\/?fbid=4241076755959957&amp;set=a.1499679603433033&amp;__cft__[0]=AZXCFdSml-yKIn3n4Xc1lmIdkv1CbBBm30BVxlc_Jf63Va_lUW_VGZdaWxoKo-OdnkGYLMCDScUH0DOmIagjB7HHUKn2y2ckRrD3815A6MPA5U79h9KjYFV5OdK6JYD3WUCAgs1YVOhhPCbz1jyf6v7X0RzsHZ2Hk2v26zPfuIvBJQ&amp;__tn__=EH-R\"><\/a><\/p>\n\n\n\n<p><\/p>\n","protected":false},"excerpt":{"rendered":"<p>Antinoticias 2. El Final del mundo tal como lo conoc\u00edamos. Pandemia, crisis, agon\u00eda financiera, de todo lo malo que pod\u00eda pasar, muchas de ellas han sucedido. Una quiz\u00e1s ha pasado desapercibida, el fin del mundo tal como lo conoc\u00edamos. \u00bfQu\u00e9 ha sucedido?, el amo del mundo ha cambiado, quiz\u00e1s por ideales, por sufrimiento, pero mucho &hellip; <\/p>\n<p class=\"link-more\"><a href=\"https:\/\/pedrocasiano.es\/?page_id=1573\" class=\"more-link\">Leer m\u00e1s<span class=\"screen-reader-text\"> \u00abAntinoticias 2\u00bb<\/span><\/a><\/p>\n","protected":false},"author":1,"featured_media":0,"parent":0,"menu_order":0,"comment_status":"closed","ping_status":"closed","template":"","meta":{"inspiro_hide_title":false,"footnotes":""},"class_list":["post-1573","page","type-page","status-publish","hentry"],"featured_media_urls":[],"_links":{"self":[{"href":"https:\/\/pedrocasiano.es\/index.php?rest_route=\/wp\/v2\/pages\/1573","targetHints":{"allow":["GET"]}}],"collection":[{"href":"https:\/\/pedrocasiano.es\/index.php?rest_route=\/wp\/v2\/pages"}],"about":[{"href":"https:\/\/pedrocasiano.es\/index.php?rest_route=\/wp\/v2\/types\/page"}],"author":[{"embeddable":true,"href":"https:\/\/pedrocasiano.es\/index.php?rest_route=\/wp\/v2\/users\/1"}],"replies":[{"embeddable":true,"href":"https:\/\/pedrocasiano.es\/index.php?rest_route=%2Fwp%2Fv2%2Fcomments&post=1573"}],"version-history":[{"count":7,"href":"https:\/\/pedrocasiano.es\/index.php?rest_route=\/wp\/v2\/pages\/1573\/revisions"}],"predecessor-version":[{"id":6322,"href":"https:\/\/pedrocasiano.es\/index.php?rest_route=\/wp\/v2\/pages\/1573\/revisions\/6322"}],"wp:attachment":[{"href":"https:\/\/pedrocasiano.es\/index.php?rest_route=%2Fwp%2Fv2%2Fmedia&parent=1573"}],"curies":[{"name":"wp","href":"https:\/\/api.w.org\/{rel}","templated":true}]}}